{"id":12259,"date":"2018-08-11T03:14:48","date_gmt":"2018-08-11T01:14:48","guid":{"rendered":"http:\/\/klubmamgdynia.pl\/index.php\/produkt\/simba-simba-lalka-steffi-love-kevin-w-letnim-stroju-brunet-uniwersalny\/"},"modified":"2026-04-06T11:40:30","modified_gmt":"2026-04-06T09:40:30","slug":"simba-simba-lalka-steffi-love-kevin-w-letnim-stroju-brunet-uniwersalny","status":"publish","type":"product","link":"http:\/\/klubmamgdynia.pl\/index.php\/produkt\/simba-simba-lalka-steffi-love-kevin-w-letnim-stroju-brunet-uniwersalny\/","title":{"rendered":"Simba Simba Lalka Steffi Love Kevin w letnim stroju brunet uniwersalny"},"content":{"rendered":"<p>Lalka Kevin brunet w letnim stroju, od marki Simba, z pewno\u015bci\u0105 b\u0119dzie idealnym uzupe\u0142nieniem lalek z serii Steffi Love.Charakterystyka:- Produkt z serii Steffi Love.- Kevin ubrany jest w letni str\u00f3j sk\u0142adaj\u0105cy si\u0119 z granatowych but\u00f3w, bia\u0142o granatowej koszulki oraz be\u017cowych spodni.Simba Toys Polska jest sp\u00f3\u0142k\u0105 nale\u017c\u0105c\u0105 do niemieckiego koncernu Simba Dickie Group. Grupa Simba &amp; Dickie jest jednym z pi\u0119ciu najwi\u0119kszych w Europie producent\u00f3w i dystrybutor\u00f3w zabawek takich jak: lalki, samochody, zabawki interaktywne i wiele innych. Naszym priorytetem jest dbanie o wysok\u0105 jako\u015b\u0107 zabawek. Zalety naszych produkt\u00f3w pozna\u0142y dzieci na ca\u0142ym \u015bwiecie.<\/p>\n<h2>Simba Simba Lalka Steffi Love Kevin w letnim stroju brunet uniwersalny Simba<\/h2>\n<p>kwiaty polne nazwy, janusz, podchwytliwe zagadki matematyczne, kolorowanki wed\u0142ug kodu do druku, opowiadanie o miko\u0142aju dla przedszkolak\u00f3w, cytaty ma\u0142y ksi\u0105\u017ce, ma\u0142y ksi\u0105\u017c\u0119 cytaty o mi\u0142o\u015bci, quiz bo\u017ce narodzenie, alan znaczenie imienia, koty rysunki<\/p>\n<p>yyyyy<\/p>\n<p>&nbsp;<\/p>\n","protected":false},"excerpt":{"rendered":"<p>Lalka Kevin brunet w letnim stroju, od marki Simba, z pewno\u015bci\u0105 b\u0119dzie idealnym uzupe\u0142nieniem lalek z serii Steffi Love.Charakterystyka:- Produkt z serii Steffi Love.- Kevin ubrany jest w letni str\u00f3j sk\u0142adaj\u0105cy si\u0119 z granatowych but\u00f3w, bia\u0142o granatowej koszulki oraz be\u017cowych spodni.Simba Toys Polska jest sp\u00f3\u0142k\u0105 nale\u017c\u0105c\u0105 do niemieckiego koncernu Simba Dickie Group. Grupa Simba &amp; [&hellip;]<\/p>\n","protected":false},"featured_media":12260,"comment_status":"closed","ping_status":"open","template":"","meta":[],"product_cat":[65,279],"product_tag":[818,665,576],"class_list":["post-12259","product","type-product","status-publish","has-post-thumbnail","hentry","product_cat-lalki","product_cat-simba","product_tag-oliwier","product_tag-proste-zagadki","product_tag-trudne-zagadki"],"_links":{"self":[{"href":"http:\/\/klubmamgdynia.pl\/index.php\/wp-json\/wp\/v2\/product\/12259","targetHints":{"allow":["GET"]}}],"collection":[{"href":"http:\/\/klubmamgdynia.pl\/index.php\/wp-json\/wp\/v2\/product"}],"about":[{"href":"http:\/\/klubmamgdynia.pl\/index.php\/wp-json\/wp\/v2\/types\/product"}],"replies":[{"embeddable":true,"href":"http:\/\/klubmamgdynia.pl\/index.php\/wp-json\/wp\/v2\/comments?post=12259"}],"wp:featuredmedia":[{"embeddable":true,"href":"http:\/\/klubmamgdynia.pl\/index.php\/wp-json\/wp\/v2\/media\/12260"}],"wp:attachment":[{"href":"http:\/\/klubmamgdynia.pl\/index.php\/wp-json\/wp\/v2\/media?parent=12259"}],"wp:term":[{"taxonomy":"product_cat","embeddable":true,"href":"http:\/\/klubmamgdynia.pl\/index.php\/wp-json\/wp\/v2\/product_cat?post=12259"},{"taxonomy":"product_tag","embeddable":true,"href":"http:\/\/klubmamgdynia.pl\/index.php\/wp-json\/wp\/v2\/product_tag?post=12259"}],"curies":[{"name":"wp","href":"https:\/\/api.w.org\/{rel}","templated":true}]}}