{"id":1226,"date":"2017-09-17T06:30:07","date_gmt":"2017-09-17T04:30:07","guid":{"rendered":"http:\/\/klubmamgdynia.pl\/index.php\/produkt\/astromedia-luneta-galileusza-do-samodzielnego-montazu\/"},"modified":"2026-05-02T18:57:35","modified_gmt":"2026-05-02T16:57:35","slug":"astromedia-luneta-galileusza-do-samodzielnego-montazu","status":"publish","type":"product","link":"http:\/\/klubmamgdynia.pl\/index.php\/produkt\/astromedia-luneta-galileusza-do-samodzielnego-montazu\/","title":{"rendered":"Astromedia Luneta Galileusza Do Samodzielnego Monta\u017cu"},"content":{"rendered":"<p>Dwie soczewki po\u0142\u0105czone tekturow\u0105 tub\u0105: tak \u0142atwo zbudowa\u0107 teleskop!Luneta Galileusza to pierwsza lornetka teatralna i pierwszy instrument optyczny u\u017cyty do obserwacji astronomicznych. Prosta budowa i nieodwr\u00f3cony obraz to niew\u0105tpliwe zalety tej konstrukcji.Ten zestaw umo\u017cliwi Ci budow\u0119 ma\u0142ego teleskopu o a\u017c 10-krotnym powi\u0119kszeniu daj\u0105cego prawdziwy (nieodwr\u00f3cony) obraz. Dzi\u0119ki wst\u0119pnie wyci\u0119tym elementom ju\u017c po oko\u0142o 20 minutach b\u0119dziesz m\u00f3g\u0142 si\u0119 cieszy\u0107 lunet\u0105 opart\u0105 na zasadzie dzia\u0142ania pierwszych teleskop\u00f3w skonstruowanych na pocz\u0105tku XVII wieku.Kupuj\u0105c ten zestaw w komplecie z Ma\u0142ym teleskopem Keplera, b\u0119dziesz m\u00f3g\u0142 por\u00f3wna\u0107 budow\u0119 i dzia\u0142anie dw\u00f3ch r\u00f3\u017cnych konstrukcji teleskop\u00f3w. Pozwoli ci to na poznanie zalet i ogranicze\u0144 konstrukcji Galileusza, kt\u00f3r\u0105 reprezentuje ten zestaw.Wymiary po z\u0142o\u017ceniu: \u015brednica ok. 4 cm; d\u0142ugo\u015b\u0107 ok. 23 cmZawarto\u015b\u0107 zestawu:2 arkusze kartonu zawieraj\u0105ce elementy do budowy teleskopu2 soczewki akrylowe OptiMedia nr 1 ( f = -35 mm) oraz nr 9 (f +225 mm)polskoj\u0119zyczna instrukcja<\/p>\n<h2>Astromedia Luneta Galileusza Do Samodzielnego Monta\u017cu <\/h2>\n<p>zagadki walentynkowe, akademia pana kleksa test do druku, \u015bwinka peppa kolorowanka, marianna, kolorowanki my little pony, co kupi\u0107 dziecku na roczek, zabawki na roczek dla dziewczynki, 1 listopada dzie\u0144 wszystkich \u015bwi\u0119tych kolorowanki, prezenty dla nastolatka, prezent na roczek dla ch\u0142opca, melania imi\u0119, lukrecja imi\u0119, smok wawelski bajka, linda, bajki do czytania, bajki dla ch\u0142opc\u00f3w do czytania, imi\u0119 dla dziewczynki 2019, zaj\u0119cia dla nastolatk\u00f3w<\/p>\n<p>yyyyy<\/p>\n<p>&nbsp;<\/p>\n","protected":false},"excerpt":{"rendered":"<p>Dwie soczewki po\u0142\u0105czone tekturow\u0105 tub\u0105: tak \u0142atwo zbudowa\u0107 teleskop!Luneta Galileusza to pierwsza lornetka teatralna i pierwszy instrument optyczny u\u017cyty do obserwacji astronomicznych. Prosta budowa i nieodwr\u00f3cony obraz to niew\u0105tpliwe zalety tej konstrukcji.Ten zestaw umo\u017cliwi Ci budow\u0119 ma\u0142ego teleskopu o a\u017c 10-krotnym powi\u0119kszeniu daj\u0105cego prawdziwy (nieodwr\u00f3cony) obraz. Dzi\u0119ki wst\u0119pnie wyci\u0119tym elementom ju\u017c po oko\u0142o 20 minutach [&hellip;]<\/p>\n","protected":false},"featured_media":1227,"comment_status":"closed","ping_status":"open","template":"","meta":[],"product_cat":[295],"product_tag":[831,583,724,820],"class_list":["post-1226","product","type-product","status-publish","has-post-thumbnail","hentry","product_cat-pozostale-zabawki","product_tag-bruno","product_tag-kolysanki-dla-dzieci-tekst","product_tag-zagadki-podchwytliwe","product_tag-ziemia-wyspa-zielona-tekst"],"_links":{"self":[{"href":"http:\/\/klubmamgdynia.pl\/index.php\/wp-json\/wp\/v2\/product\/1226","targetHints":{"allow":["GET"]}}],"collection":[{"href":"http:\/\/klubmamgdynia.pl\/index.php\/wp-json\/wp\/v2\/product"}],"about":[{"href":"http:\/\/klubmamgdynia.pl\/index.php\/wp-json\/wp\/v2\/types\/product"}],"replies":[{"embeddable":true,"href":"http:\/\/klubmamgdynia.pl\/index.php\/wp-json\/wp\/v2\/comments?post=1226"}],"wp:featuredmedia":[{"embeddable":true,"href":"http:\/\/klubmamgdynia.pl\/index.php\/wp-json\/wp\/v2\/media\/1227"}],"wp:attachment":[{"href":"http:\/\/klubmamgdynia.pl\/index.php\/wp-json\/wp\/v2\/media?parent=1226"}],"wp:term":[{"taxonomy":"product_cat","embeddable":true,"href":"http:\/\/klubmamgdynia.pl\/index.php\/wp-json\/wp\/v2\/product_cat?post=1226"},{"taxonomy":"product_tag","embeddable":true,"href":"http:\/\/klubmamgdynia.pl\/index.php\/wp-json\/wp\/v2\/product_tag?post=1226"}],"curies":[{"name":"wp","href":"https:\/\/api.w.org\/{rel}","templated":true}]}}