{"id":12265,"date":"2016-07-08T20:19:47","date_gmt":"2016-07-08T18:19:47","guid":{"rendered":"http:\/\/klubmamgdynia.pl\/index.php\/produkt\/janod-ukladanka-drewniana-piramida-rybki\/"},"modified":"2026-05-17T21:10:35","modified_gmt":"2026-05-17T19:10:35","slug":"janod-ukladanka-drewniana-piramida-rybki","status":"publish","type":"product","link":"http:\/\/klubmamgdynia.pl\/index.php\/produkt\/janod-ukladanka-drewniana-piramida-rybki\/","title":{"rendered":"Janod Uk\u0142adanka Drewniana Piramida Rybki"},"content":{"rendered":"<p>Drewniana piramida Rybki francuskiej marki JANOD to doskona\u0142y wst\u0119p do nauki liczenia. Klocki o geometrycznych kszta\u0142tach z buziami i ogonkami rybek mo\u017cna uk\u0142ada\u0107 na drewnianej podstawce w 4 piramidy na dr\u0105\u017ckach \u2013 wed\u0142ug kolor\u00f3w, kszta\u0142t\u00f3w i ilo\u015bci dr\u0105\u017ck\u00f3w, odpowiadaj\u0105cej ilo\u015bci otwor\u00f3w w rybkach. Zabawka rozwija u dziecka wiele kluczowych umiej\u0119tno\u015bci, m.in. liczenia do 4, rozr\u00f3\u017cniania i dopasowywania kolor\u00f3w i kszta\u0142t\u00f3w, a tak\u017ce koncentracji i spostrzegawczo\u015bci.Piramida zaprojektowana we Francji. Zapakowana jest w estetyczne kartonowe pude\u0142ko. Idealnie nadaje si\u0119 na prezent.kategoria: zabawki edukacyjneindeks: J05333producent: Janodwiek: 18-36 mliczba element\u00f3w: 11materia\u0142: drewnodesign: Francjawymiary produktu: 32,4 x 8,1 x 6 cmwaga produktu: 0,49 kgwymiary opakowania: 33,5 x 67 x 12 cmbezpiecze\u0144stwo i jako\u015b\u0107: EN71-1; EN71-2, EN71-3; REACHJanod od 1970 roku niezmiennie projektuje zabawki, \u0142\u0105cz\u0105ce innowacyjno\u015b\u0107 z francuskim designem i najwy\u017csz\u0105 jako\u015bci\u0105. Unikalne produkty Janod tworzone s\u0105 z drewna i innych solidnych, trwa\u0142ych materia\u0142\u00f3w, a przede wszystkim \u2013 z dzieci\u0119cych marze\u0144! Janod \u2013 JUST PLAYGwarancja 12 miesi\u0119cy.Drewniana piramida Rybki francuskiej marki JANOD to doskona\u0142y wst\u0119p do nauki liczenia. Klocki o geometrycznych kszta\u0142tach z buziami i ogonkami rybek mo\u017cna uk\u0142ada\u0107 na drewnianej podstawce.Agito: takKod Producenta: 3700217353339seria: Zestawy i kolejki drewniane<\/p>\n<h2>Janod Uk\u0142adanka Drewniana Piramida Rybki Janod<\/h2>\n<p>ju\u017c blisko kol\u0119da tekst, wiosenne zagadki dla dzieci, zabawa dla 7 latka, tajemniczy ogr\u00f3d test z odpowiedziami, test z lektury dzieci z bullerbyn, list do gwiazdora<\/p>\n<p>yyyyy<\/p>\n<p>&nbsp;<\/p>\n","protected":false},"excerpt":{"rendered":"<p>Drewniana piramida Rybki francuskiej marki JANOD to doskona\u0142y wst\u0119p do nauki liczenia. Klocki o geometrycznych kszta\u0142tach z buziami i ogonkami rybek mo\u017cna uk\u0142ada\u0107 na drewnianej podstawce w 4 piramidy na dr\u0105\u017ckach \u2013 wed\u0142ug kolor\u00f3w, kszta\u0142t\u00f3w i ilo\u015bci dr\u0105\u017ck\u00f3w, odpowiadaj\u0105cej ilo\u015bci otwor\u00f3w w rybkach. Zabawka rozwija u dziecka wiele kluczowych umiej\u0119tno\u015bci, m.in. liczenia do 4, rozr\u00f3\u017cniania [&hellip;]<\/p>\n","protected":false},"featured_media":12266,"comment_status":"closed","ping_status":"open","template":"","meta":[],"product_cat":[557,99],"product_tag":[603,761,586,778],"class_list":["post-12265","product","type-product","status-publish","has-post-thumbnail","hentry","product_cat-janod","product_cat-zabawki-ekologiczne","product_tag-bajki-do-czytania","product_tag-choinko-piekna-jak-las-tekst","product_tag-smieszne-zagadki","product_tag-zabawki-na-roczek-dla-chlopca"],"_links":{"self":[{"href":"http:\/\/klubmamgdynia.pl\/index.php\/wp-json\/wp\/v2\/product\/12265","targetHints":{"allow":["GET"]}}],"collection":[{"href":"http:\/\/klubmamgdynia.pl\/index.php\/wp-json\/wp\/v2\/product"}],"about":[{"href":"http:\/\/klubmamgdynia.pl\/index.php\/wp-json\/wp\/v2\/types\/product"}],"replies":[{"embeddable":true,"href":"http:\/\/klubmamgdynia.pl\/index.php\/wp-json\/wp\/v2\/comments?post=12265"}],"wp:featuredmedia":[{"embeddable":true,"href":"http:\/\/klubmamgdynia.pl\/index.php\/wp-json\/wp\/v2\/media\/12266"}],"wp:attachment":[{"href":"http:\/\/klubmamgdynia.pl\/index.php\/wp-json\/wp\/v2\/media?parent=12265"}],"wp:term":[{"taxonomy":"product_cat","embeddable":true,"href":"http:\/\/klubmamgdynia.pl\/index.php\/wp-json\/wp\/v2\/product_cat?post=12265"},{"taxonomy":"product_tag","embeddable":true,"href":"http:\/\/klubmamgdynia.pl\/index.php\/wp-json\/wp\/v2\/product_tag?post=12265"}],"curies":[{"name":"wp","href":"https:\/\/api.w.org\/{rel}","templated":true}]}}