{"id":12267,"date":"2019-11-26T15:43:56","date_gmt":"2019-11-26T14:43:56","guid":{"rendered":"http:\/\/klubmamgdynia.pl\/index.php\/produkt\/fehn-termofor-z-pestkami-wisni-sowa-sleeping-forest\/"},"modified":"2026-04-26T20:22:25","modified_gmt":"2026-04-26T18:22:25","slug":"fehn-termofor-z-pestkami-wisni-sowa-sleeping-forest","status":"publish","type":"product","link":"http:\/\/klubmamgdynia.pl\/index.php\/produkt\/fehn-termofor-z-pestkami-wisni-sowa-sleeping-forest\/","title":{"rendered":"Fehn Termofor z pestkami wi\u015bni Sowa Sleeping Forest"},"content":{"rendered":"<p>Termofor ukoi drobne bol\u0105czki dziecka. Ciep\u0142y termofor koi b\u00f3l brzucha i napi\u0119cie mi\u0119\u015bni. Praktyczne rozwi\u0105zanie co dnia. Zimny termofor pomaga przy uk\u0142uciach owad\u00f3w, lekkich oparzeniach s\u0142onecznych oraz b\u00f3lach g\u0142owy. Szczeg\u00f3\u0142y: \u2022 Nr kat.: 071474 \u2022 wielko\u015b\u0107: ok. 20 cm \u2022 Materia\u0142: 58% bawe\u0142na, 41% poliester, 1% elastan \u2022 Zdejmowany pokrowiec z mo\u017cliwo\u015bci\u0105 prania w temp. 30 stopni.<\/p>\n<h2>Fehn Termofor z pestkami wi\u015bni Sowa Sleeping Forest Fehn<\/h2>\n<p>krzy\u017c\u00f3wki dla dzieci do druku, radiowe nuty niech zyja wakacje, rodzina sentencja, m.i.a., bajka o dinozaurach do czytania, pierniki na bo\u017ce narodzenie, zabawy ruchowe dla dzieci, zadania dla 7 latka do druku, prima aprilis zarty, bezpieczne kosmetyki do makija\u017cu dla dzieci, kolorowanki lol, kotek kolorowanka do druku, prezent dla m\u0142odzie\u017cy<\/p>\n<p>yyyyy<\/p>\n<p>&nbsp;<\/p>\n","protected":false},"excerpt":{"rendered":"<p>Termofor ukoi drobne bol\u0105czki dziecka. Ciep\u0142y termofor koi b\u00f3l brzucha i napi\u0119cie mi\u0119\u015bni. Praktyczne rozwi\u0105zanie co dnia. Zimny termofor pomaga przy uk\u0142uciach owad\u00f3w, lekkich oparzeniach s\u0142onecznych oraz b\u00f3lach g\u0142owy. Szczeg\u00f3\u0142y: \u2022 Nr kat.: 071474 \u2022 wielko\u015b\u0107: ok. 20 cm \u2022 Materia\u0142: 58% bawe\u0142na, 41% poliester, 1% elastan \u2022 Zdejmowany pokrowiec z mo\u017cliwo\u015bci\u0105 prania w temp. [&hellip;]<\/p>\n","protected":false},"featured_media":12268,"comment_status":"closed","ping_status":"open","template":"","meta":[],"product_cat":[44,2111],"product_tag":[851,753,749,855],"class_list":["post-12267","product","type-product","status-publish","has-post-thumbnail","hentry","product_cat-fehn","product_cat-termofory","product_tag-jak-narysowac-kota","product_tag-kamila","product_tag-najlepsze-zarty-na-prima-aprilis","product_tag-nietypowe-imiona-zenskie"],"_links":{"self":[{"href":"http:\/\/klubmamgdynia.pl\/index.php\/wp-json\/wp\/v2\/product\/12267","targetHints":{"allow":["GET"]}}],"collection":[{"href":"http:\/\/klubmamgdynia.pl\/index.php\/wp-json\/wp\/v2\/product"}],"about":[{"href":"http:\/\/klubmamgdynia.pl\/index.php\/wp-json\/wp\/v2\/types\/product"}],"replies":[{"embeddable":true,"href":"http:\/\/klubmamgdynia.pl\/index.php\/wp-json\/wp\/v2\/comments?post=12267"}],"wp:featuredmedia":[{"embeddable":true,"href":"http:\/\/klubmamgdynia.pl\/index.php\/wp-json\/wp\/v2\/media\/12268"}],"wp:attachment":[{"href":"http:\/\/klubmamgdynia.pl\/index.php\/wp-json\/wp\/v2\/media?parent=12267"}],"wp:term":[{"taxonomy":"product_cat","embeddable":true,"href":"http:\/\/klubmamgdynia.pl\/index.php\/wp-json\/wp\/v2\/product_cat?post=12267"},{"taxonomy":"product_tag","embeddable":true,"href":"http:\/\/klubmamgdynia.pl\/index.php\/wp-json\/wp\/v2\/product_tag?post=12267"}],"curies":[{"name":"wp","href":"https:\/\/api.w.org\/{rel}","templated":true}]}}