{"id":12271,"date":"2019-06-17T08:10:05","date_gmt":"2019-06-17T06:10:05","guid":{"rendered":"http:\/\/klubmamgdynia.pl\/index.php\/produkt\/anex-parasol-do-wozka-szary\/"},"modified":"2026-05-17T22:12:43","modified_gmt":"2026-05-17T20:12:43","slug":"anex-parasol-do-wozka-szary","status":"publish","type":"product","link":"http:\/\/klubmamgdynia.pl\/index.php\/produkt\/anex-parasol-do-wozka-szary\/","title":{"rendered":"Anex Parasol Do W\u00f3zka Szary"},"content":{"rendered":"<h2>Anex Parasol Do W\u00f3zka Szary Anex<\/h2>\n<p>cytaty na dzie\u0144 edukacji narodowej, szablon zaproszenia na urodziny do wydruku czarno bia\u0142e, stolice europy quiz, quiz felix net i nika oraz gang niewidzialnych ludzi, pomys\u0142 na prezent na roczek, mega trudne zagadki logiczne, cytat na dzie\u0144 matki, kolorowanka europa, pomys\u0142y na roczek, peppa kolorowanka, quiz dzieci z bullerbyn, maski karnawa\u0142owe do druku, zagadki dla dzieci z odpowiedziami, zagadki logiczne, el\u017cbieta imi\u0119<\/p>\n<p>yyyyy<\/p>\n<p>&nbsp;<\/p>\n","protected":false},"excerpt":{"rendered":"<p>Anex Parasol Do W\u00f3zka Szary Anex cytaty na dzie\u0144 edukacji narodowej, szablon zaproszenia na urodziny do wydruku czarno bia\u0142e, stolice europy quiz, quiz felix net i nika oraz gang niewidzialnych ludzi, pomys\u0142 na prezent na roczek, mega trudne zagadki logiczne, cytat na dzie\u0144 matki, kolorowanka europa, pomys\u0142y na roczek, peppa kolorowanka, quiz dzieci z bullerbyn, [&hellip;]<\/p>\n","protected":false},"featured_media":12272,"comment_status":"closed","ping_status":"open","template":"","meta":[],"product_cat":[127,1455],"product_tag":[648,828,706,583,773,597],"class_list":["post-12271","product","type-product","status-publish","has-post-thumbnail","hentry","product_cat-akcesoria-do-wozkow","product_cat-anex","product_tag-dobrej-nocy-i-sza","product_tag-filmy-wigilijne-dla-dzieci","product_tag-imie-kuba","product_tag-kolysanki-dla-dzieci-tekst","product_tag-test-z-lektury-opowiesci-z-narnii-lew-czarownica-i-stara-szafa","product_tag-zagadki-o-zimie"],"_links":{"self":[{"href":"http:\/\/klubmamgdynia.pl\/index.php\/wp-json\/wp\/v2\/product\/12271","targetHints":{"allow":["GET"]}}],"collection":[{"href":"http:\/\/klubmamgdynia.pl\/index.php\/wp-json\/wp\/v2\/product"}],"about":[{"href":"http:\/\/klubmamgdynia.pl\/index.php\/wp-json\/wp\/v2\/types\/product"}],"replies":[{"embeddable":true,"href":"http:\/\/klubmamgdynia.pl\/index.php\/wp-json\/wp\/v2\/comments?post=12271"}],"wp:featuredmedia":[{"embeddable":true,"href":"http:\/\/klubmamgdynia.pl\/index.php\/wp-json\/wp\/v2\/media\/12272"}],"wp:attachment":[{"href":"http:\/\/klubmamgdynia.pl\/index.php\/wp-json\/wp\/v2\/media?parent=12271"}],"wp:term":[{"taxonomy":"product_cat","embeddable":true,"href":"http:\/\/klubmamgdynia.pl\/index.php\/wp-json\/wp\/v2\/product_cat?post=12271"},{"taxonomy":"product_tag","embeddable":true,"href":"http:\/\/klubmamgdynia.pl\/index.php\/wp-json\/wp\/v2\/product_tag?post=12271"}],"curies":[{"name":"wp","href":"https:\/\/api.w.org\/{rel}","templated":true}]}}