{"id":12273,"date":"2017-03-29T08:53:01","date_gmt":"2017-03-29T06:53:01","guid":{"rendered":"http:\/\/klubmamgdynia.pl\/index.php\/produkt\/simba-pj-maski-turbo-robota-sowa\/"},"modified":"2026-05-17T22:32:23","modified_gmt":"2026-05-17T20:32:23","slug":"simba-pj-maski-turbo-robota-sowa","status":"publish","type":"product","link":"http:\/\/klubmamgdynia.pl\/index.php\/produkt\/simba-pj-maski-turbo-robota-sowa\/","title":{"rendered":"Simba PJ Maski Turbo Robota Sowa"},"content":{"rendered":"<p>PROMOCJA &#8211; DARMOWA DOSTAWA ! &#8211; Simba PJ Masks Turbo Robot Owlette &#8211; 109402465 &#8211; PACZKOMAT, POCZTA, KURIER<\/p>\n<h2>Simba PJ Maski Turbo Robota Sowa Simba<\/h2>\n<p>dobranoc zimowo, podchwytliwe zagadki z odpowiedziami, zyczenia walentynkowe dla dzieci, prima aprilis zarty, testy ma\u0142y ksi\u0105\u017ce, prezent dla 15 latki, wz\u00f3r drzewo genealogiczne szablon do wydruku, piosenki dla dzieci tekst, opowie\u015bci z narni test, co kupi\u0107 na roczek dla dziewczynki, asiunia &#8211; test z lektury pdf, rysunek kota, jak narysowa\u0107 kr\u00f3lika, \u0142amig\u0142\u00f3wki dla dzieci, jak narysowa\u0107, markowa, wakacje kolorowanka, kolorowanka traktor, nastolatka<\/p>\n<p>yyyyy<\/p>\n<p>&nbsp;<\/p>\n","protected":false},"excerpt":{"rendered":"<p>PROMOCJA &#8211; DARMOWA DOSTAWA ! &#8211; Simba PJ Masks Turbo Robot Owlette &#8211; 109402465 &#8211; PACZKOMAT, POCZTA, KURIER Simba PJ Maski Turbo Robota Sowa Simba dobranoc zimowo, podchwytliwe zagadki z odpowiedziami, zyczenia walentynkowe dla dzieci, prima aprilis zarty, testy ma\u0142y ksi\u0105\u017ce, prezent dla 15 latki, wz\u00f3r drzewo genealogiczne szablon do wydruku, piosenki dla dzieci tekst, [&hellip;]<\/p>\n","protected":false},"featured_media":12274,"comment_status":"closed","ping_status":"open","template":"","meta":[],"product_cat":[95,279],"product_tag":[617,731,751,634],"class_list":["post-12273","product","type-product","status-publish","has-post-thumbnail","hentry","product_cat-figurki-makiety-i-zestawy","product_cat-simba","product_tag-keyword","product_tag-maly-ksiaze-cytaty","product_tag-psi-patrol-kolorowanka","product_tag-zagadki-wielkanocne-dla-dzieci"],"_links":{"self":[{"href":"http:\/\/klubmamgdynia.pl\/index.php\/wp-json\/wp\/v2\/product\/12273","targetHints":{"allow":["GET"]}}],"collection":[{"href":"http:\/\/klubmamgdynia.pl\/index.php\/wp-json\/wp\/v2\/product"}],"about":[{"href":"http:\/\/klubmamgdynia.pl\/index.php\/wp-json\/wp\/v2\/types\/product"}],"replies":[{"embeddable":true,"href":"http:\/\/klubmamgdynia.pl\/index.php\/wp-json\/wp\/v2\/comments?post=12273"}],"wp:featuredmedia":[{"embeddable":true,"href":"http:\/\/klubmamgdynia.pl\/index.php\/wp-json\/wp\/v2\/media\/12274"}],"wp:attachment":[{"href":"http:\/\/klubmamgdynia.pl\/index.php\/wp-json\/wp\/v2\/media?parent=12273"}],"wp:term":[{"taxonomy":"product_cat","embeddable":true,"href":"http:\/\/klubmamgdynia.pl\/index.php\/wp-json\/wp\/v2\/product_cat?post=12273"},{"taxonomy":"product_tag","embeddable":true,"href":"http:\/\/klubmamgdynia.pl\/index.php\/wp-json\/wp\/v2\/product_tag?post=12273"}],"curies":[{"name":"wp","href":"https:\/\/api.w.org\/{rel}","templated":true}]}}