{"id":12275,"date":"2014-11-11T17:38:03","date_gmt":"2014-11-11T16:38:03","guid":{"rendered":"http:\/\/klubmamgdynia.pl\/index.php\/produkt\/la-millou-shopper-bag-z-kieszonka-sheela-stripes\/"},"modified":"2026-04-04T18:00:22","modified_gmt":"2026-04-04T16:00:22","slug":"la-millou-shopper-bag-z-kieszonka-sheela-stripes","status":"publish","type":"product","link":"http:\/\/klubmamgdynia.pl\/index.php\/produkt\/la-millou-shopper-bag-z-kieszonka-sheela-stripes\/","title":{"rendered":"La Millou Shopper Bag Z Kieszonk\u0105 Sheela Stripes"},"content":{"rendered":"<p>SHOPPER BAG &#8211; WOREKSNOWFLAKE SHEELA STRIPESMega pojemna i por\u0119czna torba Shopper Bag, teraz w udoskonalonej wersji. Pomie\u015bci wszystko co tylko chcesz, a nawet wi\u0119cej. Jest niezwykle lekka, a po z\u0142o\u017ceniu zajmuje bardzo ma\u0142o miejsca.Nowa torba Shopper Bag posiada teraz praktyczn\u0105 kiesze\u0144 wewn\u0119trzn\u0105 zapinan\u0105 na nap\u0119, a g\u00f3r\u0119 torby mo\u017cna \u015bci\u0105gn\u0105\u0107 za pomoc\u0105 sznurka. Wszyte na bokach k\u00f3\u0142ka umo\u017cliwiaj\u0105 zapi\u0119cie torby na zaczepach do w\u00f3zka.Torba szyta jest r\u0119cznie z szybkoschn\u0105cej i plamoodpornej tkaniny poliestrowej &#8211; zabrudzone miejsce wystarczy przetrze\u0107 szmatk\u0105\/r\u0119cznikiem papierowym. Kolorowe nadruki we wzorach z naszych najnowszych kolekcji nie pozostawi\u0105 nikogo oboj\u0119tnym.Torba \u015bwietnie si\u0119 sprawdzi na zakupy i na pla\u017c\u0119, mo\u017ce by\u0107 noszona na ramieniu i przyczepiana do w\u00f3zka!Ozdobiona serduszkiem-przywieszk\u0105.<\/p>\n<h2>La Millou Shopper Bag Z Kieszonk\u0105 Sheela Stripes La Millou<\/h2>\n<p>jak narysowa\u0107, prezent dla rocznego ch\u0142opca, ju\u017c blisko kol\u0119da tekst, kolorowanki star wars, nadia, kolorowanki dla ch\u0142opc\u00f3w do druku<\/p>\n<p>yyyyy<\/p>\n<p>&nbsp;<\/p>\n","protected":false},"excerpt":{"rendered":"<p>SHOPPER BAG &#8211; WOREKSNOWFLAKE SHEELA STRIPESMega pojemna i por\u0119czna torba Shopper Bag, teraz w udoskonalonej wersji. Pomie\u015bci wszystko co tylko chcesz, a nawet wi\u0119cej. Jest niezwykle lekka, a po z\u0142o\u017ceniu zajmuje bardzo ma\u0142o miejsca.Nowa torba Shopper Bag posiada teraz praktyczn\u0105 kiesze\u0144 wewn\u0119trzn\u0105 zapinan\u0105 na nap\u0119, a g\u00f3r\u0119 torby mo\u017cna \u015bci\u0105gn\u0105\u0107 za pomoc\u0105 sznurka. Wszyte na [&hellip;]<\/p>\n","protected":false},"featured_media":12276,"comment_status":"closed","ping_status":"open","template":"","meta":[],"product_cat":[127,1595],"product_tag":[706,682,602,709],"class_list":["post-12275","product","type-product","status-publish","has-post-thumbnail","hentry","product_cat-akcesoria-do-wozkow","product_cat-la-millou","product_tag-imie-kuba","product_tag-przyjazn-cytaty","product_tag-quiz-o-zwierzetach-domowych","product_tag-zagadki-dla-dzieci-6-7-lat"],"_links":{"self":[{"href":"http:\/\/klubmamgdynia.pl\/index.php\/wp-json\/wp\/v2\/product\/12275","targetHints":{"allow":["GET"]}}],"collection":[{"href":"http:\/\/klubmamgdynia.pl\/index.php\/wp-json\/wp\/v2\/product"}],"about":[{"href":"http:\/\/klubmamgdynia.pl\/index.php\/wp-json\/wp\/v2\/types\/product"}],"replies":[{"embeddable":true,"href":"http:\/\/klubmamgdynia.pl\/index.php\/wp-json\/wp\/v2\/comments?post=12275"}],"wp:featuredmedia":[{"embeddable":true,"href":"http:\/\/klubmamgdynia.pl\/index.php\/wp-json\/wp\/v2\/media\/12276"}],"wp:attachment":[{"href":"http:\/\/klubmamgdynia.pl\/index.php\/wp-json\/wp\/v2\/media?parent=12275"}],"wp:term":[{"taxonomy":"product_cat","embeddable":true,"href":"http:\/\/klubmamgdynia.pl\/index.php\/wp-json\/wp\/v2\/product_cat?post=12275"},{"taxonomy":"product_tag","embeddable":true,"href":"http:\/\/klubmamgdynia.pl\/index.php\/wp-json\/wp\/v2\/product_tag?post=12275"}],"curies":[{"name":"wp","href":"https:\/\/api.w.org\/{rel}","templated":true}]}}