{"id":12279,"date":"2011-06-21T22:36:46","date_gmt":"2011-06-21T20:36:46","guid":{"rendered":"http:\/\/klubmamgdynia.pl\/index.php\/produkt\/panele-podlogowe-swiss-krono-milo-dab-livorno-d3033\/"},"modified":"2026-04-04T00:27:18","modified_gmt":"2026-04-03T22:27:18","slug":"panele-podlogowe-swiss-krono-milo-dab-livorno-d3033","status":"publish","type":"product","link":"http:\/\/klubmamgdynia.pl\/index.php\/produkt\/panele-podlogowe-swiss-krono-milo-dab-livorno-d3033\/","title":{"rendered":"Panele pod\u0142ogowe Swiss Krono Milo D\u0105b Livorno D3033"},"content":{"rendered":"<p>D 3033 D\u0105b Livorno \/ MILO                            <\/p>\n<p>MAT JEST TRENDY\u00a0Zaskakuje synchronicznym dopasowaniem faktury do rysunku drewna.<br \/>\nDodatkowo jej wyj\u0105tkowo\u015b\u0107 podkre\u015bla matowe wyko\u0144czenie.<br \/>\nCa\u0142o\u015b\u0107 wiernie odwzorowuje olejowan\u0105 desk\u0119 d\u0119bu. Eleganckie wzory d\u0119ba, szlachetny orzech  i wi\u0105z to jedna z niewielu propozycji matowych, kt\u00f3re dopiero wchodz\u0105 do Polski z Targ\u00f3w Mediola\u0144skich. Na ca\u0142\u0105 kolekcj\u0119 producent udziela 20 lat gwarancji na nie przetarcie powierzchni laminatu. Wz\u00f3r sk\u0142ada si\u0119 z 10 r\u00f3\u017cnych desek o d\u0142ugo\u015bci 138cm, kt\u00f3rych brzegi wyko\u0144czono w V-fug\u0119. Kolekcj\u0119 uzupe\u0142niaj\u0105 dopasowane kolorystycznie coko\u0142y przypod\u0142ogowe P85. Panele te nadaj\u0105 si\u0119 na ogrzewanie pod\u0142ogowe.<\/p>\n<p>            Swiss Krono Milo D\u0105b Ferrara D3034<\/p>\n<p>                        od<br \/>\n                            63,99<br \/>\n                            z\u0142<\/p>\n<p>                    Zobacz<\/p>\n<p>            Swiss Krono Platinium Luna Orzech Cartagena D4903<\/p>\n<p>                        ostatnia cena<br \/>\n                            42,99<br \/>\n                            z\u0142<\/p>\n<p>                    Zobacz<\/p>\n<p>            Swiss Krono Platinium Luna Wi\u0105z Catania D4902<\/p>\n<p>                        ostatnia cena<br \/>\n                            14,95<br \/>\n                            z\u0142<\/p>\n<p>                    Zobacz<\/p>\n<h2>Panele pod\u0142ogowe Swiss Krono Milo D\u0105b Livorno D3033 Swiss Krono<\/h2>\n<p>dzie\u0144 dziecka dla nastolatk\u00f3w, julian, dziecko cytaty z\u0142ote my\u015bli, zagadki matematyczne dla dzieci, flagi do druku, znaczenie imiona marcel, karty pracy dla dzieci z ukrainy pdf, quizy dla przedszkolak\u00f3w, zagadki s\u0142owne, jak narysowa\u0107 kota<\/p>\n<p>yyyyy<\/p>\n<p>&nbsp;<\/p>\n","protected":false},"excerpt":{"rendered":"<p>D 3033 D\u0105b Livorno \/ MILO MAT JEST TRENDY\u00a0Zaskakuje synchronicznym dopasowaniem faktury do rysunku drewna. Dodatkowo jej wyj\u0105tkowo\u015b\u0107 podkre\u015bla matowe wyko\u0144czenie. Ca\u0142o\u015b\u0107 wiernie odwzorowuje olejowan\u0105 desk\u0119 d\u0119bu. Eleganckie wzory d\u0119ba, szlachetny orzech i wi\u0105z to jedna z niewielu propozycji matowych, kt\u00f3re dopiero wchodz\u0105 do Polski z Targ\u00f3w Mediola\u0144skich. Na ca\u0142\u0105 kolekcj\u0119 producent udziela 20 lat [&hellip;]<\/p>\n","protected":false},"featured_media":12280,"comment_status":"closed","ping_status":"open","template":"","meta":[],"product_cat":[2113,2112],"product_tag":[839,764,609,708],"class_list":["post-12279","product","type-product","status-publish","has-post-thumbnail","hentry","product_cat-panele-podlogowe","product_cat-swiss-krono","product_tag-bajki-na-dobranoc-do-czytania","product_tag-prezenty-na-roczek-dla-dziewczynki","product_tag-quiz-flagi-europy","product_tag-zabawy-ruchowe-dla-dzieci"],"_links":{"self":[{"href":"http:\/\/klubmamgdynia.pl\/index.php\/wp-json\/wp\/v2\/product\/12279","targetHints":{"allow":["GET"]}}],"collection":[{"href":"http:\/\/klubmamgdynia.pl\/index.php\/wp-json\/wp\/v2\/product"}],"about":[{"href":"http:\/\/klubmamgdynia.pl\/index.php\/wp-json\/wp\/v2\/types\/product"}],"replies":[{"embeddable":true,"href":"http:\/\/klubmamgdynia.pl\/index.php\/wp-json\/wp\/v2\/comments?post=12279"}],"wp:featuredmedia":[{"embeddable":true,"href":"http:\/\/klubmamgdynia.pl\/index.php\/wp-json\/wp\/v2\/media\/12280"}],"wp:attachment":[{"href":"http:\/\/klubmamgdynia.pl\/index.php\/wp-json\/wp\/v2\/media?parent=12279"}],"wp:term":[{"taxonomy":"product_cat","embeddable":true,"href":"http:\/\/klubmamgdynia.pl\/index.php\/wp-json\/wp\/v2\/product_cat?post=12279"},{"taxonomy":"product_tag","embeddable":true,"href":"http:\/\/klubmamgdynia.pl\/index.php\/wp-json\/wp\/v2\/product_tag?post=12279"}],"curies":[{"name":"wp","href":"https:\/\/api.w.org\/{rel}","templated":true}]}}