{"id":1228,"date":"2013-10-03T21:18:46","date_gmt":"2013-10-03T19:18:46","guid":{"rendered":"http:\/\/klubmamgdynia.pl\/index.php\/produkt\/dantoy-zestaw-naczyn-obiadowy-dla-dzieci-2-zabawka\/"},"modified":"2026-04-06T01:34:03","modified_gmt":"2026-04-05T23:34:03","slug":"dantoy-zestaw-naczyn-obiadowy-dla-dzieci-2-zabawka","status":"publish","type":"product","link":"http:\/\/klubmamgdynia.pl\/index.php\/produkt\/dantoy-zestaw-naczyn-obiadowy-dla-dzieci-2-zabawka\/","title":{"rendered":"Dantoy Zestaw Naczy\u0144 Obiadowy Dla Dzieci 2 &#8211; Zabawka"},"content":{"rendered":"<p>MY LITTLE PRINCESS Zestaw obiadowy 4397FOR MY LITTLE PRINCESS to pi\u0119kna linia r\u00f3\u017cowo lawendowych zabawek dla ma\u0142ych ksi\u0119\u017cniczek! Bogaty asortyment zabawek w kolorze jasnego r\u00f3\u017cu i pi\u0119knej lawendy do kreatywnej zabawy w domu i na zewn\u0105trz, do odgrywania wymarzonych r\u00f3l przez ma\u0142e ksi\u0119\u017cniczki i ksi\u0105\u017c\u0119ta przyci\u0105gaj\u0105 ka\u017cdego malucha!Zestaw obiadowy zawiera garnek z pokrywk\u0105, 4 kubki, talerze i sztu\u0107ce sk\u0142adaj\u0105ce si\u0119 z nowa, widelca i \u0142y\u017cki w kolorach pastelowego r\u00f3\u017cu, lawendy i fuksji.Uroczy zestaw z wieloma mo\u017cliwo\u015bciami zabaw, kt\u00f3re stymuluj\u0105 drobne zdolno\u015bci motoryczne dzieci, poczucie r\u00f3wnowagi i wyobra\u017ani\u0119.Idealny r\u00f3wnie\u017c do zabawy w ogrodzie.Zestaw obiadowy jest produkowany w Danii z surowc\u00f3w pochodz\u0105cych ze zr\u00f3wnowa\u017conych upraw, posiada certyfikat Nordic Swan Ecolabel.Sk\u0142ada si\u0119 z 22 element\u00f3wWiek: 2 +Nie zawiera toksynMo\u017cna my\u0107 w zmywarce do naczy\u0144Nordic Swan Ecolabel &#8211; korzystne dla zdrowia i \u015brodowiska.Wymiar: 18,5 x 13 x 16 cm<\/p>\n<h2>Dantoy Zestaw Naczy\u0144 Obiadowy Dla Dzieci 2 &#8211; Zabawka Dantoy<\/h2>\n<p>bajki dla niemowl\u0105t do czytania, molo w brze\u017anie, co na roczek dla dziewczynki, tabliczka mno\u017cenia kolorowanki do wydruku, imi\u0119 kuba, skalne miasto, lol kolorowanki do druku, zagadki na logik\u0119, prezent dla 7 letniej dziewczynki, prezent dla dwunastolatka, irma, maska do druku, malowanki piesek, zagadki logiczne \u015bmieszne, ignacy znaczenie imienia, prezent na roczek dla chlopca, jan pawe\u0142 2 rysunek \u0142atwy dla dzieci, zagadki dla dzieci 9-10 lat z odpowiedziami<\/p>\n<p>yyyyy<\/p>\n<p>&nbsp;<\/p>\n","protected":false},"excerpt":{"rendered":"<p>MY LITTLE PRINCESS Zestaw obiadowy 4397FOR MY LITTLE PRINCESS to pi\u0119kna linia r\u00f3\u017cowo lawendowych zabawek dla ma\u0142ych ksi\u0119\u017cniczek! Bogaty asortyment zabawek w kolorze jasnego r\u00f3\u017cu i pi\u0119knej lawendy do kreatywnej zabawy w domu i na zewn\u0105trz, do odgrywania wymarzonych r\u00f3l przez ma\u0142e ksi\u0119\u017cniczki i ksi\u0105\u017c\u0119ta przyci\u0105gaj\u0105 ka\u017cdego malucha!Zestaw obiadowy zawiera garnek z pokrywk\u0105, 4 kubki, [&hellip;]<\/p>\n","protected":false},"featured_media":1229,"comment_status":"closed","ping_status":"open","template":"","meta":[],"product_cat":[363,53],"product_tag":[828,626,853,613,703,588],"class_list":["post-1228","product","type-product","status-publish","has-post-thumbnail","hentry","product_cat-dantoy","product_cat-kaciki-zabaw","product_tag-filmy-wigilijne-dla-dzieci","product_tag-jacek","product_tag-kolorowanki-do-druku-dla-doroslych","product_tag-na-wyspach-bergamutach","product_tag-prezent-dla-nastolatki","product_tag-wzruszajace-slowa-dla-przyjaciela"],"_links":{"self":[{"href":"http:\/\/klubmamgdynia.pl\/index.php\/wp-json\/wp\/v2\/product\/1228","targetHints":{"allow":["GET"]}}],"collection":[{"href":"http:\/\/klubmamgdynia.pl\/index.php\/wp-json\/wp\/v2\/product"}],"about":[{"href":"http:\/\/klubmamgdynia.pl\/index.php\/wp-json\/wp\/v2\/types\/product"}],"replies":[{"embeddable":true,"href":"http:\/\/klubmamgdynia.pl\/index.php\/wp-json\/wp\/v2\/comments?post=1228"}],"wp:featuredmedia":[{"embeddable":true,"href":"http:\/\/klubmamgdynia.pl\/index.php\/wp-json\/wp\/v2\/media\/1229"}],"wp:attachment":[{"href":"http:\/\/klubmamgdynia.pl\/index.php\/wp-json\/wp\/v2\/media?parent=1228"}],"wp:term":[{"taxonomy":"product_cat","embeddable":true,"href":"http:\/\/klubmamgdynia.pl\/index.php\/wp-json\/wp\/v2\/product_cat?post=1228"},{"taxonomy":"product_tag","embeddable":true,"href":"http:\/\/klubmamgdynia.pl\/index.php\/wp-json\/wp\/v2\/product_tag?post=1228"}],"curies":[{"name":"wp","href":"https:\/\/api.w.org\/{rel}","templated":true}]}}