{"id":12283,"date":"2012-05-21T08:16:37","date_gmt":"2012-05-21T06:16:37","guid":{"rendered":"http:\/\/klubmamgdynia.pl\/index.php\/produkt\/fillikid-spiworek-zimowy-mavensi-ze-skory-jagniecej-szary\/"},"modified":"2026-04-06T23:59:20","modified_gmt":"2026-04-06T21:59:20","slug":"fillikid-spiworek-zimowy-mavensi-ze-skory-jagniecej-szary","status":"publish","type":"product","link":"http:\/\/klubmamgdynia.pl\/index.php\/produkt\/fillikid-spiworek-zimowy-mavensi-ze-skory-jagniecej-szary\/","title":{"rendered":"Fillikid \u015apiworek Zimowy Mavensi Ze Sk\u00f3ry Jagni\u0119cej Szary"},"content":{"rendered":"<p>Szczeg\u00f3\u0142y produktu: Wewn\u0105trz oferuje przytuln\u0105 wk\u0142adk\u0119 z jagni\u0119cej sk\u00f3ry, kt\u00f3r\u0105 mo\u017cna \u0142atwo wyj\u0105\u0107. Dzi\u0119ki otworom na pasek mo\u017cesz \u0142atwo zapi\u0105\u0107 dziecko w w\u00f3zku \u0141atwe wej\u015bcie i wyj\u015bcie jest zagwarantowane dzi\u0119ki zamkowi b\u0142yskawicznemu z przodu Wymiary i waga: Wymiary (d\u0142ugo\u015b\u0107 x szeroko\u015b\u0107): 100 x 50 cm Waga produktu: 1,35 kg Materia\u0142 i piel\u0119gnacja: Materia\u0142 na zewn\u0105trz: 100% poliester Materia\u0142 wewn\u0105trz: 100% poliester Wskaz\u00f3wki piel\u0119gnacyjne: Pranie r\u0119czne Kompatybilno\u015b\u0107 : W\u00f3zek dzieci\u0119cy W\u00f3zek spacerowy<\/p>\n<h2>Fillikid \u015apiworek Zimowy Mavensi Ze Sk\u00f3ry Jagni\u0119cej Szary Fillikid<\/h2>\n<p>zaproszenia na urodziny do druku, piosenka kiedy babcia by\u0142a ma\u0142a tekst, zagadki dla dzieci 10 12 lat z odpowiedziami, bajka o emocjach, spiderman do druku, zyczenia walentynkowe dla dzieci, na wyspach bergamuta, dzie\u0144 pluszowego misia, jednoro\u017cec kolorowanka do druku, szablon krokus kolorowanka, litera y do druku, pomys\u0142y na pakowanie prezent\u00f3w, na wyspach bergamutach tekst<\/p>\n<p>yyyyy<\/p>\n<p>&nbsp;<\/p>\n","protected":false},"excerpt":{"rendered":"<p>Szczeg\u00f3\u0142y produktu: Wewn\u0105trz oferuje przytuln\u0105 wk\u0142adk\u0119 z jagni\u0119cej sk\u00f3ry, kt\u00f3r\u0105 mo\u017cna \u0142atwo wyj\u0105\u0107. Dzi\u0119ki otworom na pasek mo\u017cesz \u0142atwo zapi\u0105\u0107 dziecko w w\u00f3zku \u0141atwe wej\u015bcie i wyj\u015bcie jest zagwarantowane dzi\u0119ki zamkowi b\u0142yskawicznemu z przodu Wymiary i waga: Wymiary (d\u0142ugo\u015b\u0107 x szeroko\u015b\u0107): 100 x 50 cm Waga produktu: 1,35 kg Materia\u0142 i piel\u0119gnacja: Materia\u0142 na zewn\u0105trz: [&hellip;]<\/p>\n","protected":false},"featured_media":12284,"comment_status":"closed","ping_status":"open","template":"","meta":[],"product_cat":[127,1092],"product_tag":[677,866,591,634],"class_list":["post-12283","product","type-product","status-publish","has-post-thumbnail","hentry","product_cat-akcesoria-do-wozkow","product_cat-fillikid","product_tag-milosz-imie","product_tag-opis-do-zdjecia-dziecka-na-fb","product_tag-quiz-o-minecraft","product_tag-zagadki-wielkanocne-dla-dzieci"],"_links":{"self":[{"href":"http:\/\/klubmamgdynia.pl\/index.php\/wp-json\/wp\/v2\/product\/12283","targetHints":{"allow":["GET"]}}],"collection":[{"href":"http:\/\/klubmamgdynia.pl\/index.php\/wp-json\/wp\/v2\/product"}],"about":[{"href":"http:\/\/klubmamgdynia.pl\/index.php\/wp-json\/wp\/v2\/types\/product"}],"replies":[{"embeddable":true,"href":"http:\/\/klubmamgdynia.pl\/index.php\/wp-json\/wp\/v2\/comments?post=12283"}],"wp:featuredmedia":[{"embeddable":true,"href":"http:\/\/klubmamgdynia.pl\/index.php\/wp-json\/wp\/v2\/media\/12284"}],"wp:attachment":[{"href":"http:\/\/klubmamgdynia.pl\/index.php\/wp-json\/wp\/v2\/media?parent=12283"}],"wp:term":[{"taxonomy":"product_cat","embeddable":true,"href":"http:\/\/klubmamgdynia.pl\/index.php\/wp-json\/wp\/v2\/product_cat?post=12283"},{"taxonomy":"product_tag","embeddable":true,"href":"http:\/\/klubmamgdynia.pl\/index.php\/wp-json\/wp\/v2\/product_tag?post=12283"}],"curies":[{"name":"wp","href":"https:\/\/api.w.org\/{rel}","templated":true}]}}