{"id":12285,"date":"2024-07-20T06:06:54","date_gmt":"2024-07-20T04:06:54","guid":{"rendered":"http:\/\/klubmamgdynia.pl\/?post_type=product&#038;p=12285"},"modified":"2026-04-05T17:14:07","modified_gmt":"2026-04-05T15:14:07","slug":"mushie-sliniak-silikonowy-sand-terrazzo","status":"publish","type":"product","link":"http:\/\/klubmamgdynia.pl\/index.php\/produkt\/mushie-sliniak-silikonowy-sand-terrazzo\/","title":{"rendered":"Mushie \u015aliniak Silikonowy Sand Terrazzo"},"content":{"rendered":"<p>Zadbaj o to, by Twoje male\u0144stwo by\u0142o czyste.Zaprojektowane w Szwecji \u015bliniaki silikonowe maj\u0105 klasyczne wzory, nadaj\u0105ce im ponadczasowy i elegancki wygl\u0105d.Wykonane zosta\u0142y z silikonu spo\u017cywczego przeznaczonego do kontaktu z \u017cywno\u015bci\u0105 i nie zawieraj\u0105 BPA ani ftalan\u00f3w.\u015aliniaki Mushie s\u0105 mi\u0119kkie i przyjemne w dotyku.\u015aliniaki Mushie maj\u0105 zaokr\u0105glone zapi\u0119cia dzi\u0119ki czemu \u0142atwiej je zapina\u0107 i dopasowa\u0107 do szyji dziecka.G\u0142\u0119boka przednia kiesze\u0144 jest idealna do pochwycenia resztek jedzenia, kt\u00f3re nie trafi\u0142o do buzi.\u015aliniaki Mushie s\u0105 \u0142atwy w czyszczeniu, odporny na zalanie.Wszystkie \u015bliniaki firmy Mushie pozbawione s\u0105 szkodliwych i niepo\u017c\u0105danych substancji ropopochodnych.W\u0142a\u015bciwo\u015bci produkt\u00f3w silikonowych Mushie100% bezpieczne100% biokompatybilneDu\u017ca odporno\u015b\u0107 termicznaPasywno\u015b\u0107 reakcyjna z \u017cywno\u015bci\u0105BezzapachoweDlaczego warto wybra\u0107 \u015bliniaki z silikonu spo\u017cywczego Mushie ?Silikon spo\u017cywczy jest w 100% biokompatybilny, nietoksyczny i nie powoduje alergii. Wa\u017cn\u0105 jego cech\u0105 jest doskonale tolerowany przez organizm ludzki, dlatego stanowi baz\u0119 oddychaj\u0105cych soczewek kontaktowych [5 razy bezpieczniejszych od standardowych soczewek]. Specyficzna w\u0142a\u015bciwo\u015b\u0107 silikonu jak\u0105 jest &#8222;oddychanie&#8221; materia\u0142uINFORMACJEProdukt wykonany jest z biokompatybilnego oddychaj\u0105cego silikonu spo\u017cywczego Grade AAA.Produkt nie zawiera ropopochodnych toksyn w tym plastyfikator\u00f3w np. BPA. Spe\u0142nia wymogi europejskie (EU) No. 321\/2011.Produkt mo\u017cna wyparza\u0107Produkt mo\u017cna sterylizowa\u0107Produkt mo\u017cna zamra\u017ca\u0107INSTRUKCJA U\u017bYTKOWANIAPrzed pierwszym u\u017cyciem nale\u017cy umy\u0107 produkt a nast\u0119pnie pozostawi\u0107 w gotuj\u0105cej si\u0119 wodzie na 5 min. i pozostawi\u0107 do wystudzenia.Przed ka\u017cdym u\u017cyciem nale\u017cy umy\u0107 produkt w wodzie z myd\u0142em i pozostawi\u0107 do wyschni\u0119cia.Produkt nadaje si\u0119 do mycia w zmywarce.Produkt mo\u017ce odbarwia\u0107 si\u0119 pod wp\u0142ywem d\u0142ugotrwa\u0142ego kontaktu z intensywnymi barwnikami ro\u015blinnymi jak np. karotenoidy z marchewki czy buraka czerwonego. Odbarwienie nie jest podstaw\u0105 do reklamacji.OSTRZE\u017bENIEDLA BEZPIECZE\u0143STWA I ZDROWIA TWOJEGO DZIECKAProdukt mo\u017ce by\u0107 u\u017cywany wy\u0142\u0105cznie pod nadzorem osoby doros\u0142ej.Nigdy nie pozostawiaj \u015bliniaka silikonowego w miejscu nas\u0142onecznienia (bezpo\u015bredniej propagacji s\u0142onecznej), bezpo\u015bredniego ciep\u0142a lub w p\u0142ynach lub urz\u0105dzenia dezynfekuj\u0105cych d\u0142u\u017cej ni\u017c jest to wskazane (w opisie p\u0142ynu lub urz\u0105dzenia), poniewa\u017c mo\u017ce to skutkowa\u0107 os\u0142abieniem produktu a w skrajnych przypadkach jej zniszczeniem.Przed ka\u017cdym u\u017cyciem nale\u017cy sprawdzi\u0107 stan produktu przekrzywiaj\u0105c j\u0105 w ka\u017cdym mo\u017cliwym kierunku.Nale\u017cy wyrzuci\u0107 w przypadku jakichkolwiek oznak uszkodzenia lub os\u0142abienia materia\u0142u.<\/p>\n<h2>Mushie \u015aliniak Silikonowy Sand Terrazzo Mushie<\/h2>\n<p>kolorowanki do wydruku, kaczuszka, jak namalowa\u0107 kota, konie quiz, \u017carty na prima aprilis w domu, co mo\u017cna zrobi\u0107 z rolki papieru, quiz znaki drogowe, karty pracy dla dzieci z ukrainy pdf, agroturystyka dla dzieci ze zwierz\u0119tami, materac do basenu, wr\u00f3\u017cby andrzejkowe online dla dzieci, piosenka na dzie\u0144 mamy tekst, prezenty dla nastolatek, maski karnawa\u0142owe do druku, pawe\u0142<\/p>\n<p>yyyyy<\/p>\n<p>&nbsp;<\/p>\n","protected":false},"excerpt":{"rendered":"<p>Zadbaj o to, by Twoje male\u0144stwo by\u0142o czyste.Zaprojektowane w Szwecji \u015bliniaki silikonowe maj\u0105 klasyczne wzory, nadaj\u0105ce im ponadczasowy i elegancki wygl\u0105d.Wykonane zosta\u0142y z silikonu spo\u017cywczego przeznaczonego do kontaktu z \u017cywno\u015bci\u0105 i nie zawieraj\u0105 BPA ani ftalan\u00f3w.\u015aliniaki Mushie s\u0105 mi\u0119kkie i przyjemne w dotyku.\u015aliniaki Mushie maj\u0105 zaokr\u0105glone zapi\u0119cia dzi\u0119ki czemu \u0142atwiej je zapina\u0107 i dopasowa\u0107 do [&hellip;]<\/p>\n","protected":false},"featured_media":12286,"comment_status":"closed","ping_status":"open","template":"","meta":[],"product_cat":[132,1100],"product_tag":[658,847,724],"class_list":["post-12285","product","type-product","status-publish","has-post-thumbnail","hentry","product_cat-mushie","product_cat-sliniaki-i-fartuszki","product_tag-alan-znaczenie-imienia","product_tag-kolorowanki-pokemon","product_tag-zagadki-podchwytliwe"],"_links":{"self":[{"href":"http:\/\/klubmamgdynia.pl\/index.php\/wp-json\/wp\/v2\/product\/12285","targetHints":{"allow":["GET"]}}],"collection":[{"href":"http:\/\/klubmamgdynia.pl\/index.php\/wp-json\/wp\/v2\/product"}],"about":[{"href":"http:\/\/klubmamgdynia.pl\/index.php\/wp-json\/wp\/v2\/types\/product"}],"replies":[{"embeddable":true,"href":"http:\/\/klubmamgdynia.pl\/index.php\/wp-json\/wp\/v2\/comments?post=12285"}],"wp:featuredmedia":[{"embeddable":true,"href":"http:\/\/klubmamgdynia.pl\/index.php\/wp-json\/wp\/v2\/media\/12286"}],"wp:attachment":[{"href":"http:\/\/klubmamgdynia.pl\/index.php\/wp-json\/wp\/v2\/media?parent=12285"}],"wp:term":[{"taxonomy":"product_cat","embeddable":true,"href":"http:\/\/klubmamgdynia.pl\/index.php\/wp-json\/wp\/v2\/product_cat?post=12285"},{"taxonomy":"product_tag","embeddable":true,"href":"http:\/\/klubmamgdynia.pl\/index.php\/wp-json\/wp\/v2\/product_tag?post=12285"}],"curies":[{"name":"wp","href":"https:\/\/api.w.org\/{rel}","templated":true}]}}