{"id":12291,"date":"2014-12-14T08:35:33","date_gmt":"2014-12-14T07:35:33","guid":{"rendered":"http:\/\/klubmamgdynia.pl\/index.php\/produkt\/hauck-pokrowiec-na-krzeselko-alpha-cosy-select-waffle-pique-grey\/"},"modified":"2026-04-29T12:46:19","modified_gmt":"2026-04-29T10:46:19","slug":"hauck-pokrowiec-na-krzeselko-alpha-cosy-select-waffle-pique-grey","status":"publish","type":"product","link":"http:\/\/klubmamgdynia.pl\/index.php\/produkt\/hauck-pokrowiec-na-krzeselko-alpha-cosy-select-waffle-pique-grey\/","title":{"rendered":"Hauck Pokrowiec Na Krzese\u0142ko Alpha Cosy Select Waffle Pique Grey"},"content":{"rendered":"<p>Pokrowiec Hauck Alpha Cosy Select doskonale uzupe\u0142ni wysokie krzese\u0142ko ALPHA+ i zapewni Twojemu dziecku jeszcze wi\u0119kszy komfort podczas korzystania z niego. Mi\u0119kka wy\u015bci\u00f3\u0142ka i przyjemny, bawe\u0142niany materia\u0142, kt\u00f3ry jest oddychaj\u0105cy i reguluje wilgotno\u015b\u0107, dzi\u0119ki czemu pokrowiec nadaje si\u0119 r\u00f3wnie\u017c na upalne letnie dni.<\/p>\n<h2>Hauck Pokrowiec Na Krzese\u0142ko Alpha Cosy Select Waffle Pique Grey Hauck<\/h2>\n<p>imi\u0119 nela, kolorowanki pi\u0142karskie, teksty o rodzinie, kolorowanki do pobrania, bajki na dobranoc psi patrol, zaproszenia urodzinowe do druku, cytaty o dziecku i mamie, zagadki dla dzieci 10 12 lat z odpowiedziami, melania znaczenie imienia, halszka, starodawne \u017cyczenia bo\u017conarodzeniowe, opis rodzina, \u017carty na prima aprilis dla dzieci, gda\u0144sk atrakcje dla m\u0142odzie\u017cy<\/p>\n<p>yyyyy<\/p>\n<p>&nbsp;<\/p>\n","protected":false},"excerpt":{"rendered":"<p>Pokrowiec Hauck Alpha Cosy Select doskonale uzupe\u0142ni wysokie krzese\u0142ko ALPHA+ i zapewni Twojemu dziecku jeszcze wi\u0119kszy komfort podczas korzystania z niego. Mi\u0119kka wy\u015bci\u00f3\u0142ka i przyjemny, bawe\u0142niany materia\u0142, kt\u00f3ry jest oddychaj\u0105cy i reguluje wilgotno\u015b\u0107, dzi\u0119ki czemu pokrowiec nadaje si\u0119 r\u00f3wnie\u017c na upalne letnie dni. Hauck Pokrowiec Na Krzese\u0142ko Alpha Cosy Select Waffle Pique Grey Hauck imi\u0119 [&hellip;]<\/p>\n","protected":false},"featured_media":12292,"comment_status":"closed","ping_status":"open","template":"","meta":[],"product_cat":[108,158],"product_tag":[663,612,583,717,714,715],"class_list":["post-12291","product","type-product","status-publish","has-post-thumbnail","hentry","product_cat-hauck","product_cat-krzeselka-do-karmienia","product_tag-kolorowanki-dla-dzieci-do-druku","product_tag-kolorowanki-do-druku","product_tag-kolysanki-dla-dzieci-tekst","product_tag-prezent-roczek","product_tag-zagadki-logiczne","product_tag-zosia-samosia"],"_links":{"self":[{"href":"http:\/\/klubmamgdynia.pl\/index.php\/wp-json\/wp\/v2\/product\/12291","targetHints":{"allow":["GET"]}}],"collection":[{"href":"http:\/\/klubmamgdynia.pl\/index.php\/wp-json\/wp\/v2\/product"}],"about":[{"href":"http:\/\/klubmamgdynia.pl\/index.php\/wp-json\/wp\/v2\/types\/product"}],"replies":[{"embeddable":true,"href":"http:\/\/klubmamgdynia.pl\/index.php\/wp-json\/wp\/v2\/comments?post=12291"}],"wp:featuredmedia":[{"embeddable":true,"href":"http:\/\/klubmamgdynia.pl\/index.php\/wp-json\/wp\/v2\/media\/12292"}],"wp:attachment":[{"href":"http:\/\/klubmamgdynia.pl\/index.php\/wp-json\/wp\/v2\/media?parent=12291"}],"wp:term":[{"taxonomy":"product_cat","embeddable":true,"href":"http:\/\/klubmamgdynia.pl\/index.php\/wp-json\/wp\/v2\/product_cat?post=12291"},{"taxonomy":"product_tag","embeddable":true,"href":"http:\/\/klubmamgdynia.pl\/index.php\/wp-json\/wp\/v2\/product_tag?post=12291"}],"curies":[{"name":"wp","href":"https:\/\/api.w.org\/{rel}","templated":true}]}}