{"id":12293,"date":"2025-06-13T18:19:34","date_gmt":"2025-06-13T16:19:34","guid":{"rendered":"http:\/\/klubmamgdynia.pl\/?post_type=product&#038;p=12293"},"modified":"2026-04-06T10:46:23","modified_gmt":"2026-04-06T08:46:23","slug":"simba-lalka-steffi-syrenka-z-2-blizniaczkami-fiolet-41620_1","status":"publish","type":"product","link":"http:\/\/klubmamgdynia.pl\/index.php\/produkt\/simba-lalka-steffi-syrenka-z-2-blizniaczkami-fiolet-41620_1\/","title":{"rendered":"Simba Lalka Steffi Syrenka Z 2 Bli\u017aniaczkami Fiolet 41620_1"},"content":{"rendered":"<p>Kolorowa lalka Steffi wciela si\u0119 w rol\u0119 syrenki z morskich g\u0142\u0119bin.<br \/>\nWraz z ma\u0142ymi syrenkami uwielbia sp\u0119dza\u0107 czas na zabawie.<br \/>\nWybierz si\u0119 razem z nimi na poszukiwanie podmorskich przyg\u00f3d.<\/p>\n<h2>Simba Lalka Steffi Syrenka Z 2 Bli\u017aniaczkami Fiolet 41620_1 Simba<\/h2>\n<p>zagadki \u015bmieszne z odpowiedziami, malowanie kamieni, nela w krainie wombat\u00f3w, kolorowanki do druku konie, choinko pi\u0119kna jak las tekst, lamiglowki slowne, anio\u0142ki w niebie pisz\u0105, prezent dla 17 latki<\/p>\n<p>yyyyy<\/p>\n<p>&nbsp;<\/p>\n","protected":false},"excerpt":{"rendered":"<p>Kolorowa lalka Steffi wciela si\u0119 w rol\u0119 syrenki z morskich g\u0142\u0119bin. Wraz z ma\u0142ymi syrenkami uwielbia sp\u0119dza\u0107 czas na zabawie. Wybierz si\u0119 razem z nimi na poszukiwanie podmorskich przyg\u00f3d. Simba Lalka Steffi Syrenka Z 2 Bli\u017aniaczkami Fiolet 41620_1 Simba zagadki \u015bmieszne z odpowiedziami, malowanie kamieni, nela w krainie wombat\u00f3w, kolorowanki do druku konie, choinko pi\u0119kna [&hellip;]<\/p>\n","protected":false},"featured_media":12294,"comment_status":"closed","ping_status":"open","template":"","meta":[],"product_cat":[65,279],"product_tag":[763,699,646,591],"class_list":["post-12293","product","type-product","status-publish","has-post-thumbnail","hentry","product_cat-lalki","product_cat-simba","product_tag-fabian","product_tag-kolorowanki-do-druku-dla-dziewczyn","product_tag-prezent-na-pierwsze-urodziny","product_tag-quiz-o-minecraft"],"_links":{"self":[{"href":"http:\/\/klubmamgdynia.pl\/index.php\/wp-json\/wp\/v2\/product\/12293","targetHints":{"allow":["GET"]}}],"collection":[{"href":"http:\/\/klubmamgdynia.pl\/index.php\/wp-json\/wp\/v2\/product"}],"about":[{"href":"http:\/\/klubmamgdynia.pl\/index.php\/wp-json\/wp\/v2\/types\/product"}],"replies":[{"embeddable":true,"href":"http:\/\/klubmamgdynia.pl\/index.php\/wp-json\/wp\/v2\/comments?post=12293"}],"wp:featuredmedia":[{"embeddable":true,"href":"http:\/\/klubmamgdynia.pl\/index.php\/wp-json\/wp\/v2\/media\/12294"}],"wp:attachment":[{"href":"http:\/\/klubmamgdynia.pl\/index.php\/wp-json\/wp\/v2\/media?parent=12293"}],"wp:term":[{"taxonomy":"product_cat","embeddable":true,"href":"http:\/\/klubmamgdynia.pl\/index.php\/wp-json\/wp\/v2\/product_cat?post=12293"},{"taxonomy":"product_tag","embeddable":true,"href":"http:\/\/klubmamgdynia.pl\/index.php\/wp-json\/wp\/v2\/product_tag?post=12293"}],"curies":[{"name":"wp","href":"https:\/\/api.w.org\/{rel}","templated":true}]}}