{"id":12295,"date":"2023-07-18T12:37:21","date_gmt":"2023-07-18T10:37:21","guid":{"rendered":"http:\/\/klubmamgdynia.pl\/?post_type=product&#038;p=12295"},"modified":"2026-04-06T03:35:39","modified_gmt":"2026-04-06T01:35:39","slug":"valvex-loft-black-2455750","status":"publish","type":"product","link":"http:\/\/klubmamgdynia.pl\/index.php\/produkt\/valvex-loft-black-2455750\/","title":{"rendered":"Valvex Loft Black 2455750"},"content":{"rendered":"<p>Zestaw natryskowy natynkowy Valvex Loft Black 2455750 -w\u0142a\u015bciwo\u015bci\u00a0wyko\u0144czenie czarny mat,\u00a0materia\u0142: mosi\u0105dz z tworzywem ABSmonta\u017c natynkowy,g\u0142owica ceramiczna,3 strumienie s\u0142uchawki [normalny, masa\u017c, zmieszany]bateria bez termostatu,\u00a05 lat gwarancji,ci\u015bnienie maksymalne: 0,5 MPa,temperatura maksymalna: 70\u00b0C                            <\/p>\n<p>Kolumna natryskowa Valvex Loft to uniwersalne, niezwykle praktyczne, a przy tym niebanalne rozwi\u0105zanie. Zestaw natryskowy LOFT to nie tylko przedmiot codziennego u\u017cytku, to tak\u017ce ma\u0142e dzie\u0142o sztuki designerskiej, zaprojektowane, by podkre\u015bla\u0107 charakter wn\u0119trza. Zdecydowane, wyraziste linie stawiaj\u0105 wyzwanie Twoim zmys\u0142om. Zestawienie form geometrycznych budzi poczucie harmonii, porz\u0105dku i doskona\u0142ego dopasowania.Wymiarydeszczownica kwadratowa 25&#215;25 cm,\u00a0rami\u0119 35 cm,\u00a0standardowy rozstaw pod\u0142\u0105cze\u0144 baterii:\u00a0\u00a0supercienka deszczownica o grubo\u015bci 2,5 mmzakres monta\u017cu: min: 84-112 cm,rozstaw otwor\u00f3w pomi\u0119dzy bateri\u0105 a relingiem: 72,9 cm.<\/p>\n<h2>Valvex Loft Black 2455750 Valvex<\/h2>\n<p>co na roczek dla ch\u0142opca, szablony do wyklejania plastelin\u0105, dziewczynka z parku pytania i odpowiedzi, opis o dziecku, test z lektury ania z zielonego wzg\u00f3rza klasa 6 z odpowiedziami, \u015bmieszne zagadki matematyczne, bajka na dobranoc do czytania, molo w brze\u017anie, gad\u017cety dla nastolatka<\/p>\n<p>yyyyy<\/p>\n<p>&nbsp;<\/p>\n","protected":false},"excerpt":{"rendered":"<p>Zestaw natryskowy natynkowy Valvex Loft Black 2455750 -w\u0142a\u015bciwo\u015bci\u00a0wyko\u0144czenie czarny mat,\u00a0materia\u0142: mosi\u0105dz z tworzywem ABSmonta\u017c natynkowy,g\u0142owica ceramiczna,3 strumienie s\u0142uchawki [normalny, masa\u017c, zmieszany]bateria bez termostatu,\u00a05 lat gwarancji,ci\u015bnienie maksymalne: 0,5 MPa,temperatura maksymalna: 70\u00b0C Kolumna natryskowa Valvex Loft to uniwersalne, niezwykle praktyczne, a przy tym niebanalne rozwi\u0105zanie. Zestaw natryskowy LOFT to nie tylko przedmiot codziennego u\u017cytku, to tak\u017ce ma\u0142e [&hellip;]<\/p>\n","protected":false},"featured_media":12296,"comment_status":"closed","ping_status":"open","template":"","meta":[],"product_cat":[2114,2115],"product_tag":[750,683,667,814],"class_list":["post-12295","product","type-product","status-publish","has-post-thumbnail","hentry","product_cat-valvex","product_cat-zestawy-prysznicowe","product_tag-imie-kostek","product_tag-karaluchy-pod-poduchy","product_tag-kolorowanka-lol","product_tag-prezenty-dla-nastolatek"],"_links":{"self":[{"href":"http:\/\/klubmamgdynia.pl\/index.php\/wp-json\/wp\/v2\/product\/12295","targetHints":{"allow":["GET"]}}],"collection":[{"href":"http:\/\/klubmamgdynia.pl\/index.php\/wp-json\/wp\/v2\/product"}],"about":[{"href":"http:\/\/klubmamgdynia.pl\/index.php\/wp-json\/wp\/v2\/types\/product"}],"replies":[{"embeddable":true,"href":"http:\/\/klubmamgdynia.pl\/index.php\/wp-json\/wp\/v2\/comments?post=12295"}],"wp:featuredmedia":[{"embeddable":true,"href":"http:\/\/klubmamgdynia.pl\/index.php\/wp-json\/wp\/v2\/media\/12296"}],"wp:attachment":[{"href":"http:\/\/klubmamgdynia.pl\/index.php\/wp-json\/wp\/v2\/media?parent=12295"}],"wp:term":[{"taxonomy":"product_cat","embeddable":true,"href":"http:\/\/klubmamgdynia.pl\/index.php\/wp-json\/wp\/v2\/product_cat?post=12295"},{"taxonomy":"product_tag","embeddable":true,"href":"http:\/\/klubmamgdynia.pl\/index.php\/wp-json\/wp\/v2\/product_tag?post=12295"}],"curies":[{"name":"wp","href":"https:\/\/api.w.org\/{rel}","templated":true}]}}