{"id":12299,"date":"2020-12-02T15:58:38","date_gmt":"2020-12-02T14:58:38","guid":{"rendered":"http:\/\/klubmamgdynia.pl\/index.php\/produkt\/dada-pieluchy-jednorazowe-extra-care-5-junior-15-25kg-5x28szt\/"},"modified":"2026-04-24T14:03:15","modified_gmt":"2026-04-24T12:03:15","slug":"dada-pieluchy-jednorazowe-extra-care-5-junior-15-25kg-5x28szt","status":"publish","type":"product","link":"http:\/\/klubmamgdynia.pl\/index.php\/produkt\/dada-pieluchy-jednorazowe-extra-care-5-junior-15-25kg-5x28szt\/","title":{"rendered":"Dada Pieluchy Jednorazowe Extra Care 5 Junior 15-25Kg 5X28Szt."},"content":{"rendered":"<p>Dada Pieluchy jednorazowe Extra Care 5 JUNIOR 15-25 kg 5&#215;28 szt 140 szt. Wypr\u00f3buj jedyne pieluszki stworzone we wsp\u00f3\u0142pracy z Instytutem Matki i Dziecka Pieluszki Dada Extra Care 5 JUNIOR zaprojektowane s\u0105 z my\u015bl\u0105 o dzieciach o wadze od 15 do 25 kg. Zastosowanie innowacyjnej technologii SeconDRY powoduje, \u017ce pieluszki s\u0105 do 2x bardziej suche (w por\u00f3wnaniu do poprzedniego wariantu Dada Extra Care). Nowa konstrukcja pieluszki natychmiast transportuje wilgo\u0107 do wn\u0119trza pieluszki, gdzie dochodzi do d\u0142ugotrwa\u0142ego wch\u0142oni\u0119cia wilgoci. Dzi\u0119ki temu pieluszka staje si\u0119 natychmiast sucha, co ma pozytywny wp\u0142yw na kondycj\u0119 sk\u00f3ry dziecka. Elastyczne boczki gwarantuj\u0105 dziecku swobod\u0119 ruch\u00f3w, a specjalne p\u0142askie gumeczki uciskaj\u0105 4x l\u017cej na sk\u00f3r\u0119 dziecka ni\u017c standardowe, okr\u0105g\u0142e gumeczki. Elastyczny wk\u0142ad taliowy gwarantuje lepsze dopasowanie pieluszki do cia\u0142a niemowl\u0119cia. Nowe pieluszki Dada Extra Care 5 JUNIOR sprzedawane s\u0105 w paczce po 28 sztuki Specyfikacja: Zestaw zawiera: 5 x 28 szt. &#8211; 140 sztuk<\/p>\n<h2>Dada Pieluchy Jednorazowe Extra Care 5 Junior 15-25Kg 5X28Szt. Dada<\/h2>\n<p>rymowanki o pisankach, kira, urodziny dziecka pomys\u0142y, zwierz\u0119ta z plasteliny, wiersz o g\u00f3rniku, kolorowanki do druku dla ch\u0142opc\u00f3w, pomysl na prezent na roczek, kr\u00f3tkie zagadki, prezent dla siedemnastolatka, karty pracy dla dzieci z ukrainy do druku, kawa\u0142y na prima aprilis dla rodzic\u00f3w, cukierku ty \u0142obuzie test, natan imi\u0119, cytaty o przyja\u017ani kr\u00f3tkie, zagadki o zimie, milosz imie, malowanki dla dzieci do druku<\/p>\n<p>yyyyy<\/p>\n<p>&nbsp;<\/p>\n","protected":false},"excerpt":{"rendered":"<p>Dada Pieluchy jednorazowe Extra Care 5 JUNIOR 15-25 kg 5&#215;28 szt 140 szt. Wypr\u00f3buj jedyne pieluszki stworzone we wsp\u00f3\u0142pracy z Instytutem Matki i Dziecka Pieluszki Dada Extra Care 5 JUNIOR zaprojektowane s\u0105 z my\u015bl\u0105 o dzieciach o wadze od 15 do 25 kg. Zastosowanie innowacyjnej technologii SeconDRY powoduje, \u017ce pieluszki s\u0105 do 2x bardziej suche [&hellip;]<\/p>\n","protected":false},"featured_media":12300,"comment_status":"closed","ping_status":"open","template":"","meta":[],"product_cat":[1145,17],"product_tag":[645,876,713],"class_list":["post-12299","product","type-product","status-publish","has-post-thumbnail","hentry","product_cat-dada","product_cat-pieluchy","product_tag-latwe-zagadki","product_tag-przyjazn","product_tag-zagadki-logiczne-z-odpowiedziami"],"_links":{"self":[{"href":"http:\/\/klubmamgdynia.pl\/index.php\/wp-json\/wp\/v2\/product\/12299","targetHints":{"allow":["GET"]}}],"collection":[{"href":"http:\/\/klubmamgdynia.pl\/index.php\/wp-json\/wp\/v2\/product"}],"about":[{"href":"http:\/\/klubmamgdynia.pl\/index.php\/wp-json\/wp\/v2\/types\/product"}],"replies":[{"embeddable":true,"href":"http:\/\/klubmamgdynia.pl\/index.php\/wp-json\/wp\/v2\/comments?post=12299"}],"wp:featuredmedia":[{"embeddable":true,"href":"http:\/\/klubmamgdynia.pl\/index.php\/wp-json\/wp\/v2\/media\/12300"}],"wp:attachment":[{"href":"http:\/\/klubmamgdynia.pl\/index.php\/wp-json\/wp\/v2\/media?parent=12299"}],"wp:term":[{"taxonomy":"product_cat","embeddable":true,"href":"http:\/\/klubmamgdynia.pl\/index.php\/wp-json\/wp\/v2\/product_cat?post=12299"},{"taxonomy":"product_tag","embeddable":true,"href":"http:\/\/klubmamgdynia.pl\/index.php\/wp-json\/wp\/v2\/product_tag?post=12299"}],"curies":[{"name":"wp","href":"https:\/\/api.w.org\/{rel}","templated":true}]}}