{"id":1230,"date":"2018-07-17T13:10:50","date_gmt":"2018-07-17T11:10:50","guid":{"rendered":"http:\/\/klubmamgdynia.pl\/index.php\/produkt\/gra-planszowa-tactic-zhakujesz-moje-haslo\/"},"modified":"2026-05-17T22:20:55","modified_gmt":"2026-05-17T20:20:55","slug":"gra-planszowa-tactic-zhakujesz-moje-haslo","status":"publish","type":"product","link":"http:\/\/klubmamgdynia.pl\/index.php\/produkt\/gra-planszowa-tactic-zhakujesz-moje-haslo\/","title":{"rendered":"Gra planszowa Tactic Zhakujesz Moje Has\u0142o?"},"content":{"rendered":"<p>Zhakujesz moje has\u0142o?Wciel si\u0119 w hakera i spr\u00f3buj przebi\u0107 przez zapor\u0119 ogniow\u0105 przeciwnika, aby odkodowa\u0107 jego has\u0142o, zanim on zhakuje Twoje! Pierwszy gracz, kt\u00f3ry zhakuje has\u0142o przeciwnika lub dotrze do linii mety, wygrywa.Do wyboru r\u00f3\u017cne poziomy trudno\u015bci.\u015awietna do gry zespo\u0142owej.Po prostu cool!Informacje o produkcieMarka BrakRodzaj Rodzinne i towarzyskieMin. liczba graczy 2Max. liczba graczy 2Czas gry 45 minWersja j\u0119zykowa PolskaWymagania wiekowe od 8 latP\u0142e\u0107 Ch\u0142opcyDziewczynkiProdukt na baterie NieBaterie w zestawie NieZasilanie Nie dotyczyAkcesoria w zestawie Plansza50 kart2 &#8222;zapory sieciowe&#8221;2 \u017cetony miejsca podzia\u0142u2 \u017cetony porz\u0105dku kart2 markery sucho\u015bcieralneG\u0105bka2 pionkiZasady<\/p>\n<h2>Gra planszowa Tactic Zhakujesz Moje Has\u0142o? Tactic<\/h2>\n<p>nauczyciel cytaty, \u017carty prima aprilis, psi patrol kolorowanka do druku, miastodzieci, dobre zagadki logiczne, sentencje o dzieciach, kr\u00f3tkie \u017cyczenia wielkanocne dla dzieci, kolorowanka lody, list do gwiazdora<\/p>\n<p>yyyyy<\/p>\n<p>&nbsp;<\/p>\n","protected":false},"excerpt":{"rendered":"<p>Zhakujesz moje has\u0142o?Wciel si\u0119 w hakera i spr\u00f3buj przebi\u0107 przez zapor\u0119 ogniow\u0105 przeciwnika, aby odkodowa\u0107 jego has\u0142o, zanim on zhakuje Twoje! Pierwszy gracz, kt\u00f3ry zhakuje has\u0142o przeciwnika lub dotrze do linii mety, wygrywa.Do wyboru r\u00f3\u017cne poziomy trudno\u015bci.\u015awietna do gry zespo\u0142owej.Po prostu cool!Informacje o produkcieMarka BrakRodzaj Rodzinne i towarzyskieMin. liczba graczy 2Max. liczba graczy 2Czas gry [&hellip;]<\/p>\n","protected":false},"featured_media":1231,"comment_status":"closed","ping_status":"open","template":"","meta":[],"product_cat":[235,243],"product_tag":[583,684,579,641],"class_list":["post-1230","product","type-product","status-publish","has-post-thumbnail","hentry","product_cat-gry-planszowe","product_cat-tactic","product_tag-kolysanki-dla-dzieci-tekst","product_tag-prezent-dla-dziewczynki-na-roczek","product_tag-quiz-opowiesci-z-narnii-lew-czarownica-i-stara-szafa","product_tag-trudne-zagadki-logiczne"],"_links":{"self":[{"href":"http:\/\/klubmamgdynia.pl\/index.php\/wp-json\/wp\/v2\/product\/1230","targetHints":{"allow":["GET"]}}],"collection":[{"href":"http:\/\/klubmamgdynia.pl\/index.php\/wp-json\/wp\/v2\/product"}],"about":[{"href":"http:\/\/klubmamgdynia.pl\/index.php\/wp-json\/wp\/v2\/types\/product"}],"replies":[{"embeddable":true,"href":"http:\/\/klubmamgdynia.pl\/index.php\/wp-json\/wp\/v2\/comments?post=1230"}],"wp:featuredmedia":[{"embeddable":true,"href":"http:\/\/klubmamgdynia.pl\/index.php\/wp-json\/wp\/v2\/media\/1231"}],"wp:attachment":[{"href":"http:\/\/klubmamgdynia.pl\/index.php\/wp-json\/wp\/v2\/media?parent=1230"}],"wp:term":[{"taxonomy":"product_cat","embeddable":true,"href":"http:\/\/klubmamgdynia.pl\/index.php\/wp-json\/wp\/v2\/product_cat?post=1230"},{"taxonomy":"product_tag","embeddable":true,"href":"http:\/\/klubmamgdynia.pl\/index.php\/wp-json\/wp\/v2\/product_tag?post=1230"}],"curies":[{"name":"wp","href":"https:\/\/api.w.org\/{rel}","templated":true}]}}