{"id":12301,"date":"2014-06-28T22:04:44","date_gmt":"2014-06-28T20:04:44","guid":{"rendered":"http:\/\/klubmamgdynia.pl\/index.php\/produkt\/tomy-ricky-zoom-zestaw-figurek-ricky-hank-helen-i-toot-20048\/"},"modified":"2026-05-17T22:39:24","modified_gmt":"2026-05-17T20:39:24","slug":"tomy-ricky-zoom-zestaw-figurek-ricky-hank-helen-i-toot-20048","status":"publish","type":"product","link":"http:\/\/klubmamgdynia.pl\/index.php\/produkt\/tomy-ricky-zoom-zestaw-figurek-ricky-hank-helen-i-toot-20048\/","title":{"rendered":"Tomy Ricky Zoom Zestaw Figurek Ricky Hank Helen I Toot 20048"},"content":{"rendered":"<p>Ricky Zoom &#8211; Zestaw figurek: Ricky, Helen, Hank i Toot &#8211; 20048 Witajcie w Ko\u0142owie \u2013 miasteczku, w kt\u00f3rym mieszkaj\u0105\u2026 motocykle. Uroczy bohaterowie serialu animowanego dla najm\u0142odszych dzieci w\u0142a\u015bnie pojawili si\u0119 w postaci figurek do zabawy, podczas kt\u00f3rej mo\u017cna odgrywa\u0107 wiele fascynuj\u0105cych przyg\u00f3d i akrobacji na torze wy\u015bcigowym. G\u0142\u00f3wnym bohaterem bajki jest tytu\u0142owy Ricky Zoom \u2013 czerwony motocykl, kt\u00f3ry wi\u0119kszo\u015b\u0107 czasu sp\u0119dza ze swoimi przyjaci\u00f3\u0142mi na organizowaniu wy\u015bcig\u00f3w i trening\u00f3w, cho\u0107 gdy kto\u015b z miasteczka potrzebuje pomocy, od razu wyrusza na ratunek. Jego rodzice to Helen i Hank \u2013 wi\u0119ksze motocykle pe\u0142ni\u0105ce funkcj\u0119 lider\u00f3w s\u0142u\u017cb ratunkowych, za\u015b m\u0142odsza siostrzyczka Ricky\u2019ego &#8211; Toot \u2013 to fioletowy s\u0142odziak, s\u0142yn\u0105cy jednak z ci\u0119tego j\u0119zyka i niewybrednych komentarzy. Zestaw sk\u0142ada si\u0119 z czterech figurek, kt\u00f3re stanowi\u0105 wierne kopie bajkowych postaci. Helen i Hank to figurki nieco wi\u0119kszych rozmiar\u00f3w, mierz\u0105ce ok. 11 cm d\u0142ugo\u015bci, za\u015b Ricky i Toot maj\u0105 kolejno 8 i 7 cm d\u0142ugo\u015bci. Motocykle zosta\u0142y pokryte farbami w \u017cywych i wyrazistych kolorach, a dzi\u0119ki ruchomym k\u00f3\u0142eczkom naprawd\u0119 si\u0119 poruszaj\u0105, co umo\u017cliwia wyj\u0105tkowo realistyczn\u0105 zabaw\u0119, szczeg\u00f3lnie gdy maluchy zdecyduj\u0105 si\u0119 powt\u00f3rzy\u0107 kt\u00f3ry\u015b z serialowych trik\u00f3w. Zestaw zawiera cztery wspomniane wcze\u015bniej figurki i jest przeznaczony dla dzieci powy\u017cej 3. roku \u017cycia. Zestaw figurek z bajki Ricky Zoom \u2013 informacje dodatkowe: Producent: Tomy Seria: Ricky Zoom Numer katalogowy: T20048 Wiek dziecka: + 3 lata Wymiary opakowania: 25 cm x 23 cm x 7,5 cm<\/p>\n<h2>Tomy Ricky Zoom Zestaw Figurek Ricky Hank Helen I Toot 20048 Tomy<\/h2>\n<p>zagadki na inteligencje, quiz bo\u017ce narodzenie, gry dla nastolatk\u00f3w, kolorowanka uk\u0142ad s\u0142oneczny dla dzieci do druku, psikusy na prima aprilis, quizy geograficzne, kolorowanki konie, wiosenne zagadki, \u0142amig\u0142\u00f3wki logiczne dla dzieci<\/p>\n<p>yyyyy<\/p>\n<p>&nbsp;<\/p>\n","protected":false},"excerpt":{"rendered":"<p>Ricky Zoom &#8211; Zestaw figurek: Ricky, Helen, Hank i Toot &#8211; 20048 Witajcie w Ko\u0142owie \u2013 miasteczku, w kt\u00f3rym mieszkaj\u0105\u2026 motocykle. Uroczy bohaterowie serialu animowanego dla najm\u0142odszych dzieci w\u0142a\u015bnie pojawili si\u0119 w postaci figurek do zabawy, podczas kt\u00f3rej mo\u017cna odgrywa\u0107 wiele fascynuj\u0105cych przyg\u00f3d i akrobacji na torze wy\u015bcigowym. G\u0142\u00f3wnym bohaterem bajki jest tytu\u0142owy Ricky Zoom [&hellip;]<\/p>\n","protected":false},"featured_media":12302,"comment_status":"closed","ping_status":"open","template":"","meta":[],"product_cat":[95,1327],"product_tag":[700,653,601,623,600],"class_list":["post-12301","product","type-product","status-publish","has-post-thumbnail","hentry","product_cat-figurki-makiety-i-zestawy","product_cat-tomy","product_tag-bajki-do-czytania-dla-dzieci","product_tag-warszawa-dla-dzieci","product_tag-zagadki-co-to-jest","product_tag-zagadki-logiczne-smieszne","product_tag-zaproszenia-na-urodziny-do-druku"],"_links":{"self":[{"href":"http:\/\/klubmamgdynia.pl\/index.php\/wp-json\/wp\/v2\/product\/12301","targetHints":{"allow":["GET"]}}],"collection":[{"href":"http:\/\/klubmamgdynia.pl\/index.php\/wp-json\/wp\/v2\/product"}],"about":[{"href":"http:\/\/klubmamgdynia.pl\/index.php\/wp-json\/wp\/v2\/types\/product"}],"replies":[{"embeddable":true,"href":"http:\/\/klubmamgdynia.pl\/index.php\/wp-json\/wp\/v2\/comments?post=12301"}],"wp:featuredmedia":[{"embeddable":true,"href":"http:\/\/klubmamgdynia.pl\/index.php\/wp-json\/wp\/v2\/media\/12302"}],"wp:attachment":[{"href":"http:\/\/klubmamgdynia.pl\/index.php\/wp-json\/wp\/v2\/media?parent=12301"}],"wp:term":[{"taxonomy":"product_cat","embeddable":true,"href":"http:\/\/klubmamgdynia.pl\/index.php\/wp-json\/wp\/v2\/product_cat?post=12301"},{"taxonomy":"product_tag","embeddable":true,"href":"http:\/\/klubmamgdynia.pl\/index.php\/wp-json\/wp\/v2\/product_tag?post=12301"}],"curies":[{"name":"wp","href":"https:\/\/api.w.org\/{rel}","templated":true}]}}