{"id":12305,"date":"2019-06-24T16:32:12","date_gmt":"2019-06-24T14:32:12","guid":{"rendered":"http:\/\/klubmamgdynia.pl\/index.php\/produkt\/simba-disney-kraina-lodu-pilka-do-skakania\/"},"modified":"2026-04-20T06:11:35","modified_gmt":"2026-04-20T04:11:35","slug":"simba-disney-kraina-lodu-pilka-do-skakania","status":"publish","type":"product","link":"http:\/\/klubmamgdynia.pl\/index.php\/produkt\/simba-disney-kraina-lodu-pilka-do-skakania\/","title":{"rendered":"Simba Disney Kraina Lodu Pi\u0142ka Do Skakania"},"content":{"rendered":"<p>Dzi\u0119ki pi\u0142ce dziecko rozwija umiej\u0119tno\u015bci koordynacyjno &#8211; ruchowe a przy tym \u015bwietnie si\u0119 bawi.Pi\u0142ka pokryta futerkiem dzieki czemu jest milusia w dotyku. Pi\u0142k\u0119 zdobi u\u015bmiechni\u0119ta twarz Olafa z wystaj\u0105cym marchewkowym nosem. \u015arednica: 45 cm Simba Toys Polska jest sp\u00f3\u0142k\u0105 nale\u017c\u0105c\u0105 do niemieckiego koncernu Simba Dickie Group. Grupa Simba &amp; Dickie jest jednym z pi\u0119ciu najwi\u0119kszych w Europie producent\u00f3w i dystrybutor\u00f3w zabawek takich jak: lalki, samochody, zabawki interaktywne i wiele innych. Naszym priorytetem jest dbanie o wysok\u0105 jako\u015b\u0107 zabawek. Zalety naszych produkt\u00f3w pozna\u0142y dzieci na ca\u0142ym \u015bwiecie.Wiek:od 3 latMateria\u0142:tworzywo sztucznekolory:bia\u0142yWymiary produktu:\u015brednica 45 cmWymiary opakowania:26 x 21 x 10 (cm)<\/p>\n<h2>Simba Disney Kraina Lodu Pi\u0142ka Do Skakania Simba<\/h2>\n<p>quiz z bajek, kolorowanki konie z je\u017ad\u017acem, wiersz o wakacjach, ka\u0142u\u017cy\u015bci, zagadki na inteligencje, plac zamkowy, zagadki dla dzieci o zwierz\u0119tach, papuga kolorowanka, kiedy dzieci chodza na halloween, prezent dla nastoletniego ch\u0142opca, pani wiosna do druku, teksty ko\u0142ysanek, ozdoby choinkowe dla dzieci, \u015bwinka peppa kolorowanka, pisanie po \u015bladzie do druku pdf, kolorowanka kotki do druku, swinka peppa do czytania<\/p>\n<p>yyyyy<\/p>\n<p>&nbsp;<\/p>\n","protected":false},"excerpt":{"rendered":"<p>Dzi\u0119ki pi\u0142ce dziecko rozwija umiej\u0119tno\u015bci koordynacyjno &#8211; ruchowe a przy tym \u015bwietnie si\u0119 bawi.Pi\u0142ka pokryta futerkiem dzieki czemu jest milusia w dotyku. Pi\u0142k\u0119 zdobi u\u015bmiechni\u0119ta twarz Olafa z wystaj\u0105cym marchewkowym nosem. \u015arednica: 45 cm Simba Toys Polska jest sp\u00f3\u0142k\u0105 nale\u017c\u0105c\u0105 do niemieckiego koncernu Simba Dickie Group. Grupa Simba &amp; Dickie jest jednym z pi\u0119ciu najwi\u0119kszych [&hellip;]<\/p>\n","protected":false},"featured_media":12306,"comment_status":"closed","ping_status":"open","template":"","meta":[],"product_cat":[293,279],"product_tag":[716,868,635,615],"class_list":["post-12305","product","type-product","status-publish","has-post-thumbnail","hentry","product_cat-pilki-dla-dzieci","product_cat-simba","product_tag-filmy-animowane-o-swietach","product_tag-quizy-dla-dzieci","product_tag-znaki-drogowe-do-druku","product_tag-znane-misie-z-filmow-animowanych"],"_links":{"self":[{"href":"http:\/\/klubmamgdynia.pl\/index.php\/wp-json\/wp\/v2\/product\/12305","targetHints":{"allow":["GET"]}}],"collection":[{"href":"http:\/\/klubmamgdynia.pl\/index.php\/wp-json\/wp\/v2\/product"}],"about":[{"href":"http:\/\/klubmamgdynia.pl\/index.php\/wp-json\/wp\/v2\/types\/product"}],"replies":[{"embeddable":true,"href":"http:\/\/klubmamgdynia.pl\/index.php\/wp-json\/wp\/v2\/comments?post=12305"}],"wp:featuredmedia":[{"embeddable":true,"href":"http:\/\/klubmamgdynia.pl\/index.php\/wp-json\/wp\/v2\/media\/12306"}],"wp:attachment":[{"href":"http:\/\/klubmamgdynia.pl\/index.php\/wp-json\/wp\/v2\/media?parent=12305"}],"wp:term":[{"taxonomy":"product_cat","embeddable":true,"href":"http:\/\/klubmamgdynia.pl\/index.php\/wp-json\/wp\/v2\/product_cat?post=12305"},{"taxonomy":"product_tag","embeddable":true,"href":"http:\/\/klubmamgdynia.pl\/index.php\/wp-json\/wp\/v2\/product_tag?post=12305"}],"curies":[{"name":"wp","href":"https:\/\/api.w.org\/{rel}","templated":true}]}}