{"id":12307,"date":"2024-11-27T05:27:57","date_gmt":"2024-11-27T04:27:57","guid":{"rendered":"http:\/\/klubmamgdynia.pl\/?post_type=product&#038;p=12307"},"modified":"2026-05-17T20:54:13","modified_gmt":"2026-05-17T18:54:13","slug":"natruba-naturalny-gryzak-zabawka-do-kapieli-paw-niebieski","status":"publish","type":"product","link":"http:\/\/klubmamgdynia.pl\/index.php\/produkt\/natruba-naturalny-gryzak-zabawka-do-kapieli-paw-niebieski\/","title":{"rendered":"Natruba Naturalny gryzak zabawka do k\u0105pieli Paw niebieski"},"content":{"rendered":"<p>Naturalny gryzak z kauczuku. Gryzak zosta\u0142 r\u0119cznie wykonany z naturalnego kauczuku pochodz\u0105cego ze Sri Lanki. Pomalowany bezpiecznymi barwnikami spo\u017cywczymi.Gryzak mo\u017ce by\u0107 te\u017c zabawk\u0105 do k\u0105pieli. Nie posiada otwor\u00f3w, dzi\u0119ki czemu nie gromadz\u0105 si\u0119 w nim ple\u015bnie i grzyby.Kauczuk, z kt\u00f3rego wykonano zabawk\u0119, jest naturalny, ekologiczny, nietoksyczny (wolny od PCV, BPA, ftalan\u00f3w, nitrozamin).Opakowanie wykonano z kartonu. Celuloza posiada certyfikat FSC &#8211; pochodzi ze zr\u00f3wnowa\u017conych upraw le\u015bnych.Wewn\u0105trz zabawka owini\u0119ta jest w biodegradowalny, podlegaj\u0105cy recyklingowi, rozdrobiony papier makulaturowy z certyfikatem FSC, wyprodukowany w Wielkiej Brytanii.Czyszczenie: lekko namocz szmatk\u0119, mo\u017cesz u\u017cy\u0107 p\u0142atk\u00f3w mydlanych, \u017ceby zmydli\u0107 wod\u0119. Przemyj dok\u0142adnie gryzak i wyp\u0142ucz. Pozostaw do wyschni\u0119cia. Nie myj w zmywarce. Nie sterylizuj w kuchence mikrofalowej. Mo\u017cesz u\u017cy\u0107 do czyszczenia Spray do mycia zabawek na bazie kwask\u00f3w cytrynowych.Wyczy\u015b\u0107 przed pierwszym u\u017cyciem.Przechowuj w suchym miejscu w normalnej domowej temperaturze.Nie wystawiaj na bezpo\u015brednie dzia\u0142anie promieni s\u0142onecznych lub bezpo\u015bredniego ciep\u0142a.W \u015brodku w pude\u0142ku znajduje si\u0119 broszurka z certyfikatem FSC oraz porady bezpiecze\u0144stwa, informacje o czyszczeniu, przechowywaniu (11 j\u0119zyk\u00f3w DK \/ NO, EN, SE, DE, FR, ES, IT, NL, PL i RU).UWAGA:1) r\u0119cznie wykonane i malowane produkty mog\u0105 nieco r\u00f3\u017cni\u0107 si\u0119 od siebie, dlatego s\u0105 tak wyj\u0105tkowe. Lekka r\u00f3\u017cnica w kolorze wynika z naturalnych barwnik\u00f3w ro\u015blinnych. Produkt mo\u017ce blakn\u0105\u0107 po wystawieniu na bezpo\u015brednie dzia\u0142anie s\u0142o\u0144ca.2) kauczuk jest naturaln\u0105 gum\u0105, w zwi\u0105zku z tym mog\u0105 wyst\u0105pi\u0107 reakcje alergiczne po kontakcie z nim, chocia\u017c s\u0105 niezwykle rzadkie. Nale\u017cy zaprzesta\u0107 u\u017cywania zabawki, je\u015bli wyst\u0105pi reakcja alergiczna.3) zabawka przeznaczona dla dzieci od 0+m. W razie nadgryzienia natychmiast zaprzesta\u0107 u\u017cywania. Dziecko powinno bawi\u0107 si\u0119 gryzakiem pod nadzorem doros\u0142ego.Produkt posiada certyfikat CE.<\/p>\n<h2>Natruba Naturalny gryzak zabawka do k\u0105pieli Paw niebieski <\/h2>\n<p>pole dyniowe pozna\u0144, irma, kolorowanka piesek do druku, krotkie zagadki, gda\u0144sk atrakcje dla m\u0142odzie\u017cy, imiona dla dzieci 2019, prezent dla nastolatk\u00f3w, quiz minecraft, bajka terapeutyczna o dokuczaniu, kolorowanki samochody, zagadki dla doros\u0142ych, znaczenie imiona alan, rysowanki, m\u0105dre cytaty dla dzieci, kalina imi\u0119, najpi\u0119kniejsze cytaty o przyja\u017ani<\/p>\n<p>yyyyy<\/p>\n<p>&nbsp;<\/p>\n","protected":false},"excerpt":{"rendered":"<p>Naturalny gryzak z kauczuku. Gryzak zosta\u0142 r\u0119cznie wykonany z naturalnego kauczuku pochodz\u0105cego ze Sri Lanki. Pomalowany bezpiecznymi barwnikami spo\u017cywczymi.Gryzak mo\u017ce by\u0107 te\u017c zabawk\u0105 do k\u0105pieli. Nie posiada otwor\u00f3w, dzi\u0119ki czemu nie gromadz\u0105 si\u0119 w nim ple\u015bnie i grzyby.Kauczuk, z kt\u00f3rego wykonano zabawk\u0119, jest naturalny, ekologiczny, nietoksyczny (wolny od PCV, BPA, ftalan\u00f3w, nitrozamin).Opakowanie wykonano z kartonu. [&hellip;]<\/p>\n","protected":false},"featured_media":12308,"comment_status":"closed","ping_status":"open","template":"","meta":[],"product_cat":[1498],"product_tag":[729,749,748,783,738],"class_list":["post-12307","product","type-product","status-publish","has-post-thumbnail","hentry","product_cat-zabawki-do-kapieli","product_tag-madre-bajki-dla-dzieci-do-czytania","product_tag-najlepsze-zarty-na-prima-aprilis","product_tag-okolice-wroclawia-atrakcje","product_tag-prezenty-na-roczek-dla-chlopca","product_tag-wroclaw-dla-dzieci"],"_links":{"self":[{"href":"http:\/\/klubmamgdynia.pl\/index.php\/wp-json\/wp\/v2\/product\/12307","targetHints":{"allow":["GET"]}}],"collection":[{"href":"http:\/\/klubmamgdynia.pl\/index.php\/wp-json\/wp\/v2\/product"}],"about":[{"href":"http:\/\/klubmamgdynia.pl\/index.php\/wp-json\/wp\/v2\/types\/product"}],"replies":[{"embeddable":true,"href":"http:\/\/klubmamgdynia.pl\/index.php\/wp-json\/wp\/v2\/comments?post=12307"}],"wp:featuredmedia":[{"embeddable":true,"href":"http:\/\/klubmamgdynia.pl\/index.php\/wp-json\/wp\/v2\/media\/12308"}],"wp:attachment":[{"href":"http:\/\/klubmamgdynia.pl\/index.php\/wp-json\/wp\/v2\/media?parent=12307"}],"wp:term":[{"taxonomy":"product_cat","embeddable":true,"href":"http:\/\/klubmamgdynia.pl\/index.php\/wp-json\/wp\/v2\/product_cat?post=12307"},{"taxonomy":"product_tag","embeddable":true,"href":"http:\/\/klubmamgdynia.pl\/index.php\/wp-json\/wp\/v2\/product_tag?post=12307"}],"curies":[{"name":"wp","href":"https:\/\/api.w.org\/{rel}","templated":true}]}}