{"id":12309,"date":"2014-12-09T15:42:01","date_gmt":"2014-12-09T14:42:01","guid":{"rendered":"http:\/\/klubmamgdynia.pl\/index.php\/produkt\/wowwee-fingerlings-interaktywny-lisek-sarah\/"},"modified":"2026-05-17T20:53:57","modified_gmt":"2026-05-17T18:53:57","slug":"wowwee-fingerlings-interaktywny-lisek-sarah","status":"publish","type":"product","link":"http:\/\/klubmamgdynia.pl\/index.php\/produkt\/wowwee-fingerlings-interaktywny-lisek-sarah\/","title":{"rendered":"Wowwee Fingerlings Interaktywny Lisek Sarah"},"content":{"rendered":"<p>FINGERLINGS Interaktywny Lisek Sarah WowWee 3574Przygotujcie si\u0119 FINGERLINGS nadci\u0105gaj\u0105 i cudown\u0105 zabaw\u0119 zapewniaj\u0105. Od pierwszego spotkania skradn\u0105 serduszka doros\u0142ych i dzieci, nikt na ich urok nie pozostanie oboj\u0119tny. Jedno spojrzenie i przepadniecie, nie b\u0119dziecie chcieli rozstawa\u0107 si\u0119 z nimi za nic w \u015bwiecie. Ich s\u0142odkie figle i sztuczki Was rozczul\u0105, gdy po\u015bwi\u0119cicie im uwag\u0119 ch\u0119tnie podokazuj\u0105. Je\u015bli zabraknie im czu\u0142o\u015bci zaczepianiem i \u015bmiesznymi d\u017awi\u0119kami b\u0119d\u0105 o pieszczoty prosi\u0107. Cho\u0107 ma\u0142e przytulaski zainteresowania wymagaj\u0105, to z podw\u00f3jn\u0105 si\u0142\u0105 je oddaj\u0105. Wraz z ich pojawieniem si\u0119 mn\u00f3stwo pysznej zabawy i rado\u015bci w Twoim domu zago\u015bci!Do\u0142\u0105cz do ci\u0105gle powi\u0119kszaj\u0105cego si\u0119 grona wielbicieli FINGERLINGS. Obok nich nie da si\u0119 przej\u015b\u0107 oboj\u0119tnie! Urocze pieszczochy uwielbiaj\u0105 by\u0107 g\u0142askane, przytula\u0107 si\u0119, chwyta\u0107 za palca. Najbardziej na \u015bwiecie kochaj\u0105 by\u0107 blisko swojego opiekuna. Pokochaj i zaopiekuj si\u0119 cudownym Liskiem Sarah FINGERLINGS, a odkryjesz jego niezwyk\u0142e mo\u017cliwo\u015bci. Za spraw\u0105 dw\u00f3ch wbudowanych sensor\u00f3w potrafi reagowa\u0107 na dotyk i d\u017awi\u0119ki. Porusza g\u0142\u00f3wk\u0105, wydaje \u015bmieszne odg\u0142osy, a nawet w odpowiedzi na Twoje czu\u0142o\u015bci za\u015bpiewa. Przy odpowiednim traktowaniu odkryjesz 40 aktywno\u015bci s\u0142odkiego zwierzaczka. Kochaj i rozpieszczaj swojego pupila, a b\u0119dzie mrucza\u0142 i przesy\u0142a\u0142 s\u0142odkie buziaki.Wspania\u0142a zabawa z FINGERLINGS Liskiem Sarah gwarantowana! W opakowaniu znajduje si\u0119:interaktywny Lisek Sarah FINGERLINGSzabawka posiada 40 funkcjifigurka ma oko\u0142o 13 cm wysoko\u015bciwykonana wysokiej jako\u015bci tworzywa sztucznegozabawka przeznaczona dla dzieci od 5 roku \u017cycia<\/p>\n<h2>Wowwee Fingerlings Interaktywny Lisek Sarah WOWWEE<\/h2>\n<p>kolorowanki do druku zwierz\u0119ta, jordan co oznacza, jan pawe\u0142 2 rysunek \u0142atwy dla dzieci, jak narysowa\u0107 sanie miko\u0142aja, marianna, oliwier<\/p>\n<p>yyyyy<\/p>\n<p>&nbsp;<\/p>\n","protected":false},"excerpt":{"rendered":"<p>FINGERLINGS Interaktywny Lisek Sarah WowWee 3574Przygotujcie si\u0119 FINGERLINGS nadci\u0105gaj\u0105 i cudown\u0105 zabaw\u0119 zapewniaj\u0105. Od pierwszego spotkania skradn\u0105 serduszka doros\u0142ych i dzieci, nikt na ich urok nie pozostanie oboj\u0119tny. Jedno spojrzenie i przepadniecie, nie b\u0119dziecie chcieli rozstawa\u0107 si\u0119 z nimi za nic w \u015bwiecie. Ich s\u0142odkie figle i sztuczki Was rozczul\u0105, gdy po\u015bwi\u0119cicie im uwag\u0119 ch\u0119tnie [&hellip;]<\/p>\n","protected":false},"featured_media":12310,"comment_status":"closed","ping_status":"open","template":"","meta":[],"product_cat":[382,39],"product_tag":[580,743,627,846],"class_list":["post-12309","product","type-product","status-publish","has-post-thumbnail","hentry","product_cat-wowwee","product_cat-zabawki-interaktywne","product_tag-janusz","product_tag-quiz-dla-dzieci","product_tag-quiz-dzieci-z-bullerbyn","product_tag-rysowanki"],"_links":{"self":[{"href":"http:\/\/klubmamgdynia.pl\/index.php\/wp-json\/wp\/v2\/product\/12309","targetHints":{"allow":["GET"]}}],"collection":[{"href":"http:\/\/klubmamgdynia.pl\/index.php\/wp-json\/wp\/v2\/product"}],"about":[{"href":"http:\/\/klubmamgdynia.pl\/index.php\/wp-json\/wp\/v2\/types\/product"}],"replies":[{"embeddable":true,"href":"http:\/\/klubmamgdynia.pl\/index.php\/wp-json\/wp\/v2\/comments?post=12309"}],"wp:featuredmedia":[{"embeddable":true,"href":"http:\/\/klubmamgdynia.pl\/index.php\/wp-json\/wp\/v2\/media\/12310"}],"wp:attachment":[{"href":"http:\/\/klubmamgdynia.pl\/index.php\/wp-json\/wp\/v2\/media?parent=12309"}],"wp:term":[{"taxonomy":"product_cat","embeddable":true,"href":"http:\/\/klubmamgdynia.pl\/index.php\/wp-json\/wp\/v2\/product_cat?post=12309"},{"taxonomy":"product_tag","embeddable":true,"href":"http:\/\/klubmamgdynia.pl\/index.php\/wp-json\/wp\/v2\/product_tag?post=12309"}],"curies":[{"name":"wp","href":"https:\/\/api.w.org\/{rel}","templated":true}]}}