{"id":12313,"date":"2015-08-29T20:36:06","date_gmt":"2015-08-29T18:36:06","guid":{"rendered":"http:\/\/klubmamgdynia.pl\/index.php\/produkt\/poofi-kocyk-bambusowy-pure-kolor-cappuccino\/"},"modified":"2026-05-17T22:38:46","modified_gmt":"2026-05-17T20:38:46","slug":"poofi-kocyk-bambusowy-pure-kolor-cappuccino","status":"publish","type":"product","link":"http:\/\/klubmamgdynia.pl\/index.php\/produkt\/poofi-kocyk-bambusowy-pure-kolor-cappuccino\/","title":{"rendered":"Poofi Kocyk Bambusowy Pure Kolor Cappuccino"},"content":{"rendered":"<p>Rozmiar: 80&#215;100 cm Waga: 480 g Sk\u0142ad: 50% wiskoza bambusowa, 50% bawe\u0142na Produkcja: Polska Piel\u0119gnacja \/ pranie: Nie ma potrzeby aby nasze kocyki by\u0142y prane r\u0119cznie, mo\u017cna je wrzuci\u0107 do pralki z pozosta\u0142ymi ubrankami i bezpiecznie wypra\u0107 w temperaturze 40 stopni. Zalecamy suszy\u0107 kocyk na p\u0142asko &#8211; suszarka b\u0119bnowa mo\u017ce uszkodzi\u0107 delikatne w\u0142\u00f3kna koca. Certyfikaty: Wszystkie materia\u0142y u\u017cywane w produktach Poofi posiadaj\u0105 certyfikat Oeko Tex Standard 100 w klasie 1 (dopuszczone do bezpo\u015bredniego kontaktu ze sk\u00f3r\u0105 noworodka).Kocyk bambusowy Poofi PURE sw\u0105 nazw\u0119 zawdzi\u0119cza swojemu klasycznemu, prostemu splotowi, kt\u00f3ry swoim subtelnym designem b\u0119dzie pasowa\u0142 absolutnie zawsze, wsz\u0119dzie i ka\u017cdemu. Mnogo\u015b\u0107 kolor\u00f3w jak\u0105 przygotowali\u015bmy dla tego splotu czyni go najbardziej po\u017c\u0105danym i uniwersalnym kocykiem w naszej ofercie.Kocyki bambusowe ciesz\u0105 si\u0119 ogromn\u0105 popularno\u015bci\u0105. Trudno si\u0119 dziwi\u0107 &#8211; s\u0105 niezwykle przyjemne i wdzi\u0119czne zar\u00f3wno w swej urodzie, jak i w u\u017cytkowaniu. S\u0105 lekkie, lej\u0105ce, delikatne, wr\u0119cz jedwabiste w dotyku, ciep\u0142e, oddychaj\u0105ce i efektowne. Kto ich dotyka\u0142 ten doskonale wie o czym tu piszemy :)Po\u0142\u0105czenie prz\u0119dzy bawe\u0142nianej i bambusowej w kocykach Poofi zapewnia bardzo dobre w\u0142a\u015bciwo\u015bci termoregulacyjne &#8211; utrzymuj\u0105 ciep\u0142o oraz jednocze\u015bnie przepuszczaj\u0105 powietrze. Drzemka pod takim kocykiem to prawdziwa przyjemno\u015b\u0107 i spokojny sen.Kocyk jest odpowiedni ju\u017c od pierwszych dni \u017cycia. Jego du\u017cy rozmiar, sprawdzi si\u0119 tak\u017ce jako otulacz. Jest lekki, \u015bwietny na drzemki w domowym zaciszu, na spacerze, w samochodzie.Kiedy go we\u017amiesz do r\u0119ki, zaskoczy Ci\u0119 jego mi\u0119kko\u015b\u0107, temperatura, lekko\u015b\u0107 i jako\u015b\u0107 wykonania. To kocyk, kt\u00f3ry z pewno\u015bci\u0105 ucieszy ka\u017cd\u0105 mam\u0119 &#8211; jest wymarzonym prezentem dla maluszka.Kocyk bambusowy PURE mo\u017cemy spakowa\u0107 w bawe\u0142niany woreczek, kt\u00f3ry znajdziesz w produktach polecanych.Co wyr\u00f3\u017cnia kocyki Poofi? \u2022 rozmiar Wszystkie kocyki Poofi dziergane s\u0105 w rozmiarze 80&#215;100 cm. To doskona\u0142y rozmiar zar\u00f3wno dla noworodk\u00f3w jak i dla starszak\u00f3w. Taki rozmiar pozwoli u\u017cywa\u0107 kocyk\u00f3w znacznie d\u0142u\u017cej. \u2022 opakowania Kocyki Poofi mo\u017cemy spakowa\u0107 w uroczy bawe\u0142niany woreczek, kt\u00f3ry znajdziesz w produktach polecanych. To idealna opcja na prezent. \u2022 delikatna metka \u017cakardowa Kocyki Poofi maj\u0105 ma\u0142\u0105, subteln\u0105 i eleganck\u0105 metk\u0119 \u017cakardow\u0105, kt\u00f3ra nadaje naszym kocykom stylu. \u2022 kocyki Poofi mo\u017cna pra\u0107 w pralce Nie ma potrzeby aby nasze kocyki by\u0142y prane r\u0119cznie, mo\u017cna je wrzuci\u0107 do pralki z pozosta\u0142ymi ubrankami i bezpiecznie wypra\u0107 w temperaturze 40 stopni. \u2022 du\u017cy wyb\u00f3r kolor\u00f3w i splot\u00f3w oraz mo\u017cliwo\u015b\u0107 dopasowania kolor\u00f3w do pozosta\u0142ej oferty produkt\u00f3w Kocyki Poofi mo\u017cesz dopasowywa\u0107 kolorystycznie do pozosta\u0142ej oferty produkt\u00f3w np. prze\u015bcierade\u0142 i poduszek.Jak wygl\u0105da proces powstawania kocyk\u00f3w Poofi?Najpierw rodzi si\u0119 potrzeba koloru i pomys\u0142 na splot. Inspiracji szukamy najcz\u0119\u015bciej w\u015br\u00f3d splot\u00f3w sweterkowych na r\u00f3\u017cnego rodzaju forach dziewiarskich. Wybieramy kilka z nich i modyfikujemy wed\u0142ug w\u0142asnych wizji.Pomys\u0142 jest przekazywany do dziewiarni, gdzie robione s\u0105 pr\u00f3by splot\u00f3w. Najpierw testujemy splot. W pierwszej kolejno\u015bci sploty s\u0105 przek\u0142adane na j\u0119zyk programistyczny maszyny dziewiarskiej. W trakcie test\u00f3w splot jest regulowany i poprawiany w taki spos\u00f3b, aby kocyk si\u0119 nie skr\u0119ca\u0142 i trzyma\u0142 form\u0119. Czasami okazuje si\u0119, \u017ce konieczna jest zmiana splotu lub nawet ca\u0142ej koncepcji.Na przygotowanych pr\u00f3bkach, robione s\u0105 testy prania, suszenia i kocyk\u00f3w, tak aby\u015bmy mieli pewno\u015b\u0107, \u017ce produkty poradz\u0105 sobie z codziennymi rytua\u0142ami w domach naszych klient\u00f3w.W tym samym czasie trwaj\u0105 prace nad kolorem. Do dedykowanego laboratorium dostarczamy pr\u00f3bki kolor\u00f3w, do tego celu i lepszej precyzji w komunikacji operujemy profesjonalnym pr\u00f3bnikiem kolor\u00f3w PANTONE.Po ok 2-4 tygodniach otrzymujemy wybarwione nitki naszej prz\u0119dzy i oceniamy czy powsta\u0142e kolory s\u0105 zgodne z naszymi oczekiwaniami.Je\u015bli wszystko si\u0119 zgadza wybarwiamy ca\u0142\u0105, wielk\u0105 parti\u0119 prz\u0119dzy, kt\u00f3ra nast\u0119pnie trafia do dziewiarni. Kiedy koce schodz\u0105 z maszyn dziewiarskich, wysy\u0142ane s\u0105 do ekologicznej pralni, kt\u00f3ra stabilizuje rozmiar koca, wykurcza wszystkie lu\u017ane oczka i za pomoc\u0105 bezpiecznych \u015brodk\u00f3w pior\u0105cych wyka\u0144cza ca\u0142y proces produkcyjny.Ostatnim krokiem jest naszywanie metek, parowanie, sk\u0142adanie i pakowanie do bawe\u0142nianych woreczk\u00f3w.Du\u017co pracy &#8211; ale za ka\u017cdym razem efekt nas zachwyca. Uwielbiamy nasze kocyki i wiemy, \u017ce nigdy nam si\u0119 nie znudzi ich projektowanie. Kocyk bambusowy POOFI Pure to produkt w 100% stworzony w Polsce Dzi\u0119kujemy, Poofi Team<\/p>\n<h2>Poofi Kocyk Bambusowy Pure Kolor Cappuccino Poofi<\/h2>\n<p>atrakcje dla dzieci wroc\u0142aw i okolice, podzi\u0119kowania dla nauczyciela cytaty, audiobooki dla dzieci za darmo, zagadki na myslenie, kontynenty dla dzieci do druku, zagadki halloween dla dzieci, prezent dla dwunastolatka<\/p>\n<p>yyyyy<\/p>\n<p>&nbsp;<\/p>\n","protected":false},"excerpt":{"rendered":"<p>Rozmiar: 80&#215;100 cm Waga: 480 g Sk\u0142ad: 50% wiskoza bambusowa, 50% bawe\u0142na Produkcja: Polska Piel\u0119gnacja \/ pranie: Nie ma potrzeby aby nasze kocyki by\u0142y prane r\u0119cznie, mo\u017cna je wrzuci\u0107 do pralki z pozosta\u0142ymi ubrankami i bezpiecznie wypra\u0107 w temperaturze 40 stopni. Zalecamy suszy\u0107 kocyk na p\u0142asko &#8211; suszarka b\u0119bnowa mo\u017ce uszkodzi\u0107 delikatne w\u0142\u00f3kna koca. Certyfikaty: [&hellip;]<\/p>\n","protected":false},"featured_media":12314,"comment_status":"closed","ping_status":"open","template":"","meta":[],"product_cat":[1006,2116],"product_tag":[673,775,788],"class_list":["post-12313","product","type-product","status-publish","has-post-thumbnail","hentry","product_cat-koce-i-narzuty-dzieciece","product_cat-poofi","product_tag-juz-blisko-koleda-tekst","product_tag-kolorowanki-do-druku-pokemon","product_tag-zagadki-krotkie"],"_links":{"self":[{"href":"http:\/\/klubmamgdynia.pl\/index.php\/wp-json\/wp\/v2\/product\/12313","targetHints":{"allow":["GET"]}}],"collection":[{"href":"http:\/\/klubmamgdynia.pl\/index.php\/wp-json\/wp\/v2\/product"}],"about":[{"href":"http:\/\/klubmamgdynia.pl\/index.php\/wp-json\/wp\/v2\/types\/product"}],"replies":[{"embeddable":true,"href":"http:\/\/klubmamgdynia.pl\/index.php\/wp-json\/wp\/v2\/comments?post=12313"}],"wp:featuredmedia":[{"embeddable":true,"href":"http:\/\/klubmamgdynia.pl\/index.php\/wp-json\/wp\/v2\/media\/12314"}],"wp:attachment":[{"href":"http:\/\/klubmamgdynia.pl\/index.php\/wp-json\/wp\/v2\/media?parent=12313"}],"wp:term":[{"taxonomy":"product_cat","embeddable":true,"href":"http:\/\/klubmamgdynia.pl\/index.php\/wp-json\/wp\/v2\/product_cat?post=12313"},{"taxonomy":"product_tag","embeddable":true,"href":"http:\/\/klubmamgdynia.pl\/index.php\/wp-json\/wp\/v2\/product_tag?post=12313"}],"curies":[{"name":"wp","href":"https:\/\/api.w.org\/{rel}","templated":true}]}}