{"id":12317,"date":"2013-02-02T19:07:24","date_gmt":"2013-02-02T18:07:24","guid":{"rendered":"http:\/\/klubmamgdynia.pl\/index.php\/produkt\/little-dutch-zestaw-miasto-50-el\/"},"modified":"2026-04-19T02:26:52","modified_gmt":"2026-04-19T00:26:52","slug":"little-dutch-zestaw-miasto-50-el","status":"publish","type":"product","link":"http:\/\/klubmamgdynia.pl\/index.php\/produkt\/little-dutch-zestaw-miasto-50-el\/","title":{"rendered":"Little Dutch Zestaw Miasto 50 El."},"content":{"rendered":"<p>Zestaw drewnianych klock\u00f3w Little Dutch miasto sk\u0142ada si\u0119 z 50 element\u00f3w z kt\u00f3rych mo\u017cna tworzy\u0107 r\u00f3\u017cne budynki- domy, sklepy. Zestaw pozwala na kreatywna zabaw\u0119 na wiele godzin. Elementy s\u0105 starannie wykonane z drewna z certyfikatem FSC (Forest Stewardship Council), malowane s\u0105 bezpiecznymi farbami na bazie wody.Little Dutch to holenderska firma rodzinna, prowadzona przez ma\u0142\u017ce\u0144stwo, kt\u00f3re wk\u0142ada ca\u0142e serce w tworzenie produkt\u00f3w dla najm\u0142odszych. W ofercie marki znajduj\u0105 si\u0119 doskona\u0142ej jako\u015bci tekstylia, produkowane z bawe\u0142ny organicznej z certyfikatem Oeko-tex, takie jak r\u0119czniki, \u015bpiworki do spania, otulacze, akcesoria do pokoik\u00f3w dzieci\u0119cych oraz zabawki sensoryczne dla niemowl\u0105t, jak r\u00f3wnie\u017c zabawki, czy pojazdy wytwarzane z drewna. Produkty Little Dutch cechuje spokojna, pastelowa kolorystyka.<\/p>\n<h2>Little Dutch Zestaw Miasto 50 El. Little Dutch<\/h2>\n<p>karnawa\u0142 maska karnawa\u0142owa szablon, mini zoo mazowieckie, pozytywne cytaty mama cytaty, imi\u0119 liwia, quiz dzieci z bullerbyn, zagadki dla 5 latka, alfabet kolorowanki, pola imie, test z pana kleksa, test na znaki drogowe, co kupi\u0107 na roczek dla ch\u0142opca, zagadki o owocach, co robi\u0107 z dzieckiem w warszawie, kalina imi\u0119, lol do druku, \u015bmieszne zagadki matematyczne, atrakcje dla dzieci we wroc\u0142awiu, kira imi\u0119<\/p>\n<p>yyyyy<\/p>\n<p>&nbsp;<\/p>\n","protected":false},"excerpt":{"rendered":"<p>Zestaw drewnianych klock\u00f3w Little Dutch miasto sk\u0142ada si\u0119 z 50 element\u00f3w z kt\u00f3rych mo\u017cna tworzy\u0107 r\u00f3\u017cne budynki- domy, sklepy. Zestaw pozwala na kreatywna zabaw\u0119 na wiele godzin. Elementy s\u0105 starannie wykonane z drewna z certyfikatem FSC (Forest Stewardship Council), malowane s\u0105 bezpiecznymi farbami na bazie wody.Little Dutch to holenderska firma rodzinna, prowadzona przez ma\u0142\u017ce\u0144stwo, kt\u00f3re [&hellip;]<\/p>\n","protected":false},"featured_media":12318,"comment_status":"closed","ping_status":"open","template":"","meta":[],"product_cat":[113,167],"product_tag":[611,755,585,708,592],"class_list":["post-12317","product","type-product","status-publish","has-post-thumbnail","hentry","product_cat-klocki","product_cat-little-dutch","product_tag-bajki-do-czytania-psi-patrol","product_tag-henryk","product_tag-kolorowanki-dla-chlopcow","product_tag-zabawy-ruchowe-dla-dzieci","product_tag-zagadki-dla-dzieci"],"_links":{"self":[{"href":"http:\/\/klubmamgdynia.pl\/index.php\/wp-json\/wp\/v2\/product\/12317","targetHints":{"allow":["GET"]}}],"collection":[{"href":"http:\/\/klubmamgdynia.pl\/index.php\/wp-json\/wp\/v2\/product"}],"about":[{"href":"http:\/\/klubmamgdynia.pl\/index.php\/wp-json\/wp\/v2\/types\/product"}],"replies":[{"embeddable":true,"href":"http:\/\/klubmamgdynia.pl\/index.php\/wp-json\/wp\/v2\/comments?post=12317"}],"wp:featuredmedia":[{"embeddable":true,"href":"http:\/\/klubmamgdynia.pl\/index.php\/wp-json\/wp\/v2\/media\/12318"}],"wp:attachment":[{"href":"http:\/\/klubmamgdynia.pl\/index.php\/wp-json\/wp\/v2\/media?parent=12317"}],"wp:term":[{"taxonomy":"product_cat","embeddable":true,"href":"http:\/\/klubmamgdynia.pl\/index.php\/wp-json\/wp\/v2\/product_cat?post=12317"},{"taxonomy":"product_tag","embeddable":true,"href":"http:\/\/klubmamgdynia.pl\/index.php\/wp-json\/wp\/v2\/product_tag?post=12317"}],"curies":[{"name":"wp","href":"https:\/\/api.w.org\/{rel}","templated":true}]}}