{"id":12319,"date":"2018-12-14T21:36:11","date_gmt":"2018-12-14T20:36:11","guid":{"rendered":"http:\/\/klubmamgdynia.pl\/index.php\/produkt\/womar-zaffiro-mufka-do-wozka-ciepla-welniana-1-czesciowa-wzor-szary\/"},"modified":"2026-04-28T07:06:47","modified_gmt":"2026-04-28T05:06:47","slug":"womar-zaffiro-mufka-do-wozka-ciepla-welniana-1-czesciowa-wzor-szary","status":"publish","type":"product","link":"http:\/\/klubmamgdynia.pl\/index.php\/produkt\/womar-zaffiro-mufka-do-wozka-ciepla-welniana-1-czesciowa-wzor-szary\/","title":{"rendered":"Womar Zaffiro Mufka Do W\u00f3zka Ciep\u0142a We\u0142niana 1 Cz\u0119sciowa Wz\u00f3r Szary"},"content":{"rendered":"<p>JEDNOCZ\u0118\u015aCIOWA MUFKA iMOVE ZAFFIRO Z NATURALN\u0104 WE\u0141N\u0104 100%WZ\u00d3R: MELAN\u017b SZARYZapewnia ciep\u0142o i wygod\u0119 nawet w bardzo mro\u017ane dniWygodniejsze ni\u017c r\u0119kawiczki &#8211; pozwalaj\u0105 na szybk\u0105 reakcj\u0119 rodzica np. na spadaj\u0105c\u0105 czapeczk\u0119 lub kocyk, a jednocze\u015bnie zapewniaj\u0105 ciep\u0142o i komfort &#8211; wystarczy szybko wsun\u0105\u0107 r\u0119ce do \u015brodka.Chroni d\u0142onie przed wiatrem, deszczem, \u015bniegiem.Wype\u0142nienie z naturalnej we\u0142ny gwarantuje znakomite ciep\u0142o.Produkowane wy\u0142\u0105cznie w Polsce.Wysoka jako\u015b\u0107 &#8211; produkowane w PolsceGwarantujemy szybk\u0105 wysy\u0142k\u0119 w ciagu 24HDo 14 dni zwrot bez podawania przyczynyJEDNOCZ\u0118\u015aCIOWA MUFKA iMOVE ZAFFIRO Z NATURALN\u0104 WE\u0141N\u0104 100%WZ\u00d3R: MELAN\u017b SZARYZapewnia ciep\u0142o i wygod\u0119 nawet w bardzo mro\u017ane dniWygodniejsze ni\u017c r\u0119kawiczki &#8211; pozwalaj\u0105 na szybk\u0105 reakcj\u0119 rodzica np. na spadaj\u0105c\u0105 czapeczk\u0119 lub kocyk, a jednocze\u015bnie zapewniaj\u0105 ciep\u0142o i komfort &#8211; wystarczy szybko wsun\u0105\u0107 r\u0119ce do \u015brodka.Chroni d\u0142onie przed wiatrem, deszczem, \u015bniegiem.Wype\u0142nienie z naturalnej we\u0142ny gwarantuje znakomite ciep\u0142o.Produkowane wy\u0142\u0105cznie w Polsce.UNIWERSALNE I WYGODNE W MONTA\u017bUMufki iMOVE s\u0105 praktyczne, ciep\u0142e i uniwersalne &#8211; nadaj\u0105 si\u0119 do wszystkich:w\u00f3zk\u00f3w g\u0142\u0119bokichspacerowychsanekMufki posiadaj\u0105 uniwersalny rozmiar i s\u0105 \u0142atwe w mocowaniu na r\u0105czce w\u00f3zka dzi\u0119ki napom.STYLOWY DESIGNMufki zosta\u0142y zaprojektowane z najwi\u0119ksz\u0105 staranno\u015bci\u0105 i dba\u0142o\u015bci\u0105 o szczeg\u00f3\u0142y. Gwarantuj\u0105 elegancki wygl\u0105d w\u00f3zka, a dzi\u0119ki szerokiej gamie kolor\u00f3w i wzor\u00f3w pozwalaj\u0105 na stworzenie stylowego zestawu wraz ze \u015bpiworkiem Zaffiro.CIEP\u0141E I WODOODPORNEMufka od zewn\u0105trz pokryta jest najwy\u017cszej jako\u015bci nieprzemakaln\u0105, wodoodporn\u0105 i wiatroszczeln\u0105 tkanin\u0105. Skutecznie chroni d\u0142onie przed deszczem, \u015bniegiem i najzimniejszym wiatrem, a jednocze\u015bnie oddychaj\u0105ca tkanina dostarcza maksimum komfortu.Mufki Zaffiro s\u0105 produkowane w Polsce z polskich tkanin i materia\u0142\u00f3w, kt\u00f3re posiadaj\u0105 certyfikat Oeko-Tex\u00ae Standard 100.Nie odkszta\u0142caj\u0105 si\u0119 i nie trac\u0105 swoich parametr\u00f3w podczas u\u017cytkowania.ANTYALERGICZNA I EKOLOGICZNA WE\u0141NAMufki iMove s\u0105 mi\u0119kkie, solidne i ciep\u0142e. Posiadaj\u0105 doskona\u0142e w\u0142a\u015bciwo\u015bci izoluj\u0105ce przed zimnem.Od \u015brodka wype\u0142nione s\u0105 naturaln\u0105 mi\u0119ciutk\u0105 owcz\u0105 we\u0142n\u0105 odporn\u0105 na rozw\u00f3j roztoczy oraz posiadaj\u0105c\u0105 w\u0142a\u015bciwo\u015bci antyalergiczne.Owcze runo posiada w\u0142a\u015bciwo\u015bci neutralizuj\u0105ce szkodliwe substancje znajduj\u0105ce si\u0119 w powietrzu w pomieszczeniach zamkni\u0119tych oraz zapobiega rozwojowi zarazk\u00f3w. Rozwi\u0105zanie to jest szczeg\u00f3lnie polecane alergikom.DANE TECHNICZNEDane techniczne:mufka jednocz\u0119\u015bciowaszeroko\u015b\u0107: 40 cmwodoodporna (chroni przed deszczem i \u015bniegiem)wiatroszczelnaocieplana 100% naturaln\u0105 owcz\u0105 we\u0142n\u0105antyalergicznaatestowane materia\u0142yuniwersalny rozmiar\u0142atwy mona\u017c dzi\u0119ki napomidealna do gondoli, spacer\u00f3wki i na sankiPrzepis prania: Nie pra\u0107, nie chlorowa\u0107, nie prasowa\u0107, czy\u015bci\u0107 chemicznie delikatnie, suszy\u0107 w pozycji poziomej.Nie jeste\u015b zdecydowany(-a)? U nas otrzymasz:Szybk\u0105 dostaw\u0119Bezpieczne, oryginalne opakowanieDodatkowe zabezpieczenie przesy\u0142kiProdukty wysy\u0142amy w przeci\u0105gu 24h od poniedzia\u0142ku do pi\u0105tkuPosiadamy inne wzory i kolory mufek Zaffiro na pozostalych aukcjach.Masz jeszcze pytania? Ch\u0119tnie pomo\u017cemy!<\/p>\n<h2>Womar Zaffiro Mufka Do W\u00f3zka Ciep\u0142a We\u0142niana 1 Cz\u0119sciowa Wz\u00f3r Szary Zaffiro<\/h2>\n<p>przek\u0105ski na urodziny dziecka, quiz stolice europy, prezent dla roczniaka, wycinanki do druku, prezent dla roczniaka, kaczuszka, kotki kolorowanka, urodziny dziecka pomys\u0142y, kolorowanki minecraft<\/p>\n<p>yyyyy<\/p>\n<p>&nbsp;<\/p>\n","protected":false},"excerpt":{"rendered":"<p>JEDNOCZ\u0118\u015aCIOWA MUFKA iMOVE ZAFFIRO Z NATURALN\u0104 WE\u0141N\u0104 100%WZ\u00d3R: MELAN\u017b SZARYZapewnia ciep\u0142o i wygod\u0119 nawet w bardzo mro\u017ane dniWygodniejsze ni\u017c r\u0119kawiczki &#8211; pozwalaj\u0105 na szybk\u0105 reakcj\u0119 rodzica np. na spadaj\u0105c\u0105 czapeczk\u0119 lub kocyk, a jednocze\u015bnie zapewniaj\u0105 ciep\u0142o i komfort &#8211; wystarczy szybko wsun\u0105\u0107 r\u0119ce do \u015brodka.Chroni d\u0142onie przed wiatrem, deszczem, \u015bniegiem.Wype\u0142nienie z naturalnej we\u0142ny gwarantuje znakomite [&hellip;]<\/p>\n","protected":false},"featured_media":12320,"comment_status":"closed","ping_status":"open","template":"","meta":[],"product_cat":[127,1500],"product_tag":[761,670,606,577],"class_list":["post-12319","product","type-product","status-publish","has-post-thumbnail","hentry","product_cat-akcesoria-do-wozkow","product_cat-zaffiro","product_tag-choinko-piekna-jak-las-tekst","product_tag-irma","product_tag-stala-pod-sniegiem","product_tag-znaki-drogowe-test"],"_links":{"self":[{"href":"http:\/\/klubmamgdynia.pl\/index.php\/wp-json\/wp\/v2\/product\/12319","targetHints":{"allow":["GET"]}}],"collection":[{"href":"http:\/\/klubmamgdynia.pl\/index.php\/wp-json\/wp\/v2\/product"}],"about":[{"href":"http:\/\/klubmamgdynia.pl\/index.php\/wp-json\/wp\/v2\/types\/product"}],"replies":[{"embeddable":true,"href":"http:\/\/klubmamgdynia.pl\/index.php\/wp-json\/wp\/v2\/comments?post=12319"}],"wp:featuredmedia":[{"embeddable":true,"href":"http:\/\/klubmamgdynia.pl\/index.php\/wp-json\/wp\/v2\/media\/12320"}],"wp:attachment":[{"href":"http:\/\/klubmamgdynia.pl\/index.php\/wp-json\/wp\/v2\/media?parent=12319"}],"wp:term":[{"taxonomy":"product_cat","embeddable":true,"href":"http:\/\/klubmamgdynia.pl\/index.php\/wp-json\/wp\/v2\/product_cat?post=12319"},{"taxonomy":"product_tag","embeddable":true,"href":"http:\/\/klubmamgdynia.pl\/index.php\/wp-json\/wp\/v2\/product_tag?post=12319"}],"curies":[{"name":"wp","href":"https:\/\/api.w.org\/{rel}","templated":true}]}}