{"id":12323,"date":"2011-10-28T15:16:02","date_gmt":"2011-10-28T13:16:02","guid":{"rendered":"http:\/\/klubmamgdynia.pl\/index.php\/produkt\/vidaxl-granatowy-stalowy-spacerowy\/"},"modified":"2026-05-17T22:37:56","modified_gmt":"2026-05-17T20:37:56","slug":"vidaxl-granatowy-stalowy-spacerowy","status":"publish","type":"product","link":"http:\/\/klubmamgdynia.pl\/index.php\/produkt\/vidaxl-granatowy-stalowy-spacerowy\/","title":{"rendered":"Vidaxl Granatowy Stalowy Spacerowy"},"content":{"rendered":"<p>Wygodny i komfortowy w\u00f3zek dzieci\u0119cy jest doskona\u0142ym towarzyszem w codziennym \u017cyciu i podczas podr\u00f3\u017cy. W\u00f3zek posiada wygodny mechanizm do \u0142atwego sk\u0142adania i rozk\u0142adania jedn\u0105 r\u0119k\u0105, co u\u0142atwia przechowywanie i transport. Odchylane oparcie, kt\u00f3re mo\u017cna ustawi\u0107 w r\u00f3\u017cnych pozycjach i regulowany podn\u00f3\u017cek pozwalaj\u0105 Twojemu dziecku na relaks w komfortowych warunkach. Rozk\u0142adany daszek zapewnia maksymaln\u0105 ochron\u0119 przed bezpo\u015brednim dzia\u0142aniem promieni s\u0142onecznych i wiatrem. Przedni pa\u0142\u0105k zapobiega wypadkom. Dodatkowo kosz do przechowywania z \u0142atwo\u015bci\u0105 pomie\u015bci wszystkie niezb\u0119dne przedmioty codziennego u\u017cytku.<\/p>\n<h2>Vidaxl Granatowy Stalowy Spacerowy VidaXL<\/h2>\n<p>zagadka, prezent dla nastolatk\u00f3w 2020, parasol szablon do wydruku, roza imie, anastazja imi\u0119, ozdoby choinkowe dla dzieci, jak si\u0119 rysuje kota, test zaczarowana zagroda, wierszyk o wakacjach, krzy\u017c\u00f3wki dla dzieci, kaczuszka, cytat matka, gry z pi\u0142k\u0105, maski karnawa\u0142owe dla dzieci szablony, bajki dla dzieci za darmo, minionki do druku, origami dla dzieci, twarz wiosny do druku, wierszyk o wakacjach, rysowanie po \u015bladzie pdf, kolorowanki do wydruku<\/p>\n<p>yyyyy<\/p>\n<p>&nbsp;<\/p>\n","protected":false},"excerpt":{"rendered":"<p>Wygodny i komfortowy w\u00f3zek dzieci\u0119cy jest doskona\u0142ym towarzyszem w codziennym \u017cyciu i podczas podr\u00f3\u017cy. W\u00f3zek posiada wygodny mechanizm do \u0142atwego sk\u0142adania i rozk\u0142adania jedn\u0105 r\u0119k\u0105, co u\u0142atwia przechowywanie i transport. Odchylane oparcie, kt\u00f3re mo\u017cna ustawi\u0107 w r\u00f3\u017cnych pozycjach i regulowany podn\u00f3\u017cek pozwalaj\u0105 Twojemu dziecku na relaks w komfortowych warunkach. Rozk\u0142adany daszek zapewnia maksymaln\u0105 ochron\u0119 przed [&hellip;]<\/p>\n","protected":false},"featured_media":12324,"comment_status":"closed","ping_status":"open","template":"","meta":[],"product_cat":[23,71],"product_tag":[755,692,771,709,634],"class_list":["post-12323","product","type-product","status-publish","has-post-thumbnail","hentry","product_cat-vidaxl","product_cat-wozki-spacerowe","product_tag-henryk","product_tag-prezenty-na-roczek","product_tag-stolice-europy-quiz","product_tag-zagadki-dla-dzieci-6-7-lat","product_tag-zagadki-wielkanocne-dla-dzieci"],"_links":{"self":[{"href":"http:\/\/klubmamgdynia.pl\/index.php\/wp-json\/wp\/v2\/product\/12323","targetHints":{"allow":["GET"]}}],"collection":[{"href":"http:\/\/klubmamgdynia.pl\/index.php\/wp-json\/wp\/v2\/product"}],"about":[{"href":"http:\/\/klubmamgdynia.pl\/index.php\/wp-json\/wp\/v2\/types\/product"}],"replies":[{"embeddable":true,"href":"http:\/\/klubmamgdynia.pl\/index.php\/wp-json\/wp\/v2\/comments?post=12323"}],"wp:featuredmedia":[{"embeddable":true,"href":"http:\/\/klubmamgdynia.pl\/index.php\/wp-json\/wp\/v2\/media\/12324"}],"wp:attachment":[{"href":"http:\/\/klubmamgdynia.pl\/index.php\/wp-json\/wp\/v2\/media?parent=12323"}],"wp:term":[{"taxonomy":"product_cat","embeddable":true,"href":"http:\/\/klubmamgdynia.pl\/index.php\/wp-json\/wp\/v2\/product_cat?post=12323"},{"taxonomy":"product_tag","embeddable":true,"href":"http:\/\/klubmamgdynia.pl\/index.php\/wp-json\/wp\/v2\/product_tag?post=12323"}],"curies":[{"name":"wp","href":"https:\/\/api.w.org\/{rel}","templated":true}]}}