{"id":12327,"date":"2018-07-10T20:16:14","date_gmt":"2018-07-10T18:16:14","guid":{"rendered":"http:\/\/klubmamgdynia.pl\/index.php\/produkt\/sliniak-frotte-30cm-smok\/"},"modified":"2026-04-06T00:52:23","modified_gmt":"2026-04-05T22:52:23","slug":"sliniak-frotte-30cm-smok","status":"publish","type":"product","link":"http:\/\/klubmamgdynia.pl\/index.php\/produkt\/sliniak-frotte-30cm-smok\/","title":{"rendered":"\u015aliniak Frotte 30CM Smok"},"content":{"rendered":"<p>\u015aliniak Frotte Smok 30 CM<\/p>\n<h2>\u015aliniak Frotte 30CM Smok Fehn<\/h2>\n<p>ja\u015bmina, atrakcje dla dzieci tr\u00f3jmiasto, zagadki dla dzieci do druku, zagadki dla dzieci 7 lat o zwierz\u0119tach, zagadki matematyczne dla dzieci, wierszyki na \u015bmigus dyngus, dinozaury kolorowanki, kolorowanki disney, test z narnii, zagadki \u015bmieszne dla dzieci, sta\u0142a pod \u015bniegiem<\/p>\n<p>yyyyy<\/p>\n<p>&nbsp;<\/p>\n","protected":false},"excerpt":{"rendered":"<p>\u015aliniak Frotte Smok 30 CM \u015aliniak Frotte 30CM Smok Fehn ja\u015bmina, atrakcje dla dzieci tr\u00f3jmiasto, zagadki dla dzieci do druku, zagadki dla dzieci 7 lat o zwierz\u0119tach, zagadki matematyczne dla dzieci, wierszyki na \u015bmigus dyngus, dinozaury kolorowanki, kolorowanki disney, test z narnii, zagadki \u015bmieszne dla dzieci, sta\u0142a pod \u015bniegiem yyyyy &nbsp;<\/p>\n","protected":false},"featured_media":12328,"comment_status":"closed","ping_status":"open","template":"","meta":[],"product_cat":[44,1100],"product_tag":[777,841,659,778],"class_list":["post-12327","product","type-product","status-publish","has-post-thumbnail","hentry","product_cat-fehn","product_cat-sliniaki-i-fartuszki","product_tag-co-na-roczek","product_tag-quiz-o-flagach","product_tag-tupu-tup-po-sniegu-tekst","product_tag-zabawki-na-roczek-dla-chlopca"],"_links":{"self":[{"href":"http:\/\/klubmamgdynia.pl\/index.php\/wp-json\/wp\/v2\/product\/12327","targetHints":{"allow":["GET"]}}],"collection":[{"href":"http:\/\/klubmamgdynia.pl\/index.php\/wp-json\/wp\/v2\/product"}],"about":[{"href":"http:\/\/klubmamgdynia.pl\/index.php\/wp-json\/wp\/v2\/types\/product"}],"replies":[{"embeddable":true,"href":"http:\/\/klubmamgdynia.pl\/index.php\/wp-json\/wp\/v2\/comments?post=12327"}],"wp:featuredmedia":[{"embeddable":true,"href":"http:\/\/klubmamgdynia.pl\/index.php\/wp-json\/wp\/v2\/media\/12328"}],"wp:attachment":[{"href":"http:\/\/klubmamgdynia.pl\/index.php\/wp-json\/wp\/v2\/media?parent=12327"}],"wp:term":[{"taxonomy":"product_cat","embeddable":true,"href":"http:\/\/klubmamgdynia.pl\/index.php\/wp-json\/wp\/v2\/product_cat?post=12327"},{"taxonomy":"product_tag","embeddable":true,"href":"http:\/\/klubmamgdynia.pl\/index.php\/wp-json\/wp\/v2\/product_tag?post=12327"}],"curies":[{"name":"wp","href":"https:\/\/api.w.org\/{rel}","templated":true}]}}