{"id":12329,"date":"2013-04-19T02:44:23","date_gmt":"2013-04-19T00:44:23","guid":{"rendered":"http:\/\/klubmamgdynia.pl\/index.php\/produkt\/makaszka-kocyk-do-fotelika-sawanna\/"},"modified":"2026-05-01T15:58:52","modified_gmt":"2026-05-01T13:58:52","slug":"makaszka-kocyk-do-fotelika-sawanna","status":"publish","type":"product","link":"http:\/\/klubmamgdynia.pl\/index.php\/produkt\/makaszka-kocyk-do-fotelika-sawanna\/","title":{"rendered":"Makaszka Kocyk Do Fotelika Sawanna"},"content":{"rendered":"<h2>Makaszka Kocyk Do Fotelika Sawanna Makaszka<\/h2>\n<p>wr\u00f3\u017cby andrzejkowe dla dzieci online, trudne zagadki i odpowiedzi, test z opowie\u015bci z narnii, jeremi, zaj\u0105czek z jajka ugotowanego, gabriela imie, kolorowanki dla dziewczynek, test wiedzy zemsta, imi\u0119 miriam, kolorowanka lody, dymitr, rozrywka dla dzieci, literki do pisania, quiz stolice europy, mia, co na prezent dla nastolatk\u00f3w, niespotykane imiona \u017ce\u0144skie, pies rysunek, co dla rocznego dziecka, bajka o smoku<\/p>\n<p>yyyyy<\/p>\n<p>&nbsp;<\/p>\n","protected":false},"excerpt":{"rendered":"<p>Makaszka Kocyk Do Fotelika Sawanna Makaszka wr\u00f3\u017cby andrzejkowe dla dzieci online, trudne zagadki i odpowiedzi, test z opowie\u015bci z narnii, jeremi, zaj\u0105czek z jajka ugotowanego, gabriela imie, kolorowanki dla dziewczynek, test wiedzy zemsta, imi\u0119 miriam, kolorowanka lody, dymitr, rozrywka dla dzieci, literki do pisania, quiz stolice europy, mia, co na prezent dla nastolatk\u00f3w, niespotykane imiona [&hellip;]<\/p>\n","protected":false},"featured_media":12330,"comment_status":"closed","ping_status":"open","template":"","meta":[],"product_cat":[1006,1014],"product_tag":[728,697,695,601],"class_list":["post-12329","product","type-product","status-publish","has-post-thumbnail","hentry","product_cat-koce-i-narzuty-dzieciece","product_cat-makaszka","product_tag-bezwarunkowa-milosc-do-dziecka-cytaty","product_tag-krotkie-bajki-do-czytania","product_tag-rzadkie-imiona-zenskie","product_tag-zagadki-co-to-jest"],"_links":{"self":[{"href":"http:\/\/klubmamgdynia.pl\/index.php\/wp-json\/wp\/v2\/product\/12329","targetHints":{"allow":["GET"]}}],"collection":[{"href":"http:\/\/klubmamgdynia.pl\/index.php\/wp-json\/wp\/v2\/product"}],"about":[{"href":"http:\/\/klubmamgdynia.pl\/index.php\/wp-json\/wp\/v2\/types\/product"}],"replies":[{"embeddable":true,"href":"http:\/\/klubmamgdynia.pl\/index.php\/wp-json\/wp\/v2\/comments?post=12329"}],"wp:featuredmedia":[{"embeddable":true,"href":"http:\/\/klubmamgdynia.pl\/index.php\/wp-json\/wp\/v2\/media\/12330"}],"wp:attachment":[{"href":"http:\/\/klubmamgdynia.pl\/index.php\/wp-json\/wp\/v2\/media?parent=12329"}],"wp:term":[{"taxonomy":"product_cat","embeddable":true,"href":"http:\/\/klubmamgdynia.pl\/index.php\/wp-json\/wp\/v2\/product_cat?post=12329"},{"taxonomy":"product_tag","embeddable":true,"href":"http:\/\/klubmamgdynia.pl\/index.php\/wp-json\/wp\/v2\/product_tag?post=12329"}],"curies":[{"name":"wp","href":"https:\/\/api.w.org\/{rel}","templated":true}]}}