{"id":12331,"date":"2017-11-05T13:03:17","date_gmt":"2017-11-05T12:03:17","guid":{"rendered":"http:\/\/klubmamgdynia.pl\/index.php\/produkt\/brimarex-rybki-z-magnesem-zad-0170\/"},"modified":"2026-04-24T05:23:27","modified_gmt":"2026-04-24T03:23:27","slug":"brimarex-rybki-z-magnesem-zad-0170","status":"publish","type":"product","link":"http:\/\/klubmamgdynia.pl\/index.php\/produkt\/brimarex-rybki-z-magnesem-zad-0170\/","title":{"rendered":"Brimarex Rybki z Magnesem Zad.0170"},"content":{"rendered":"<p>Brimarex rybki w skrzynce to wspania\u0142a drewniana zabawka edukacyjna, kt\u00f3ra rozwija wyobra\u017ani\u0119 oraz zdolno\u015bci manualne malucha. Drewniane rybki do \u0142owienia na w\u0119dk\u0119 to tak\u017ce fantastyczna zabawa, od kt\u00f3rej dziecko nie b\u0119dzie mog\u0142o si\u0119 oderwa\u0107 przez d\u0142ugie godziny. Zabawk\u0105 mo\u017cna si\u0119 bawi\u0107 w pojedynk\u0119 lub z inn\u0105 osob\u0105. Zalety\u2022 Brimarex Rybki w skrzynce to zabawka wykonana z najwy\u017cszej jako\u015bci drewna\u2022 Wci\u0105gaj\u0105ca zabawa, kt\u00f3ra jednocze\u015bnie rozwija Brimarex rybki w skrzynce to wspania\u0142a drewniana zabawka edukacyjna, kt\u00f3ra rozwija wyobra\u017ani\u0119 oraz zdolno\u015bci manualne malucha. Drewniane rybki do \u0142owienia na w\u0119dk\u0119 to tak\u017ce fantastyczna zabawa, od kt\u00f3rej dziecko nie b\u0119dzie mog\u0142o si\u0119 oderwa\u0107 przez d\u0142ugie godziny. Zabawk\u0105 mo\u017cna si\u0119 bawi\u0107 w pojedynk\u0119 lub z inn\u0105 osob\u0105. Zalety\u2022 Brimarex Rybki w skrzynce to zabawka wykonana z najwy\u017cszej jako\u015bci drewna\u2022 Wci\u0105gaj\u0105ca zabawa, kt\u00f3ra jednocze\u015bnie rozwija<\/p>\n<h2>Brimarex Rybki z Magnesem Zad.0170 Brimarex<\/h2>\n<p>super zings kolorowanka, kolorowanka \u015bwi\u0105teczna do wydruku, opis do zdj\u0119cia dziecka, choinko pi\u0119kna jak las tekst, laurka dla babci, cytat z kubusia puchatka o mi\u0142o\u015bci, prezent dla trzynastolatki, quizy o koniach, dzie\u0144 mamy sentencje, kolorowanki kotka, bajki na dobranoc psi patrol, zagadki dla 4 latka do druku<\/p>\n<p>yyyyy<\/p>\n<p>&nbsp;<\/p>\n","protected":false},"excerpt":{"rendered":"<p>Brimarex rybki w skrzynce to wspania\u0142a drewniana zabawka edukacyjna, kt\u00f3ra rozwija wyobra\u017ani\u0119 oraz zdolno\u015bci manualne malucha. Drewniane rybki do \u0142owienia na w\u0119dk\u0119 to tak\u017ce fantastyczna zabawa, od kt\u00f3rej dziecko nie b\u0119dzie mog\u0142o si\u0119 oderwa\u0107 przez d\u0142ugie godziny. Zabawk\u0105 mo\u017cna si\u0119 bawi\u0107 w pojedynk\u0119 lub z inn\u0105 osob\u0105. Zalety\u2022 Brimarex Rybki w skrzynce to zabawka wykonana [&hellip;]<\/p>\n","protected":false},"featured_media":12332,"comment_status":"closed","ping_status":"open","template":"","meta":[],"product_cat":[1651,130],"product_tag":[831,685,640,737],"class_list":["post-12331","product","type-product","status-publish","has-post-thumbnail","hentry","product_cat-brimarex","product_cat-gry-dzieciece","product_tag-bruno","product_tag-cytaty-o-rodzinie","product_tag-prezent-dla-rocznej-dziewczynki","product_tag-test-z-lektury-felix-net-i-nika-oraz-gang-niewidzialnych-ludzi"],"_links":{"self":[{"href":"http:\/\/klubmamgdynia.pl\/index.php\/wp-json\/wp\/v2\/product\/12331","targetHints":{"allow":["GET"]}}],"collection":[{"href":"http:\/\/klubmamgdynia.pl\/index.php\/wp-json\/wp\/v2\/product"}],"about":[{"href":"http:\/\/klubmamgdynia.pl\/index.php\/wp-json\/wp\/v2\/types\/product"}],"replies":[{"embeddable":true,"href":"http:\/\/klubmamgdynia.pl\/index.php\/wp-json\/wp\/v2\/comments?post=12331"}],"wp:featuredmedia":[{"embeddable":true,"href":"http:\/\/klubmamgdynia.pl\/index.php\/wp-json\/wp\/v2\/media\/12332"}],"wp:attachment":[{"href":"http:\/\/klubmamgdynia.pl\/index.php\/wp-json\/wp\/v2\/media?parent=12331"}],"wp:term":[{"taxonomy":"product_cat","embeddable":true,"href":"http:\/\/klubmamgdynia.pl\/index.php\/wp-json\/wp\/v2\/product_cat?post=12331"},{"taxonomy":"product_tag","embeddable":true,"href":"http:\/\/klubmamgdynia.pl\/index.php\/wp-json\/wp\/v2\/product_tag?post=12331"}],"curies":[{"name":"wp","href":"https:\/\/api.w.org\/{rel}","templated":true}]}}