{"id":12333,"date":"2012-05-03T06:17:29","date_gmt":"2012-05-03T04:17:29","guid":{"rendered":"http:\/\/klubmamgdynia.pl\/index.php\/produkt\/carrello-uniwersalny-vista-olive-green-gleboko-spacerowy\/"},"modified":"2026-04-04T15:44:51","modified_gmt":"2026-04-04T13:44:51","slug":"carrello-uniwersalny-vista-olive-green-gleboko-spacerowy","status":"publish","type":"product","link":"http:\/\/klubmamgdynia.pl\/index.php\/produkt\/carrello-uniwersalny-vista-olive-green-gleboko-spacerowy\/","title":{"rendered":"Carrello Uniwersalny Vista Olive Green G\u0142\u0119boko Spacerowy"},"content":{"rendered":"<p>Dwa okienka widokowe w g\u0142\u0119bokim kapturze batyskafowym.Zderzak i r\u0105czka dla rodzic\u00f3w z regulacj\u0105 wysoko\u015bci z mi\u0119kkim w dotyku wyko\u0144czeniem z ekosk\u00f3ry.Trzy regulowane pozycje oparcia, w tym odchylane.Podw\u00f3jny hamulec postojowy. Okienko wentylacyjne zas\u0142oni\u0119te siateczk\u0105 i zamykane na zamek b\u0142yskawiczny.Du\u017ce ko\u0142a dmuchane (25 i 18 cm) z grippy bie\u017cnika.Przednie ko\u0142a s\u0105 tak samo zwrotne, z mo\u017cliwo\u015bci\u0105 zablokowania w pozycji prostej.G\u0142\u0119boki kosz na zakupy i rzeczy dzieci\u0119ce z okienkiem zapewniaj\u0105cym szybki dost\u0119p.Wszystkie tekstylia s\u0105 zdejmowane, co znacznie u\u0142atwia piel\u0119gnacj\u0119 w\u00f3zka.Po z\u0142o\u017ceniu jest mocowany, \u0142atwo mie\u015bci si\u0119 w baga\u017cniku samochodu.Charakterystyki produktu i akcesoriaRama i ko\u0142aWaga ramy z ko\u0142ami &#8211; 9 kgKosz &#8211; jest\u015arednica ko\u0142a &#8211; 17 cm &#8211; prz\u00f3d, 23 cm &#8211; ty\u0142Materia\u0142 ko\u0142a &#8211; gumowyTyp ko\u0142a &#8211; przedni obrotowy, mocowanie \u201eproste\u201dRegulacja wysoko\u015bci uchwytu &#8211; jestTyp sk\u0142adania &#8211; ksi\u0105\u017ckaMaks. Za\u0142aduj &#8211; 22 kgGondolaWaga kolebki &#8211; 4 kgRozmiar kolebk\u0456 (wewn\u0119trzny), DxSxD &#8211; 78\u044531\u042522 \u0441\u043cRozmiar ko\u0142ebki (zewn\u0119trzny), DxSxW &#8211; 90&#215;45\u044565 \u0441\u043cSpacerowy siedzenieRozszerzony rozmiar widok z ram\u0105, DxSxW &#8211; 95x57x108 smRozmiar po z\u0142o\u017ceniu widok z ram\u0105, DxSxW &#8211; 89\u044557\u044536 \u0441\u043cRozmiar siedziska, DxSxG &#8211; 90x38x24 smOkno podgl\u0105du &#8211; jestRegulacja oparcia &#8211; 3 pozycje, w tym \u201ele\u017c\u0105ca\u201dRegulacja podn\u00f3\u017cka &#8211; K\u0105t pochyleniaZderzak ochronny &#8211; tak, zdejmowany<\/p>\n<h2>Carrello Uniwersalny Vista Olive Green G\u0142\u0119boko Spacerowy Carrello<\/h2>\n<p>quiz samochodowy, hejka tu lenka quizy, cytaty dzie\u0144 nauczyciela, nauka pisania wyraz\u00f3w dla dzieci do druku pdf, Keyword, najlepsze pranki na prima aprilis<\/p>\n<p>yyyyy<\/p>\n<p>&nbsp;<\/p>\n","protected":false},"excerpt":{"rendered":"<p>Dwa okienka widokowe w g\u0142\u0119bokim kapturze batyskafowym.Zderzak i r\u0105czka dla rodzic\u00f3w z regulacj\u0105 wysoko\u015bci z mi\u0119kkim w dotyku wyko\u0144czeniem z ekosk\u00f3ry.Trzy regulowane pozycje oparcia, w tym odchylane.Podw\u00f3jny hamulec postojowy. Okienko wentylacyjne zas\u0142oni\u0119te siateczk\u0105 i zamykane na zamek b\u0142yskawiczny.Du\u017ce ko\u0142a dmuchane (25 i 18 cm) z grippy bie\u017cnika.Przednie ko\u0142a s\u0105 tak samo zwrotne, z mo\u017cliwo\u015bci\u0105 zablokowania [&hellip;]<\/p>\n","protected":false},"featured_media":12334,"comment_status":"closed","ping_status":"open","template":"","meta":[],"product_cat":[1496,110],"product_tag":[834,626,665,812],"class_list":["post-12333","product","type-product","status-publish","has-post-thumbnail","hentry","product_cat-carrello","product_cat-wozki-wielofunkcyjne","product_tag-bajka-do-czytania-na-dobranoc","product_tag-jacek","product_tag-proste-zagadki","product_tag-zagadki-logiczne-na-inteligencje"],"_links":{"self":[{"href":"http:\/\/klubmamgdynia.pl\/index.php\/wp-json\/wp\/v2\/product\/12333","targetHints":{"allow":["GET"]}}],"collection":[{"href":"http:\/\/klubmamgdynia.pl\/index.php\/wp-json\/wp\/v2\/product"}],"about":[{"href":"http:\/\/klubmamgdynia.pl\/index.php\/wp-json\/wp\/v2\/types\/product"}],"replies":[{"embeddable":true,"href":"http:\/\/klubmamgdynia.pl\/index.php\/wp-json\/wp\/v2\/comments?post=12333"}],"wp:featuredmedia":[{"embeddable":true,"href":"http:\/\/klubmamgdynia.pl\/index.php\/wp-json\/wp\/v2\/media\/12334"}],"wp:attachment":[{"href":"http:\/\/klubmamgdynia.pl\/index.php\/wp-json\/wp\/v2\/media?parent=12333"}],"wp:term":[{"taxonomy":"product_cat","embeddable":true,"href":"http:\/\/klubmamgdynia.pl\/index.php\/wp-json\/wp\/v2\/product_cat?post=12333"},{"taxonomy":"product_tag","embeddable":true,"href":"http:\/\/klubmamgdynia.pl\/index.php\/wp-json\/wp\/v2\/product_tag?post=12333"}],"curies":[{"name":"wp","href":"https:\/\/api.w.org\/{rel}","templated":true}]}}