{"id":12335,"date":"2015-10-18T10:37:38","date_gmt":"2015-10-18T08:37:38","guid":{"rendered":"http:\/\/klubmamgdynia.pl\/index.php\/produkt\/plan-toys-ukladanka-plaster-miodu-z-pszczolkami-barwy-sadu\/"},"modified":"2026-05-17T22:57:56","modified_gmt":"2026-05-17T20:57:56","slug":"plan-toys-ukladanka-plaster-miodu-z-pszczolkami-barwy-sadu","status":"publish","type":"product","link":"http:\/\/klubmamgdynia.pl\/index.php\/produkt\/plan-toys-ukladanka-plaster-miodu-z-pszczolkami-barwy-sadu\/","title":{"rendered":"Plan Toys Uk\u0142adanka Plaster Miodu Z Pszcz\u00f3\u0142kami Barwy Sadu"},"content":{"rendered":"<p>Pom\u00f3\u017c rozwin\u0105\u0107 drobne zdolno\u015bci motoryczne, dopasowuj\u0105c pszczo\u0142\u0119 do jej ula za pomoc\u0105 chwytaka szczypcowego lub kleszczyk\u00f3w. Wzmacnia to r\u00f3wnie\u017c rozpoznawanie i liczenie kolor\u00f3w. Zabawka dla dzieci 3+ . Wymiary produktu: 5cm x 5,7cm x 4,5cm&#8230;<\/p>\n<h2>Plan Toys Uk\u0142adanka Plaster Miodu Z Pszcz\u00f3\u0142kami Barwy Sadu Plan Toys<\/h2>\n<p>trudne zagadki z odpowiedziami, sporty po francusku, minecraft quiz, tekst o rodzinie, pomys\u0142y na prezent na roczek, quiz o usa, wpad\u0142a bomba do piwnicy, wielkanocne zagadki dla dzieci, kwiatek kwiaty do druku szablony, quiz opowie\u015bci z narnii, zadania logiczne, \u015bmigus dyngus wiersz dla dzieci<\/p>\n<p>yyyyy<\/p>\n<p>&nbsp;<\/p>\n","protected":false},"excerpt":{"rendered":"<p>Pom\u00f3\u017c rozwin\u0105\u0107 drobne zdolno\u015bci motoryczne, dopasowuj\u0105c pszczo\u0142\u0119 do jej ula za pomoc\u0105 chwytaka szczypcowego lub kleszczyk\u00f3w. Wzmacnia to r\u00f3wnie\u017c rozpoznawanie i liczenie kolor\u00f3w. Zabawka dla dzieci 3+ . Wymiary produktu: 5cm x 5,7cm x 4,5cm&#8230; Plan Toys Uk\u0142adanka Plaster Miodu Z Pszcz\u00f3\u0142kami Barwy Sadu Plan Toys trudne zagadki z odpowiedziami, sporty po francusku, minecraft quiz, [&hellip;]<\/p>\n","protected":false},"featured_media":12336,"comment_status":"closed","ping_status":"open","template":"","meta":[],"product_cat":[409,99],"product_tag":[831,870,774],"class_list":["post-12335","product","type-product","status-publish","has-post-thumbnail","hentry","product_cat-plan-toys","product_cat-zabawki-ekologiczne","product_tag-bruno","product_tag-prezent-dla-chlopca-na-roczek","product_tag-prezent-na-roczek-nie-zabawka"],"_links":{"self":[{"href":"http:\/\/klubmamgdynia.pl\/index.php\/wp-json\/wp\/v2\/product\/12335","targetHints":{"allow":["GET"]}}],"collection":[{"href":"http:\/\/klubmamgdynia.pl\/index.php\/wp-json\/wp\/v2\/product"}],"about":[{"href":"http:\/\/klubmamgdynia.pl\/index.php\/wp-json\/wp\/v2\/types\/product"}],"replies":[{"embeddable":true,"href":"http:\/\/klubmamgdynia.pl\/index.php\/wp-json\/wp\/v2\/comments?post=12335"}],"wp:featuredmedia":[{"embeddable":true,"href":"http:\/\/klubmamgdynia.pl\/index.php\/wp-json\/wp\/v2\/media\/12336"}],"wp:attachment":[{"href":"http:\/\/klubmamgdynia.pl\/index.php\/wp-json\/wp\/v2\/media?parent=12335"}],"wp:term":[{"taxonomy":"product_cat","embeddable":true,"href":"http:\/\/klubmamgdynia.pl\/index.php\/wp-json\/wp\/v2\/product_cat?post=12335"},{"taxonomy":"product_tag","embeddable":true,"href":"http:\/\/klubmamgdynia.pl\/index.php\/wp-json\/wp\/v2\/product_tag?post=12335"}],"curies":[{"name":"wp","href":"https:\/\/api.w.org\/{rel}","templated":true}]}}