{"id":12337,"date":"2011-07-13T15:42:45","date_gmt":"2011-07-13T13:42:45","guid":{"rendered":"http:\/\/klubmamgdynia.pl\/index.php\/produkt\/trixie-zawieszka-z-pozytywka-mr-crocodile\/"},"modified":"2026-04-30T05:43:58","modified_gmt":"2026-04-30T03:43:58","slug":"trixie-zawieszka-z-pozytywka-mr-crocodile","status":"publish","type":"product","link":"http:\/\/klubmamgdynia.pl\/index.php\/produkt\/trixie-zawieszka-z-pozytywka-mr-crocodile\/","title":{"rendered":"Trixie Zawieszka Z Pozytywk\u0105 Mr. Crocodile"},"content":{"rendered":"<p>100% bawe\u0142na organicznaczyszczenie tylko miejscowewymiary: 20cmwyprodukowano w Europie<\/p>\n<h2>Trixie Zawieszka Z Pozytywk\u0105 Mr. Crocodile Trixie<\/h2>\n<p>kotki kolorowanka, prezent dla nastolatka, dzieci.pl, zabawki dla rocznej dziewczynki, wielkanocne zagadki dla dzieci, kolorowanki star wars, quiz o bo\u017cym narodzeniu, bajki dla niemowl\u0105t, logiczne zagadki dla dzieci, andrea, sentencje o przyja\u017ani, test z dynastii mizio\u0142k\u00f3w, laura, co oznacza imi\u0119 alan, ozdoby na choink\u0119 dla dzieci z papieru, matylda znaczenie imienia, jak narysowa\u0107 anio\u0142ka, zagadki dla dzieci 7 lat o zwierz\u0119tach, bajki dla niemowl\u0105t, rzadkie imiona \u017ce\u0144skie, kolorowanki pikachu<\/p>\n<p>yyyyy<\/p>\n<p>&nbsp;<\/p>\n","protected":false},"excerpt":{"rendered":"<p>100% bawe\u0142na organicznaczyszczenie tylko miejscowewymiary: 20cmwyprodukowano w Europie Trixie Zawieszka Z Pozytywk\u0105 Mr. Crocodile Trixie kotki kolorowanka, prezent dla nastolatka, dzieci.pl, zabawki dla rocznej dziewczynki, wielkanocne zagadki dla dzieci, kolorowanki star wars, quiz o bo\u017cym narodzeniu, bajki dla niemowl\u0105t, logiczne zagadki dla dzieci, andrea, sentencje o przyja\u017ani, test z dynastii mizio\u0142k\u00f3w, laura, co oznacza imi\u0119 [&hellip;]<\/p>\n","protected":false},"featured_media":12338,"comment_status":"closed","ping_status":"open","template":"","meta":[],"product_cat":[43,26],"product_tag":[859,808,590,805],"class_list":["post-12337","product","type-product","status-publish","has-post-thumbnail","hentry","product_cat-trixie","product_cat-zabawki-do-wozka-lozeczka-i-fotelika","product_tag-dobranoc-pchly-na-noc","product_tag-imie-mia","product_tag-plac-zabaw-warszawa","product_tag-znaczenie-imienia-alan"],"_links":{"self":[{"href":"http:\/\/klubmamgdynia.pl\/index.php\/wp-json\/wp\/v2\/product\/12337","targetHints":{"allow":["GET"]}}],"collection":[{"href":"http:\/\/klubmamgdynia.pl\/index.php\/wp-json\/wp\/v2\/product"}],"about":[{"href":"http:\/\/klubmamgdynia.pl\/index.php\/wp-json\/wp\/v2\/types\/product"}],"replies":[{"embeddable":true,"href":"http:\/\/klubmamgdynia.pl\/index.php\/wp-json\/wp\/v2\/comments?post=12337"}],"wp:featuredmedia":[{"embeddable":true,"href":"http:\/\/klubmamgdynia.pl\/index.php\/wp-json\/wp\/v2\/media\/12338"}],"wp:attachment":[{"href":"http:\/\/klubmamgdynia.pl\/index.php\/wp-json\/wp\/v2\/media?parent=12337"}],"wp:term":[{"taxonomy":"product_cat","embeddable":true,"href":"http:\/\/klubmamgdynia.pl\/index.php\/wp-json\/wp\/v2\/product_cat?post=12337"},{"taxonomy":"product_tag","embeddable":true,"href":"http:\/\/klubmamgdynia.pl\/index.php\/wp-json\/wp\/v2\/product_tag?post=12337"}],"curies":[{"name":"wp","href":"https:\/\/api.w.org\/{rel}","templated":true}]}}