{"id":12339,"date":"2022-04-02T18:12:35","date_gmt":"2022-04-02T16:12:35","guid":{"rendered":"http:\/\/klubmamgdynia.pl\/index.php\/produkt\/berjuan-pizama-5004-22-lalki\/"},"modified":"2026-04-07T12:37:15","modified_gmt":"2026-04-07T10:37:15","slug":"berjuan-pizama-5004-22-lalki","status":"publish","type":"product","link":"http:\/\/klubmamgdynia.pl\/index.php\/produkt\/berjuan-pizama-5004-22-lalki\/","title":{"rendered":"Berjuan Pi\u017cama 5004-22 Lalki"},"content":{"rendered":"<p>Dzieci zas\u0142uguj\u0105 na to co najlepsze, dlatego przedstawiamy Ci Pi\u017cama Berjuan 5004-22 Lalki, idealny dla tych, kt\u00f3rzy szukaj\u0105 produkt\u00f3w wysokiej jako\u015bci dla dzieci! Zdob\u0105d\u017a Berjuan w najlepszych cenach!Zalecany Wiek: + 3 latZasilana bateriami: NieWymagany monta\u017c: NieRodzaj: Ubrania dla lalekPi\u017camaLalkiZawiera: Kapelusz\u015aliniakKolor: R\u00f3\u017cowy<\/p>\n<h2>Berjuan Pi\u017cama 5004-22 Lalki Berjuan<\/h2>\n<p>rozalia imi\u0119, quiz o flagach, zagadki dla dzieci 10-12 lat trudne, po \u0142\u0105ce biega lato tekst, kartka walentynkowa zrobiona przez dzieci, konie quiz<\/p>\n<p>yyyyy<\/p>\n<p>&nbsp;<\/p>\n","protected":false},"excerpt":{"rendered":"<p>Dzieci zas\u0142uguj\u0105 na to co najlepsze, dlatego przedstawiamy Ci Pi\u017cama Berjuan 5004-22 Lalki, idealny dla tych, kt\u00f3rzy szukaj\u0105 produkt\u00f3w wysokiej jako\u015bci dla dzieci! Zdob\u0105d\u017a Berjuan w najlepszych cenach!Zalecany Wiek: + 3 latZasilana bateriami: NieWymagany monta\u017c: NieRodzaj: Ubrania dla lalekPi\u017camaLalkiZawiera: Kapelusz\u015aliniakKolor: R\u00f3\u017cowy Berjuan Pi\u017cama 5004-22 Lalki Berjuan rozalia imi\u0119, quiz o flagach, zagadki dla dzieci 10-12 [&hellip;]<\/p>\n","protected":false},"featured_media":12340,"comment_status":"closed","ping_status":"open","template":"","meta":[],"product_cat":[943,50],"product_tag":[700,583,729,842,705,635],"class_list":["post-12339","product","type-product","status-publish","has-post-thumbnail","hentry","product_cat-berjuan","product_cat-ubranka-i-buty-dla-lalek","product_tag-bajki-do-czytania-dla-dzieci","product_tag-kolysanki-dla-dzieci-tekst","product_tag-madre-bajki-dla-dzieci-do-czytania","product_tag-plac-zabaw-poznan","product_tag-prezent-na-roczek-dla-chlopca","product_tag-znaki-drogowe-do-druku"],"_links":{"self":[{"href":"http:\/\/klubmamgdynia.pl\/index.php\/wp-json\/wp\/v2\/product\/12339","targetHints":{"allow":["GET"]}}],"collection":[{"href":"http:\/\/klubmamgdynia.pl\/index.php\/wp-json\/wp\/v2\/product"}],"about":[{"href":"http:\/\/klubmamgdynia.pl\/index.php\/wp-json\/wp\/v2\/types\/product"}],"replies":[{"embeddable":true,"href":"http:\/\/klubmamgdynia.pl\/index.php\/wp-json\/wp\/v2\/comments?post=12339"}],"wp:featuredmedia":[{"embeddable":true,"href":"http:\/\/klubmamgdynia.pl\/index.php\/wp-json\/wp\/v2\/media\/12340"}],"wp:attachment":[{"href":"http:\/\/klubmamgdynia.pl\/index.php\/wp-json\/wp\/v2\/media?parent=12339"}],"wp:term":[{"taxonomy":"product_cat","embeddable":true,"href":"http:\/\/klubmamgdynia.pl\/index.php\/wp-json\/wp\/v2\/product_cat?post=12339"},{"taxonomy":"product_tag","embeddable":true,"href":"http:\/\/klubmamgdynia.pl\/index.php\/wp-json\/wp\/v2\/product_tag?post=12339"}],"curies":[{"name":"wp","href":"https:\/\/api.w.org\/{rel}","templated":true}]}}