{"id":1234,"date":"2016-02-11T04:32:57","date_gmt":"2016-02-11T03:32:57","guid":{"rendered":"http:\/\/klubmamgdynia.pl\/index.php\/produkt\/the-sims-3-gra-ps3\/"},"modified":"2026-05-17T21:00:54","modified_gmt":"2026-05-17T19:00:54","slug":"the-sims-3-gra-ps3","status":"publish","type":"product","link":"http:\/\/klubmamgdynia.pl\/index.php\/produkt\/the-sims-3-gra-ps3\/","title":{"rendered":"The Sims 3 (Gra PS3)"},"content":{"rendered":"<p>Baw si\u0119 \u017cyciem<\/p>\n<p>Stw\u00f3rz wymarzone \u017cycie!Chcesz prowadzi\u0107 swobodniejsze, kreatywniejsze \u017cycie? W The Sims\u2122 3 mo\u017cesz da\u0107 upust fantazji, projektuj\u0105c sw\u00f3j idealny \u015bwiat. Zacznij od swojego Sima, dostosowuj\u0105c ka\u017cdy kszta\u0142t, kolor i cech\u0119 osobowo\u015bci, a\u017c otrzymasz dok\u0142adnie tak\u0105 osob\u0119, jak\u0105 chcesz. Zaprojektuj sw\u00f3j wymarzony dom i niech Ci\u0119 nie ogranicza siatka konstrukcyjna \u2013 mo\u017cesz dowolnie umieszcza\u0107, obraca\u0107 i ustawia\u0107 na sobie meble.Po \u201eci\u0119\u017ckiej pracy\u201d mo\u017cesz pobawi\u0107 si\u0119 w mentora. Prowad\u017a swojego Sima przez \u017cycie, rozwijaj\u0105c karier\u0119, szukaj\u0105c mi\u0142o\u015bci i wype\u0142niaj\u0105c marzenia oraz pragnienia. Sp\u0119dzanie czasu z rodzin\u0105 i przyjaci\u00f3\u0142mi jest r\u00f3wnie wa\u017cne, jak doskonalenie umiej\u0119tno\u015bci malowania lub zdobywanie wiedzy.Wejd\u017a na wy\u017cszy poziom i nagrywaj filmy o przygodach swoich Sim\u00f3w, po czym dziel si\u0119 nimi ze stale rosn\u0105c\u0105, aktywn\u0105 spo\u0142eczno\u015bci\u0105. Masz do odkrycia wielki katalog dodatk\u00f3w i zabawnych obiekt\u00f3w. Mo\u017cliwo\u015bci, jakie na Ciebie czekaj\u0105, s\u0105 nieograniczone. Wszystko zaczyna si\u0119 tutaj \u2013 Twoja przygoda czeka!Cechy kluczowe:\u2022 Personalizuj swojego Sima: Mieszaj i dopasowuj korzystaj\u0105c z wielkiego wyboru cech twarzy i typ\u00f3w sylwetek, aby otrzyma\u0107 po\u017c\u0105dany wygl\u0105d. Obdarz swojego Sima cechami osobowo\u015bci i pom\u00f3\u017c realizowa\u0107 jego pragnienia.\u2022 Przeprowad\u017a w\u0142asn\u0105, zdecydowan\u0105 zmian\u0119 wystroju: Dekoruj dom swojego Sima, jak tylko chcesz \u2013 schludnie lub ba\u0142aganiarsko. Stosuj nier\u00f3wne k\u0105ty, tw\u00f3rz wysokie stosy obiekt\u00f3w i k\u0142ad\u017a na \u015bciany i pod\u0142ogi swoje ulubione, w\u0142asnor\u0119cznie przygotowane wzory.\u2022 Daleko od domu: Po raz pierwszy mo\u017cesz wyj\u015b\u0107 z domu i zwiedza\u0107 \u017cywe otoczenie, kt\u00f3re zapewnia wiele rozrywek. Sta\u0144 si\u0119 cz\u0119\u015bci\u0105 wielkiej spo\u0142eczno\u015bci sieciowej!<\/p>\n<h2>The Sims 3 (Gra PS3) Sony<\/h2>\n<p>matylda imi\u0119, aron imi\u0119, ba\u0142wanek do druku, natalia, kolorowanki kotki, kolorowanka my little pony, kolorowanki dla dzieci do druku, lol kolorowanki do druku, kolorowanki do druku zwierz\u0119ta, ninjago kolorowanka, ry\u017c z owocami, zagadki na myslenie<\/p>\n<p>yyyyy<\/p>\n<p>&nbsp;<\/p>\n","protected":false},"excerpt":{"rendered":"<p>Baw si\u0119 \u017cyciem Stw\u00f3rz wymarzone \u017cycie!Chcesz prowadzi\u0107 swobodniejsze, kreatywniejsze \u017cycie? W The Sims\u2122 3 mo\u017cesz da\u0107 upust fantazji, projektuj\u0105c sw\u00f3j idealny \u015bwiat. Zacznij od swojego Sima, dostosowuj\u0105c ka\u017cdy kszta\u0142t, kolor i cech\u0119 osobowo\u015bci, a\u017c otrzymasz dok\u0142adnie tak\u0105 osob\u0119, jak\u0105 chcesz. Zaprojektuj sw\u00f3j wymarzony dom i niech Ci\u0119 nie ogranicza siatka konstrukcyjna \u2013 mo\u017cesz dowolnie umieszcza\u0107, [&hellip;]<\/p>\n","protected":false},"featured_media":1235,"comment_status":"closed","ping_status":"open","template":"","meta":[],"product_cat":[367,366],"product_tag":[685,808,712],"class_list":["post-1234","product","type-product","status-publish","has-post-thumbnail","hentry","product_cat-gry-playstation-3","product_cat-sony","product_tag-cytaty-o-rodzinie","product_tag-imie-mia","product_tag-zagadki-o-zwierzetach"],"_links":{"self":[{"href":"http:\/\/klubmamgdynia.pl\/index.php\/wp-json\/wp\/v2\/product\/1234","targetHints":{"allow":["GET"]}}],"collection":[{"href":"http:\/\/klubmamgdynia.pl\/index.php\/wp-json\/wp\/v2\/product"}],"about":[{"href":"http:\/\/klubmamgdynia.pl\/index.php\/wp-json\/wp\/v2\/types\/product"}],"replies":[{"embeddable":true,"href":"http:\/\/klubmamgdynia.pl\/index.php\/wp-json\/wp\/v2\/comments?post=1234"}],"wp:featuredmedia":[{"embeddable":true,"href":"http:\/\/klubmamgdynia.pl\/index.php\/wp-json\/wp\/v2\/media\/1235"}],"wp:attachment":[{"href":"http:\/\/klubmamgdynia.pl\/index.php\/wp-json\/wp\/v2\/media?parent=1234"}],"wp:term":[{"taxonomy":"product_cat","embeddable":true,"href":"http:\/\/klubmamgdynia.pl\/index.php\/wp-json\/wp\/v2\/product_cat?post=1234"},{"taxonomy":"product_tag","embeddable":true,"href":"http:\/\/klubmamgdynia.pl\/index.php\/wp-json\/wp\/v2\/product_tag?post=1234"}],"curies":[{"name":"wp","href":"https:\/\/api.w.org\/{rel}","templated":true}]}}