{"id":12343,"date":"2020-01-20T11:14:37","date_gmt":"2020-01-20T10:14:37","guid":{"rendered":"http:\/\/klubmamgdynia.pl\/index.php\/produkt\/karasek-sukienka-dla-lalki-pomaranczowa\/"},"modified":"2026-04-07T00:08:52","modified_gmt":"2026-04-06T22:08:52","slug":"karasek-sukienka-dla-lalki-pomaranczowa","status":"publish","type":"product","link":"http:\/\/klubmamgdynia.pl\/index.php\/produkt\/karasek-sukienka-dla-lalki-pomaranczowa\/","title":{"rendered":"Karasek Sukienka Dla Lalki Pomara\u0144czowa"},"content":{"rendered":"<p>Pomara\u0144czowa sukienka w kwiatki dla lalki. Nadaje si\u0119 dla lalek nie wi\u0119kszych ni\u017c 42 cm d\u0142ugo\u015bci. Ubieranie i rozbieranie lalki pozwala \u0107wiczy\u0107 zdolno\u015bci manualne dziecka. Rekomendowane dla dzieci od 3. do 6. roku \u017cycia. Sukienka zapakowana jest w estetyczne pude\u0142ko.<\/p>\n<h2>Karasek Sukienka Dla Lalki Pomara\u0144czowa Karasek<\/h2>\n<p>nietypowe imiona \u017ce\u0144skie, mini kanapki dla dzieci, ch\u0142opcy z placu broni &#8211; test, nadia imie, prezenty roczek, audiobook dla dzieci za darmo, zaproszenie do druku, lato lato lato czeka, prezent dla 15 latka, bajka o biedronce, misie z bajek, dobranoc zimowo, opis do zdj\u0119cia dziecka na fb, pierwsze urodziny prezent na roczek dla ch\u0142opca, aniela imie, ubieranki do druku, pan twardowski na ksi\u0119\u017cycu wiersz, podzi\u0119kowania dla nauczyciela cytaty, zaproszenie do druku, zagadki logiczne na inteligencj\u0119, kajko i kokosz szko\u0142a latania test z odpowiedziami<\/p>\n<p>yyyyy<\/p>\n<p>&nbsp;<\/p>\n","protected":false},"excerpt":{"rendered":"<p>Pomara\u0144czowa sukienka w kwiatki dla lalki. Nadaje si\u0119 dla lalek nie wi\u0119kszych ni\u017c 42 cm d\u0142ugo\u015bci. Ubieranie i rozbieranie lalki pozwala \u0107wiczy\u0107 zdolno\u015bci manualne dziecka. Rekomendowane dla dzieci od 3. do 6. roku \u017cycia. Sukienka zapakowana jest w estetyczne pude\u0142ko. Karasek Sukienka Dla Lalki Pomara\u0144czowa Karasek nietypowe imiona \u017ce\u0144skie, mini kanapki dla dzieci, ch\u0142opcy z [&hellip;]<\/p>\n","protected":false},"featured_media":12344,"comment_status":"closed","ping_status":"open","template":"","meta":[],"product_cat":[2117,50],"product_tag":[837,693,634,725],"class_list":["post-12343","product","type-product","status-publish","has-post-thumbnail","hentry","product_cat-karasek","product_cat-ubranka-i-buty-dla-lalek","product_tag-cicha-noc-po-angielsku","product_tag-zagadki-dla-doroslych","product_tag-zagadki-wielkanocne-dla-dzieci","product_tag-zgadywanki"],"_links":{"self":[{"href":"http:\/\/klubmamgdynia.pl\/index.php\/wp-json\/wp\/v2\/product\/12343","targetHints":{"allow":["GET"]}}],"collection":[{"href":"http:\/\/klubmamgdynia.pl\/index.php\/wp-json\/wp\/v2\/product"}],"about":[{"href":"http:\/\/klubmamgdynia.pl\/index.php\/wp-json\/wp\/v2\/types\/product"}],"replies":[{"embeddable":true,"href":"http:\/\/klubmamgdynia.pl\/index.php\/wp-json\/wp\/v2\/comments?post=12343"}],"wp:featuredmedia":[{"embeddable":true,"href":"http:\/\/klubmamgdynia.pl\/index.php\/wp-json\/wp\/v2\/media\/12344"}],"wp:attachment":[{"href":"http:\/\/klubmamgdynia.pl\/index.php\/wp-json\/wp\/v2\/media?parent=12343"}],"wp:term":[{"taxonomy":"product_cat","embeddable":true,"href":"http:\/\/klubmamgdynia.pl\/index.php\/wp-json\/wp\/v2\/product_cat?post=12343"},{"taxonomy":"product_tag","embeddable":true,"href":"http:\/\/klubmamgdynia.pl\/index.php\/wp-json\/wp\/v2\/product_tag?post=12343"}],"curies":[{"name":"wp","href":"https:\/\/api.w.org\/{rel}","templated":true}]}}