{"id":12347,"date":"2025-07-19T17:10:21","date_gmt":"2025-07-19T15:10:21","guid":{"rendered":"http:\/\/klubmamgdynia.pl\/?post_type=product&#038;p=12347"},"modified":"2026-04-22T20:54:41","modified_gmt":"2026-04-22T18:54:41","slug":"bandai-harumika-yummy-all-over-zestaw-do-tworzenia-kreacji-mala-projektantka","status":"publish","type":"product","link":"http:\/\/klubmamgdynia.pl\/index.php\/produkt\/bandai-harumika-yummy-all-over-zestaw-do-tworzenia-kreacji-mala-projektantka\/","title":{"rendered":"Bandai Harumika Yummy All Over Zestaw Do Tworzenia Kreacji Ma\u0142a Projektantka"},"content":{"rendered":"<p>Kreatywny zestaw do szycia ubranek dla lalek &#8211; Yummy All OverW zestawie znajduje si\u0119 wszystko co potrzebne do stworzenia ubranek dla lalki. S\u0105 tutaj manekiny, materia\u0142y, ozdoby. Uszyte ubranka mo\u017cna zawiesi\u0107 na manekinie. Do\u0142\u0105czone do zestawu manekiny s\u0105 skonstruowane w taki spos\u00f3b, aby dziecko mog\u0142o na nim projektowa\u0107 ubranka bez u\u017cycia nici i ig\u0142y dzi\u0119ki specjalnym akcesoriom.Zawarto\u015b\u0107 opakowania:2 manekinyzestaw tkaninozdobypodstawa manekinaakcesoria<\/p>\n<h2>Bandai Harumika Yummy All Over Zestaw Do Tworzenia Kreacji Ma\u0142a Projektantka Bandai<\/h2>\n<p>fajne \u017carty na prima aprilis, mira imi\u0119, linda, gwiazdka do druku, jak narysowa\u0107 sanie miko\u0142aja, szablony papierowe lalki do ubierania do wydruku, kr\u00f3tkie zagadki logiczne, wroc\u0142aw i okolice atrakcje, wzruszaj\u0105ce s\u0142owa dla przyjaci\u00f3\u0142ki, zagadki logiczne dla dzieci, czerwony kapturek kolorowanka, quiz o zwierz\u0119tach domowych, \u0142amig\u0142\u00f3wki matematyczne, piosenki dla dzieci o jesieni, atrakcje dla dzieci wroc\u0142aw, spongebob kolorowanka<\/p>\n<p>yyyyy<\/p>\n<p>&nbsp;<\/p>\n","protected":false},"excerpt":{"rendered":"<p>Kreatywny zestaw do szycia ubranek dla lalek &#8211; Yummy All OverW zestawie znajduje si\u0119 wszystko co potrzebne do stworzenia ubranek dla lalki. S\u0105 tutaj manekiny, materia\u0142y, ozdoby. Uszyte ubranka mo\u017cna zawiesi\u0107 na manekinie. Do\u0142\u0105czone do zestawu manekiny s\u0105 skonstruowane w taki spos\u00f3b, aby dziecko mog\u0142o na nim projektowa\u0107 ubranka bez u\u017cycia nici i ig\u0142y dzi\u0119ki [&hellip;]<\/p>\n","protected":false},"featured_media":12348,"comment_status":"closed","ping_status":"open","template":"","meta":[],"product_cat":[96,50],"product_tag":[865,643,738],"class_list":["post-12347","product","type-product","status-publish","has-post-thumbnail","hentry","product_cat-bandai","product_cat-ubranka-i-buty-dla-lalek","product_tag-cytaty-o-dzieciach","product_tag-prezent-dla-17-latki","product_tag-wroclaw-dla-dzieci"],"_links":{"self":[{"href":"http:\/\/klubmamgdynia.pl\/index.php\/wp-json\/wp\/v2\/product\/12347","targetHints":{"allow":["GET"]}}],"collection":[{"href":"http:\/\/klubmamgdynia.pl\/index.php\/wp-json\/wp\/v2\/product"}],"about":[{"href":"http:\/\/klubmamgdynia.pl\/index.php\/wp-json\/wp\/v2\/types\/product"}],"replies":[{"embeddable":true,"href":"http:\/\/klubmamgdynia.pl\/index.php\/wp-json\/wp\/v2\/comments?post=12347"}],"wp:featuredmedia":[{"embeddable":true,"href":"http:\/\/klubmamgdynia.pl\/index.php\/wp-json\/wp\/v2\/media\/12348"}],"wp:attachment":[{"href":"http:\/\/klubmamgdynia.pl\/index.php\/wp-json\/wp\/v2\/media?parent=12347"}],"wp:term":[{"taxonomy":"product_cat","embeddable":true,"href":"http:\/\/klubmamgdynia.pl\/index.php\/wp-json\/wp\/v2\/product_cat?post=12347"},{"taxonomy":"product_tag","embeddable":true,"href":"http:\/\/klubmamgdynia.pl\/index.php\/wp-json\/wp\/v2\/product_tag?post=12347"}],"curies":[{"name":"wp","href":"https:\/\/api.w.org\/{rel}","templated":true}]}}