{"id":12349,"date":"2024-05-01T20:18:41","date_gmt":"2024-05-01T18:18:41","guid":{"rendered":"http:\/\/klubmamgdynia.pl\/?post_type=product&#038;p=12349"},"modified":"2026-04-03T20:07:11","modified_gmt":"2026-04-03T18:07:11","slug":"fillikid-muzyczna-ruchoma-sowa","status":"publish","type":"product","link":"http:\/\/klubmamgdynia.pl\/index.php\/produkt\/fillikid-muzyczna-ruchoma-sowa\/","title":{"rendered":"Fillikid Muzyczna Ruchoma Sowa"},"content":{"rendered":"<p>Koj\u0105ce melodie pozwol\u0105 Twojemu anio\u0142kowi odnale\u017a\u0107 spok\u00f3j! Instynkt budowania gniazda w\u0142a\u015bnie Ci\u0119 dopad\u0142 lub przemeblowujesz pok\u00f3j swojego ma\u0142ego ulubie\u0144ca, to nie mo\u017ce w nim zabrakn\u0105\u0107 jednej rzeczy &#8211; s\u0142odkiego mobilu nad \u0142\u00f3\u017ceczkiem. Zosta\u0142 zaprojektowany tak, aby pom\u00f3c Twojemu ma\u0142emu skarbowi znale\u017a\u0107 g\u0142\u0119boki i spokojny sen wieczorem, a w ci\u0105gu dnia dziecko mo\u017ce obserwowa\u0107 ta\u0144cz\u0105ce kszta\u0142ty i jasne kolory. Relaksuje r\u00f3wnie\u017c przy \u0142agodnej melodii Ko\u0142ysanki Mozarta. Uspokajaj\u0105co dzia\u0142a r\u00f3wnie\u017c powolny ruch motyw\u00f3w po okr\u0119gu, kt\u00f3re nap\u0119dzane s\u0105 przez ma\u0142\u0105 mechaniczn\u0105 pozytywk\u0119. Muzyczny mobil ma uroczy wygl\u0105d Design z dzieci\u0119cymi motywami i pasuje do ka\u017cdego dzieci\u0119cego pokoju. Mo\u017cna go \u0142atwo przymocowa\u0107 do ka\u017cdego standardowego \u0142\u00f3\u017ceczka. Motywy mo\u017cna \u0142atwo zmieni\u0107 lub usun\u0105\u0107 i mo\u017cna je pra\u0107 w pralce w temperaturze 30 stopni. Szczeg\u00f3\u0142y produktu: Wymiary (d\u0142ugo\u015b\u0107 x szeroko\u015b\u0107 x wysoko\u015b\u0107): 27 x 38 x 58 cm Muzyka: Ko\u0142ysanka Mozarta Pozytywka mechaniczna \u0141atwy monta\u017c Czyszczenie: tkanin\u0119 z zawieszk\u0105 mo\u017cna pra\u0107 w temperaturze 30 stopni. Wiek: od 0 miesi\u0119cy Uwaga Telefony kom\u00f3rkowe to nie zabawki! Mobile s\u0142u\u017cy wy\u0142\u0105cznie do stymulacji wizualnej. Urz\u0105dzenie mobilne musi by\u0107 zawsze zamocowane poza zasi\u0119giem dziecka ze wzgl\u0119du na niebezpiecze\u0144stwo zad\u0142awienia si\u0119 ma\u0142ymi cz\u0119\u015bciami, kt\u00f3re mog\u0105 zosta\u0107 po\u0142kni\u0119te.<\/p>\n<h2>Fillikid Muzyczna Ruchoma Sowa Fillikid<\/h2>\n<p>ninjago kolorowanka, cytat o dziecku, cytat o rodzinie, labirynt psi patrol, u\u015bmiech dziecka wiersz, kamila, \u015bwi\u0119ty przemys\u0142aw, znaczenie imienia alan, wierszyki na \u015bmigusa dyngusa<\/p>\n<p>yyyyy<\/p>\n<p>&nbsp;<\/p>\n","protected":false},"excerpt":{"rendered":"<p>Koj\u0105ce melodie pozwol\u0105 Twojemu anio\u0142kowi odnale\u017a\u0107 spok\u00f3j! Instynkt budowania gniazda w\u0142a\u015bnie Ci\u0119 dopad\u0142 lub przemeblowujesz pok\u00f3j swojego ma\u0142ego ulubie\u0144ca, to nie mo\u017ce w nim zabrakn\u0105\u0107 jednej rzeczy &#8211; s\u0142odkiego mobilu nad \u0142\u00f3\u017ceczkiem. Zosta\u0142 zaprojektowany tak, aby pom\u00f3c Twojemu ma\u0142emu skarbowi znale\u017a\u0107 g\u0142\u0119boki i spokojny sen wieczorem, a w ci\u0105gu dnia dziecko mo\u017ce obserwowa\u0107 ta\u0144cz\u0105ce kszta\u0142ty [&hellip;]<\/p>\n","protected":false},"featured_media":12350,"comment_status":"closed","ping_status":"open","template":"","meta":[],"product_cat":[1092,26],"product_tag":[662,722,811],"class_list":["post-12349","product","type-product","status-publish","has-post-thumbnail","hentry","product_cat-fillikid","product_cat-zabawki-do-wozka-lozeczka-i-fotelika","product_tag-bajki-na-dobranoc","product_tag-cytaty-o-przyjazni","product_tag-zagadki-logiczne-dla-dzieci"],"_links":{"self":[{"href":"http:\/\/klubmamgdynia.pl\/index.php\/wp-json\/wp\/v2\/product\/12349","targetHints":{"allow":["GET"]}}],"collection":[{"href":"http:\/\/klubmamgdynia.pl\/index.php\/wp-json\/wp\/v2\/product"}],"about":[{"href":"http:\/\/klubmamgdynia.pl\/index.php\/wp-json\/wp\/v2\/types\/product"}],"replies":[{"embeddable":true,"href":"http:\/\/klubmamgdynia.pl\/index.php\/wp-json\/wp\/v2\/comments?post=12349"}],"wp:featuredmedia":[{"embeddable":true,"href":"http:\/\/klubmamgdynia.pl\/index.php\/wp-json\/wp\/v2\/media\/12350"}],"wp:attachment":[{"href":"http:\/\/klubmamgdynia.pl\/index.php\/wp-json\/wp\/v2\/media?parent=12349"}],"wp:term":[{"taxonomy":"product_cat","embeddable":true,"href":"http:\/\/klubmamgdynia.pl\/index.php\/wp-json\/wp\/v2\/product_cat?post=12349"},{"taxonomy":"product_tag","embeddable":true,"href":"http:\/\/klubmamgdynia.pl\/index.php\/wp-json\/wp\/v2\/product_tag?post=12349"}],"curies":[{"name":"wp","href":"https:\/\/api.w.org\/{rel}","templated":true}]}}