{"id":12351,"date":"2014-08-31T06:56:07","date_gmt":"2014-08-31T04:56:07","guid":{"rendered":"http:\/\/klubmamgdynia.pl\/index.php\/produkt\/tiny-love-boho-chic-lampka-projektor-muzyczny-pozytywka-3w1\/"},"modified":"2026-04-03T16:05:45","modified_gmt":"2026-04-03T14:05:45","slug":"tiny-love-boho-chic-lampka-projektor-muzyczny-pozytywka-3w1","status":"publish","type":"product","link":"http:\/\/klubmamgdynia.pl\/index.php\/produkt\/tiny-love-boho-chic-lampka-projektor-muzyczny-pozytywka-3w1\/","title":{"rendered":"Tiny Love Boho Chic. Lampka \/ Projektor Muzyczny \/ Pozytywka 3W1"},"content":{"rendered":"<p>TINY LOVE PROJEKTOR BOHO CHICWyj\u0105tkowa paleta kolor\u00f3w kolekcji Boho Chic uzupe\u0142ni\u0105 wn\u0119trze Twojego domu i stworz\u0105 przyjemn\u0105 przestrze\u0144.Zamie\u0144 rutyn\u0119 usypiania dziecka w magiczne prze\u017cycie, dzi\u0119ki projektorowi 3w1 \u2013 jest to pozytywka, projektor i lampka nocna w jednym. Urz\u0105dzenie umo\u017cliwia rodzicom wyb\u00f3r jednej z 17 r\u00f3\u017cnych ko\u0142ysanek, szum\u00f3w, d\u017awi\u0119ku uciszania czy wgrania swoich utwor\u00f3w w formacie MP3.Kolorowa, gwie\u017adzista projekcja na suficie stworzy zaczarowan\u0105 i magiczn\u0105 atmosfer\u0119 w pokoju dziecka. Lampka nocna umo\u017cliwia dostosowanie poziomu o\u015bwietlenia, a dzi\u0119ki uchwytowi w postaci sznurka, mo\u017cna j\u0105 przenosi\u0107 w trybie latarenki.Projektor 3w1 wyposa\u017cony jest w akumulator i kabel USB.Dane techniczne:- W\u0142\u0105cznik i wy\u0142\u0105cznik urz\u0105dzenia- Mo\u017cliwo\u015b\u0107 ustawienia poziomu g\u0142o\u015bno\u015bci &#8211; pog\u0142a\u015bnianie- Pi\u0119\u0107 tryb\u00f3w koj\u0105cych, tzw. bia\u0142ych szum\u00f3w (bicie serca, deszcz, b\u0105belki, strumyk i \u0107wierkanie ptak\u00f3w, szum morza)- Unikalny d\u017awi\u0119k uciszania dziecka- W\u0142\u0105cznik projektora &#8211; projekcja gwie\u017adzistego nieba w r\u00f3\u017cnych kolorach, kt\u00f3re przechodz\u0105 \u0142agodnie mi\u0119dzy sob\u0105- Gniazdo umo\u017cliwiaj\u0105ce \u0142adowanie urz\u0105dzenia oraz wgranie w\u0142asnych piosenek poprzez kabel USB- Czasomierz automatycznego wy\u0142\u0105czania urz\u0105dzenia (ci\u0105g\u0142a praca, 30, 60 minut)- Wbudowany odtwarzacz MP3- W\u0142\u0105cznik lampki nocnej- Panel do prze\u0142\u0105czania i zatrzymywania muzyki- Mo\u017cliwo\u015b\u0107 ustawienia poziomu g\u0142o\u015bno\u015bci &#8211; \u015bciszanie- Uchwyt do \u0142atwego przenoszenia w trybie latarenki<\/p>\n<h2>Tiny Love Boho Chic. Lampka \/ Projektor Muzyczny \/ Pozytywka 3W1 Tiny love<\/h2>\n<p>cytaty o dziecku i mamie, opisy o rodzinie, pytania do lektury asiunia, \u015bw przemys\u0142aw, zabawy na dworze dla 10 latk\u00f3w, mi\u0142osz imie<\/p>\n<p>yyyyy<\/p>\n<p>&nbsp;<\/p>\n","protected":false},"excerpt":{"rendered":"<p>TINY LOVE PROJEKTOR BOHO CHICWyj\u0105tkowa paleta kolor\u00f3w kolekcji Boho Chic uzupe\u0142ni\u0105 wn\u0119trze Twojego domu i stworz\u0105 przyjemn\u0105 przestrze\u0144.Zamie\u0144 rutyn\u0119 usypiania dziecka w magiczne prze\u017cycie, dzi\u0119ki projektorowi 3w1 \u2013 jest to pozytywka, projektor i lampka nocna w jednym. Urz\u0105dzenie umo\u017cliwia rodzicom wyb\u00f3r jednej z 17 r\u00f3\u017cnych ko\u0142ysanek, szum\u00f3w, d\u017awi\u0119ku uciszania czy wgrania swoich utwor\u00f3w w formacie [&hellip;]<\/p>\n","protected":false},"featured_media":12352,"comment_status":"closed","ping_status":"open","template":"","meta":[],"product_cat":[138,499],"product_tag":[687,843,693,767],"class_list":["post-12351","product","type-product","status-publish","has-post-thumbnail","hentry","product_cat-lampki-dzieciece","product_cat-tiny-love","product_tag-podchwytliwe-zagadki-matematyczne","product_tag-smieszne-zagadki-dla-dzieci","product_tag-zagadki-dla-doroslych","product_tag-zaproszenia-urodzinowe-do-druku"],"_links":{"self":[{"href":"http:\/\/klubmamgdynia.pl\/index.php\/wp-json\/wp\/v2\/product\/12351","targetHints":{"allow":["GET"]}}],"collection":[{"href":"http:\/\/klubmamgdynia.pl\/index.php\/wp-json\/wp\/v2\/product"}],"about":[{"href":"http:\/\/klubmamgdynia.pl\/index.php\/wp-json\/wp\/v2\/types\/product"}],"replies":[{"embeddable":true,"href":"http:\/\/klubmamgdynia.pl\/index.php\/wp-json\/wp\/v2\/comments?post=12351"}],"wp:featuredmedia":[{"embeddable":true,"href":"http:\/\/klubmamgdynia.pl\/index.php\/wp-json\/wp\/v2\/media\/12352"}],"wp:attachment":[{"href":"http:\/\/klubmamgdynia.pl\/index.php\/wp-json\/wp\/v2\/media?parent=12351"}],"wp:term":[{"taxonomy":"product_cat","embeddable":true,"href":"http:\/\/klubmamgdynia.pl\/index.php\/wp-json\/wp\/v2\/product_cat?post=12351"},{"taxonomy":"product_tag","embeddable":true,"href":"http:\/\/klubmamgdynia.pl\/index.php\/wp-json\/wp\/v2\/product_tag?post=12351"}],"curies":[{"name":"wp","href":"https:\/\/api.w.org\/{rel}","templated":true}]}}