{"id":12353,"date":"2016-04-10T13:58:13","date_gmt":"2016-04-10T11:58:13","guid":{"rendered":"http:\/\/klubmamgdynia.pl\/index.php\/produkt\/albero-mio-mata-do-zabawy-naturelove-n004-forest\/"},"modified":"2026-04-06T08:38:34","modified_gmt":"2026-04-06T06:38:34","slug":"albero-mio-mata-do-zabawy-naturelove-n004-forest","status":"publish","type":"product","link":"http:\/\/klubmamgdynia.pl\/index.php\/produkt\/albero-mio-mata-do-zabawy-naturelove-n004-forest\/","title":{"rendered":"Albero Mio Mata Do Zabawy Nature&amp;Love N004 Forest"},"content":{"rendered":"<p>Mata do zabawy Nature&amp;LoveDwustronna Mata do zabawy i worek do zabawek w jednym &#8211; pi\u0119kny produkt przydatny w ka\u017cdym dzieci\u0119cym pokoiku. Przez pociagni\u0119cie sznurk\u00f3w mata w kilka chwil zamienia si\u0119 w worek na zabawkiWymiar: 150&#215;150 cm (po roz\u0142o\u017ceniu)Tkanina: produkt dwustronny: pikowana bawe\u0142na 100% \/ satyna &#8211; bawe\u0142na 100%, wype\u0142nienia: antyalergiczna w\u0142\u00f3knina silikonowa (poliester 100%)EAN: 5902605476035<\/p>\n<h2>Albero Mio Mata Do Zabawy Nature&amp;Love N004 Forest Klup\u015b<\/h2>\n<p>test z lektury opowie\u015bci z narnii lew czarownica i stara szafa z odpowiedziami, ziemia wyspa zielona tekst, cytaty na dzie\u0144 edukacji narodowej, prezent na 1 urodziny dla dziewczynki, piosenka dla mamy tekst, maski do druku, wpad\u0142a bomba do piwnicy, zagadki wielkanocne przedszkole, origami dla dzieci<\/p>\n<p>yyyyy<\/p>\n<p>&nbsp;<\/p>\n","protected":false},"excerpt":{"rendered":"<p>Mata do zabawy Nature&amp;LoveDwustronna Mata do zabawy i worek do zabawek w jednym &#8211; pi\u0119kny produkt przydatny w ka\u017cdym dzieci\u0119cym pokoiku. Przez pociagni\u0119cie sznurk\u00f3w mata w kilka chwil zamienia si\u0119 w worek na zabawkiWymiar: 150&#215;150 cm (po roz\u0142o\u017ceniu)Tkanina: produkt dwustronny: pikowana bawe\u0142na 100% \/ satyna &#8211; bawe\u0142na 100%, wype\u0142nienia: antyalergiczna w\u0142\u00f3knina silikonowa (poliester 100%)EAN: 5902605476035 [&hellip;]<\/p>\n","protected":false},"featured_media":12354,"comment_status":"closed","ping_status":"open","template":"","meta":[],"product_cat":[957,55],"product_tag":[728,636,693],"class_list":["post-12353","product","type-product","status-publish","has-post-thumbnail","hentry","product_cat-klups","product_cat-maty-edukacyjne","product_tag-bezwarunkowa-milosc-do-dziecka-cytaty","product_tag-teksty-kolysanek","product_tag-zagadki-dla-doroslych"],"_links":{"self":[{"href":"http:\/\/klubmamgdynia.pl\/index.php\/wp-json\/wp\/v2\/product\/12353","targetHints":{"allow":["GET"]}}],"collection":[{"href":"http:\/\/klubmamgdynia.pl\/index.php\/wp-json\/wp\/v2\/product"}],"about":[{"href":"http:\/\/klubmamgdynia.pl\/index.php\/wp-json\/wp\/v2\/types\/product"}],"replies":[{"embeddable":true,"href":"http:\/\/klubmamgdynia.pl\/index.php\/wp-json\/wp\/v2\/comments?post=12353"}],"wp:featuredmedia":[{"embeddable":true,"href":"http:\/\/klubmamgdynia.pl\/index.php\/wp-json\/wp\/v2\/media\/12354"}],"wp:attachment":[{"href":"http:\/\/klubmamgdynia.pl\/index.php\/wp-json\/wp\/v2\/media?parent=12353"}],"wp:term":[{"taxonomy":"product_cat","embeddable":true,"href":"http:\/\/klubmamgdynia.pl\/index.php\/wp-json\/wp\/v2\/product_cat?post=12353"},{"taxonomy":"product_tag","embeddable":true,"href":"http:\/\/klubmamgdynia.pl\/index.php\/wp-json\/wp\/v2\/product_tag?post=12353"}],"curies":[{"name":"wp","href":"https:\/\/api.w.org\/{rel}","templated":true}]}}