{"id":12355,"date":"2012-03-05T08:14:37","date_gmt":"2012-03-05T07:14:37","guid":{"rendered":"http:\/\/klubmamgdynia.pl\/index.php\/produkt\/tooky-toy-tooky-toy-ukladanka-gra-logiczna-lamiglowki-klocki-magnetyczne-dla-dzieci-49-el\/"},"modified":"2026-04-22T22:14:53","modified_gmt":"2026-04-22T20:14:53","slug":"tooky-toy-tooky-toy-ukladanka-gra-logiczna-lamiglowki-klocki-magnetyczne-dla-dzieci-49-el","status":"publish","type":"product","link":"http:\/\/klubmamgdynia.pl\/index.php\/produkt\/tooky-toy-tooky-toy-ukladanka-gra-logiczna-lamiglowki-klocki-magnetyczne-dla-dzieci-49-el\/","title":{"rendered":"Tooky Toy TOOKY TOY Uk\u0142adanka Gra Logiczna \u0141amig\u0142\u00f3wki Klocki Magnetyczne dla Dzieci 49 el."},"content":{"rendered":"<p>Drewniane magnetyczne klocuszki od Tooky Toy to gwarancja dobrej zabawy!Klocki mo\u017cna uk\u0142ada\u0107 na wielu planszach, w r\u00f3\u017cnych kombinacjach co z pewno\u015bci\u0105 zapewni niesko\u0144czone godziny zabawy. Zabawka nadaje si\u0119 do gry samemu, b\u0105d\u017a w grupie. Mo\u017cna uk\u0142ada\u0107 je na za\u0142\u0105czonych w zestawie planszach, wed\u0142ug wzor\u00f3w lub samodzielnie, wed\u0142ug w\u0142asnego pomys\u0142u. Gra polega na u\u0142o\u017ceniu wed\u0142ug konkretnego wzoruz klock\u00f3w r\u00f3\u017cnych zwierz\u0105tek. Taka zabawka fantastycznie rozwija kreatywno\u015b\u0107 i wyobra\u017anie oraz logiczne my\u015blenie malucha. Do dyspozycji dzieci jest 12 dwustronnych zadrukowanych arkuszy, 36 sztyft\u00f3w magnetycznych (r\u00f3\u017cnej d\u0142ugo\u015bci). Pude\u0142ko magnetyczne i patyczki pomog\u0105 w utrzymaniu obrazu w odpowiedniej pozycji.Charakterystyka:- W zestawie 49 element\u00f3w: ksi\u0105\u017ceczka z r\u00f3\u017cnymi wzorami, pude\u0142ko oraz klocki magnetyczne,- Dziecko uk\u0142ada na przygotowanych planszach r\u00f3\u017cne obrazki zwierz\u0105tek,- Produkt zapakowany w opakowanie kartonowe,- Wykonane z bezpiecznych dla dzieci i \u015brodowiska materia\u0142\u00f3w.Rozwija:- inteligencj\u0119,- koncentracj\u0119,- logiczne my\u015blenie,- kreatywno\u015b\u0107 i wyobra\u017ani\u0119,- rozpoznawanie kolor\u00f3w,- koordynacj\u0119 r\u0119ka &#8211; oko.Tooky Toy to firma produkuj\u0105ca drewniane zabawki dla dzieci, obecna na rynku od 2004 roku. Kilkana\u015bcie lat do\u015bwiadczenia w bran\u017cy to gwarancja wysokiej jako\u015bci produkt\u00f3w, wytwarzanych z my\u015bl\u0105 o bezpiecze\u0144stwie dzieci. Zabawki Tooky Toy posiadaj\u0105 liczne certyfikaty potwierdzaj\u0105ce bezpiecze\u0144stwo tych ekologicznych produkt\u00f3w. Dobrze wyg\u0142adzone, wolne od drzazg i ostrych kraw\u0119dzi zabawki, pokryte s\u0105 wy\u0142\u0105cznie bezpiecznymi, nietoksycznymi farbami, barwnikami i lakierami. To wszystko sprawia, \u017ce zabawki Tooky Toy s\u0105 uwielbiane przez dzieci i doceniane przez rodzic\u00f3w na ca\u0142ym \u015bwiecie.<\/p>\n<h2>Tooky Toy TOOKY TOY Uk\u0142adanka Gra Logiczna \u0141amig\u0142\u00f3wki Klocki Magnetyczne dla Dzieci 49 el. Tooky Toy<\/h2>\n<p>prezent dla rocznej dziewczynki, miasto dzieci pl, basen warszawa, zagadki logiczne dla dzieci, \u0142atwe laurki, bajki do czytania na dobranoc, felix net i nika oraz gang niewidzialnych ludzi quiz, prezent dla 15 latki, przeczytaj mi wiersz, okolice wroc\u0142awia atrakcje<\/p>\n<p>yyyyy<\/p>\n<p>&nbsp;<\/p>\n","protected":false},"excerpt":{"rendered":"<p>Drewniane magnetyczne klocuszki od Tooky Toy to gwarancja dobrej zabawy!Klocki mo\u017cna uk\u0142ada\u0107 na wielu planszach, w r\u00f3\u017cnych kombinacjach co z pewno\u015bci\u0105 zapewni niesko\u0144czone godziny zabawy. Zabawka nadaje si\u0119 do gry samemu, b\u0105d\u017a w grupie. Mo\u017cna uk\u0142ada\u0107 je na za\u0142\u0105czonych w zestawie planszach, wed\u0142ug wzor\u00f3w lub samodzielnie, wed\u0142ug w\u0142asnego pomys\u0142u. Gra polega na u\u0142o\u017ceniu wed\u0142ug konkretnego [&hellip;]<\/p>\n","protected":false},"featured_media":12356,"comment_status":"closed","ping_status":"open","template":"","meta":[],"product_cat":[537,560],"product_tag":[728,745],"class_list":["post-12355","product","type-product","status-publish","has-post-thumbnail","hentry","product_cat-pozostale-zabawki-edukacyjne","product_cat-tooky-toy","product_tag-bezwarunkowa-milosc-do-dziecka-cytaty","product_tag-prezent-dla-15-latki"],"_links":{"self":[{"href":"http:\/\/klubmamgdynia.pl\/index.php\/wp-json\/wp\/v2\/product\/12355","targetHints":{"allow":["GET"]}}],"collection":[{"href":"http:\/\/klubmamgdynia.pl\/index.php\/wp-json\/wp\/v2\/product"}],"about":[{"href":"http:\/\/klubmamgdynia.pl\/index.php\/wp-json\/wp\/v2\/types\/product"}],"replies":[{"embeddable":true,"href":"http:\/\/klubmamgdynia.pl\/index.php\/wp-json\/wp\/v2\/comments?post=12355"}],"wp:featuredmedia":[{"embeddable":true,"href":"http:\/\/klubmamgdynia.pl\/index.php\/wp-json\/wp\/v2\/media\/12356"}],"wp:attachment":[{"href":"http:\/\/klubmamgdynia.pl\/index.php\/wp-json\/wp\/v2\/media?parent=12355"}],"wp:term":[{"taxonomy":"product_cat","embeddable":true,"href":"http:\/\/klubmamgdynia.pl\/index.php\/wp-json\/wp\/v2\/product_cat?post=12355"},{"taxonomy":"product_tag","embeddable":true,"href":"http:\/\/klubmamgdynia.pl\/index.php\/wp-json\/wp\/v2\/product_tag?post=12355"}],"curies":[{"name":"wp","href":"https:\/\/api.w.org\/{rel}","templated":true}]}}