{"id":12357,"date":"2011-07-18T19:52:20","date_gmt":"2011-07-18T17:52:20","guid":{"rendered":"http:\/\/klubmamgdynia.pl\/index.php\/produkt\/absima-model-samochodu-rc-racer-szczotkowy-2-4-ghz\/"},"modified":"2026-04-28T19:22:55","modified_gmt":"2026-04-28T17:22:55","slug":"absima-model-samochodu-rc-racer-szczotkowy-2-4-ghz","status":"publish","type":"product","link":"http:\/\/klubmamgdynia.pl\/index.php\/produkt\/absima-model-samochodu-rc-racer-szczotkowy-2-4-ghz\/","title":{"rendered":"Absima Model Samochodu Rc Racer Szczotkowy 2 4 Ghz"},"content":{"rendered":"<p>1:16 Elektro Truggy Racer czarny \/ zielony RtR+ 35 km\/h !!!!BryzgoszczelnaW tym bateria i kabel do \u0142adowania USBOdkryj sportow\u0105 dusz\u0119 swojego modelu dzi\u0119ki porywaj\u0105cej First Step Performance firmy Absima. Ponad 35 km\/h i pe\u0142na mocTruggy Racer trzeba oswoi\u0107. Oczywi\u015bcie b\u0119dziesz wspierany przez prawdziw\u0105 technologi\u0119 modelow\u0105. Opr\u00f3cz sejfuSystem zdalnego sterowania 2,4 GHz, regulator pr\u0119dko\u015bci 40A uwalnia moc na twoje polecenie i pozwala \u015bwi\u0119towa\u0107.Ma\u0142y, delikatny, wredny \u2013 zr\u00f3b pierwszy krok w \u015bwiat modelowych sport\u00f3w.Uwaga! Opis tego produktu zosta\u0142 przet\u0142umaczony automatycznie. Je\u015bli mo\u017cemy poprawi\u0107 go dzi\u0119ki Tobie, prosimy o kontakt.Wyposa\u017cenie: W tym reflektory \u00b7 Wiele cz\u0119\u015bci wymiennych \u00b7 Nap\u0119d na wszystkie ko\u0142a 4WD \u00b7 Ca\u0142kowicie \u0142o\u017cysko kulkowe \u00b7 2 dyferencja\u0142y \u00b7 Amortyzatory z nak\u0142adkami aluminiowymi \u00b7 Wysokowydajny silnik i regulator pr\u0119dko\u015bci \u00b7 Wa\u0142y nap\u0119dowe CVD \u00b7 Opony: Hieroglify wy\u015bcigowe \/ obr\u0119cz z 5 podw\u00f3jnymi szprychami \u00b7 Zasi\u0119g radiowy ok. 60m \u00b7 Aluminiowy nap\u0119d kardana \u00b7 Regulowana pr\u0119dko\u015b\u0107 \u00b7 Ochrona przed przegrzaniem \u00b7 Zawiera przednie \u015bwiat\u0142a LED Lekka konstrukcja (mniejsza waga &#8211; d\u0142u\u017cszy czas jazdy) \u00b7 W zestawie system zdalnego sterowania 2,4 GHz \u00b7 Wst\u0119pnie zaprojektowany korpus.Dane techniczne: Czas jazdy: 12 min \u00b7 Cz\u0119stotliwo\u015b\u0107: 2,4 GHz \u00b7 D\u0142ugo\u015b\u0107 produktu: 300 mm \u00b7 Klasa wiekowa: Od 14 lat \u00b7 Kolor producenta: czarny, zielony \u00b7 Maksymalna pr\u0119dko\u015b\u0107: 35 km\/h \u00b7 Model: Truggy \u00b7 Prze\u015bwit: 30 mm \u00b7 Rodzaj nap\u0119du (modelarstwo): Nap\u0119d na wszystkie ko\u0142a \u00b7 Rodzaj produktu: Model samochodu RC \u00b7 Rodzaj silnika: Elektryczny \u00b7 Rodzaj silnika elektrycznego: Szczotkowy \u00b7 Rozstaw osi: 175 mm \u00b7 Skala: 1:16 \u00b7 Specyfikacja modelu samochodu: zawiera akumulator i kabel do \u0142adowania \u00b7 Szeroko\u015b\u0107 opon: 45 mm \u00b7 Szeroko\u015b\u0107 produktu: 235 mm \u00b7 Wykonanie modelu: RtR \u00b7 Wysoko\u015b\u0107 produktu: 110 mm \u00b7 \u015arednica opon: 80 mmDostawa obejmuje: Pojazd \u00b7 Pilot zdalnego sterowania \u00b7 Akumulator do modeli samochod\u00f3w; \u00b7 Kabel do \u0142adowania USB \u00b7 Instrukcja obs\u0142ugi.<\/p>\n<h2>Absima Model Samochodu Rc Racer Szczotkowy 2 4 Ghz <\/h2>\n<p>na wyspach bergamuta, natan imi\u0119, jak narysowa\u0107 anio\u0142ka, minecraft kolorowanki, quiz o koniach, ma\u0142y ksi\u0105\u017c\u0119 &#8211; test z odpowiedziami, zabawa dla 7 latka, oliwier, halloween dla dzieci warszawa<\/p>\n<p>yyyyy<\/p>\n<p>&nbsp;<\/p>\n","protected":false},"excerpt":{"rendered":"<p>1:16 Elektro Truggy Racer czarny \/ zielony RtR+ 35 km\/h !!!!BryzgoszczelnaW tym bateria i kabel do \u0142adowania USBOdkryj sportow\u0105 dusz\u0119 swojego modelu dzi\u0119ki porywaj\u0105cej First Step Performance firmy Absima. Ponad 35 km\/h i pe\u0142na mocTruggy Racer trzeba oswoi\u0107. Oczywi\u015bcie b\u0119dziesz wspierany przez prawdziw\u0105 technologi\u0119 modelow\u0105. Opr\u00f3cz sejfuSystem zdalnego sterowania 2,4 GHz, regulator pr\u0119dko\u015bci 40A uwalnia [&hellip;]<\/p>\n","protected":false},"featured_media":12358,"comment_status":"closed","ping_status":"open","template":"","meta":[],"product_cat":[303],"product_tag":[696,692,641,782],"class_list":["post-12357","product","type-product","status-publish","has-post-thumbnail","hentry","product_cat-kolekcjonerskie-modele-pojazdow","product_tag-film-rodzinny-o-swietach","product_tag-prezenty-na-roczek","product_tag-trudne-zagadki-logiczne","product_tag-zagadki-dla-dzieci-z-odpowiedziami"],"_links":{"self":[{"href":"http:\/\/klubmamgdynia.pl\/index.php\/wp-json\/wp\/v2\/product\/12357","targetHints":{"allow":["GET"]}}],"collection":[{"href":"http:\/\/klubmamgdynia.pl\/index.php\/wp-json\/wp\/v2\/product"}],"about":[{"href":"http:\/\/klubmamgdynia.pl\/index.php\/wp-json\/wp\/v2\/types\/product"}],"replies":[{"embeddable":true,"href":"http:\/\/klubmamgdynia.pl\/index.php\/wp-json\/wp\/v2\/comments?post=12357"}],"wp:featuredmedia":[{"embeddable":true,"href":"http:\/\/klubmamgdynia.pl\/index.php\/wp-json\/wp\/v2\/media\/12358"}],"wp:attachment":[{"href":"http:\/\/klubmamgdynia.pl\/index.php\/wp-json\/wp\/v2\/media?parent=12357"}],"wp:term":[{"taxonomy":"product_cat","embeddable":true,"href":"http:\/\/klubmamgdynia.pl\/index.php\/wp-json\/wp\/v2\/product_cat?post=12357"},{"taxonomy":"product_tag","embeddable":true,"href":"http:\/\/klubmamgdynia.pl\/index.php\/wp-json\/wp\/v2\/product_tag?post=12357"}],"curies":[{"name":"wp","href":"https:\/\/api.w.org\/{rel}","templated":true}]}}