{"id":12359,"date":"2018-08-31T09:57:47","date_gmt":"2018-08-31T07:57:47","guid":{"rendered":"http:\/\/klubmamgdynia.pl\/index.php\/produkt\/zegarek-elektroniczny-i-portfel-kraina-lodu-2-cass-film\/"},"modified":"2026-05-01T20:05:47","modified_gmt":"2026-05-01T18:05:47","slug":"zegarek-elektroniczny-i-portfel-kraina-lodu-2-cass-film","status":"publish","type":"product","link":"http:\/\/klubmamgdynia.pl\/index.php\/produkt\/zegarek-elektroniczny-i-portfel-kraina-lodu-2-cass-film\/","title":{"rendered":"Zegarek elektroniczny i portfel Kraina Lodu 2 Cass film"},"content":{"rendered":"<p>Zegarek cyfrowy z portfelikiem Frozen 2 to wyj\u0105tkowo atrakcyjny zestaw prezentowy dla Twojego dziecka. Taki zegarek wraz z portfelikiem to doskona\u0142a sposobno\u015b\u0107 do nauki i zabawy oraz kszta\u0142towania u dziecka w\u0142a\u015bciwych nawyk\u00f3w.Zestaw zawiera:- Zegarek cyfrowy- Portfelik- Materia\u0142: poliester, PVC- D\u0142ugo\u015b\u0107 zegarka: 22 cm- Wymiary portfelika: 12,5&#215;7 cm<\/p>\n<h2>Zegarek elektroniczny i portfel Kraina Lodu 2 Cass film Kids Euroswan<\/h2>\n<p>historia pluszowego misia, kolorowanki do druku, prezent dla 17 latki, mira imi\u0119, zadania logiczne dla dzieci, malowanki do wydruku, anio\u0142ki w niebie pisz\u0105, zagadki o bajkach, maska karnawa\u0142owa pdf, logiczne zagadki, miasto dzieci krak\u00f3w, pani wiosna do druku, poczytaj mi wiersz, kanapki dla dzieci, oliwier<\/p>\n<p>yyyyy<\/p>\n<p>&nbsp;<\/p>\n","protected":false},"excerpt":{"rendered":"<p>Zegarek cyfrowy z portfelikiem Frozen 2 to wyj\u0105tkowo atrakcyjny zestaw prezentowy dla Twojego dziecka. Taki zegarek wraz z portfelikiem to doskona\u0142a sposobno\u015b\u0107 do nauki i zabawy oraz kszta\u0142towania u dziecka w\u0142a\u015bciwych nawyk\u00f3w.Zestaw zawiera:- Zegarek cyfrowy- Portfelik- Materia\u0142: poliester, PVC- D\u0142ugo\u015b\u0107 zegarka: 22 cm- Wymiary portfelika: 12,5&#215;7 cm Zegarek elektroniczny i portfel Kraina Lodu 2 Cass [&hellip;]<\/p>\n","protected":false},"featured_media":12360,"comment_status":"closed","ping_status":"open","template":"","meta":[],"product_cat":[1103,2118],"product_tag":[658,722,866,741],"class_list":["post-12359","product","type-product","status-publish","has-post-thumbnail","hentry","product_cat-kids-euroswan","product_cat-zegarki","product_tag-alan-znaczenie-imienia","product_tag-cytaty-o-przyjazni","product_tag-opis-do-zdjecia-dziecka-na-fb","product_tag-wlochy"],"_links":{"self":[{"href":"http:\/\/klubmamgdynia.pl\/index.php\/wp-json\/wp\/v2\/product\/12359","targetHints":{"allow":["GET"]}}],"collection":[{"href":"http:\/\/klubmamgdynia.pl\/index.php\/wp-json\/wp\/v2\/product"}],"about":[{"href":"http:\/\/klubmamgdynia.pl\/index.php\/wp-json\/wp\/v2\/types\/product"}],"replies":[{"embeddable":true,"href":"http:\/\/klubmamgdynia.pl\/index.php\/wp-json\/wp\/v2\/comments?post=12359"}],"wp:featuredmedia":[{"embeddable":true,"href":"http:\/\/klubmamgdynia.pl\/index.php\/wp-json\/wp\/v2\/media\/12360"}],"wp:attachment":[{"href":"http:\/\/klubmamgdynia.pl\/index.php\/wp-json\/wp\/v2\/media?parent=12359"}],"wp:term":[{"taxonomy":"product_cat","embeddable":true,"href":"http:\/\/klubmamgdynia.pl\/index.php\/wp-json\/wp\/v2\/product_cat?post=12359"},{"taxonomy":"product_tag","embeddable":true,"href":"http:\/\/klubmamgdynia.pl\/index.php\/wp-json\/wp\/v2\/product_tag?post=12359"}],"curies":[{"name":"wp","href":"https:\/\/api.w.org\/{rel}","templated":true}]}}