{"id":1236,"date":"2022-02-13T18:34:04","date_gmt":"2022-02-13T17:34:04","guid":{"rendered":"http:\/\/klubmamgdynia.pl\/index.php\/produkt\/gra-planszowa-schmidt-spiele-gmbh-wald-der-lichter-drei-magier-kinderspiel-wersja-niemiecka\/"},"modified":"2026-04-04T06:10:35","modified_gmt":"2026-04-04T04:10:35","slug":"gra-planszowa-schmidt-spiele-gmbh-wald-der-lichter-drei-magier-kinderspiel-wersja-niemiecka","status":"publish","type":"product","link":"http:\/\/klubmamgdynia.pl\/index.php\/produkt\/gra-planszowa-schmidt-spiele-gmbh-wald-der-lichter-drei-magier-kinderspiel-wersja-niemiecka\/","title":{"rendered":"Gra planszowa Schmidt Spiele Gmbh Wald der Lichter. Drei Magier\u00ae Kinderspiel (wersja niemiecka)"},"content":{"rendered":"<p>Der Wald ist finster und der Wind raschelt in den Zweigen. Findest du die Sch\u00e4tze, die zwischen den B\u00e4umen versteckt sind? Dein kleines Licht hilft dir die Sch\u00e4tze zum Leuchten zu bringen. Merke dir gut, wo sie zu finden sind, damit du sie als Erster erreichst. Ein Schiebe- und Merkspiel f\u00fcr Kinder ab 5 Jahren. F\u00fcr 2 bis 4 Spieler, Spieldauer 20 Minuten.<\/p>\n<h2>Gra planszowa Schmidt Spiele Gmbh Wald der Lichter. Drei Magier\u00ae Kinderspiel (wersja niemiecka) <\/h2>\n<p>kolorowanki konie do druku, zabawy dla 10 latk\u00f3w, oliwier, oliwier, zagadki logiczne i odpowiedzi, \u017carty na prima aprilis dla ch\u0142opaka, samoch\u00f3d kolorowanka do druku, kolorowanki psi patrol, nasza zima z\u0142a tekst, kolorowanki samochody, zabawy dla 10 latk\u00f3w, aron, my little pony kolorowanki, pies rysunek<\/p>\n<p>yyyyy<\/p>\n<p>&nbsp;<\/p>\n","protected":false},"excerpt":{"rendered":"<p>Der Wald ist finster und der Wind raschelt in den Zweigen. Findest du die Sch\u00e4tze, die zwischen den B\u00e4umen versteckt sind? Dein kleines Licht hilft dir die Sch\u00e4tze zum Leuchten zu bringen. Merke dir gut, wo sie zu finden sind, damit du sie als Erster erreichst. Ein Schiebe- und Merkspiel f\u00fcr Kinder ab 5 Jahren. [&hellip;]<\/p>\n","protected":false},"featured_media":1237,"comment_status":"closed","ping_status":"open","template":"","meta":[],"product_cat":[235],"product_tag":[650,815,826,659,597,633],"class_list":["post-1236","product","type-product","status-publish","has-post-thumbnail","hentry","product_cat-gry-planszowe","product_tag-choinka-z-bibuly","product_tag-ozdoby-choinkowe-dla-dzieci","product_tag-prezent-dla-15-latka","product_tag-tupu-tup-po-sniegu-tekst","product_tag-zagadki-o-zimie","product_tag-zagadki-z-odpowiedziami"],"_links":{"self":[{"href":"http:\/\/klubmamgdynia.pl\/index.php\/wp-json\/wp\/v2\/product\/1236","targetHints":{"allow":["GET"]}}],"collection":[{"href":"http:\/\/klubmamgdynia.pl\/index.php\/wp-json\/wp\/v2\/product"}],"about":[{"href":"http:\/\/klubmamgdynia.pl\/index.php\/wp-json\/wp\/v2\/types\/product"}],"replies":[{"embeddable":true,"href":"http:\/\/klubmamgdynia.pl\/index.php\/wp-json\/wp\/v2\/comments?post=1236"}],"wp:featuredmedia":[{"embeddable":true,"href":"http:\/\/klubmamgdynia.pl\/index.php\/wp-json\/wp\/v2\/media\/1237"}],"wp:attachment":[{"href":"http:\/\/klubmamgdynia.pl\/index.php\/wp-json\/wp\/v2\/media?parent=1236"}],"wp:term":[{"taxonomy":"product_cat","embeddable":true,"href":"http:\/\/klubmamgdynia.pl\/index.php\/wp-json\/wp\/v2\/product_cat?post=1236"},{"taxonomy":"product_tag","embeddable":true,"href":"http:\/\/klubmamgdynia.pl\/index.php\/wp-json\/wp\/v2\/product_tag?post=1236"}],"curies":[{"name":"wp","href":"https:\/\/api.w.org\/{rel}","templated":true}]}}