{"id":12363,"date":"2013-10-22T07:35:19","date_gmt":"2013-10-22T05:35:19","guid":{"rendered":"http:\/\/klubmamgdynia.pl\/index.php\/produkt\/babyono-zabawka-edukacyjna-zawieszka-do-wozka-teddy-gardener\/"},"modified":"2026-04-23T08:12:15","modified_gmt":"2026-04-23T06:12:15","slug":"babyono-zabawka-edukacyjna-zawieszka-do-wozka-teddy-gardener","status":"publish","type":"product","link":"http:\/\/klubmamgdynia.pl\/index.php\/produkt\/babyono-zabawka-edukacyjna-zawieszka-do-wozka-teddy-gardener\/","title":{"rendered":"BABYONO Zabawka edukacyjna zawieszka do w\u00f3zka TEDDY GARDENER"},"content":{"rendered":"<p>Zabawka dla dziecka od urodzenia 0m+. Zabawka dla dzieci Babyono<\/p>\n<h2>BABYONO Zabawka edukacyjna zawieszka do w\u00f3zka TEDDY GARDENER BabyOno<\/h2>\n<p>quizy znaki drogowe, na wyspach bergamutach, zaproszenie do druku, traktor z przyczep\u0105 kolorowanka do druku, kolorowanka \u015bwi\u0105teczna do wydruku, zabawy z pi\u0142k\u0105 dla dzieci, quiz felix net i nika oraz gang niewidzialnych ludzi, lol surprise kolorowanki, imi\u0119 natan, cicha noc po angielsku, mapa europy do druku, jak narysowa\u0107 koty, julian imie, kolorowanki dla dzieci do druku<\/p>\n<p>yyyyy<\/p>\n<p>&nbsp;<\/p>\n","protected":false},"excerpt":{"rendered":"<p>Zabawka dla dziecka od urodzenia 0m+. Zabawka dla dzieci Babyono BABYONO Zabawka edukacyjna zawieszka do w\u00f3zka TEDDY GARDENER BabyOno quizy znaki drogowe, na wyspach bergamutach, zaproszenie do druku, traktor z przyczep\u0105 kolorowanka do druku, kolorowanka \u015bwi\u0105teczna do wydruku, zabawy z pi\u0142k\u0105 dla dzieci, quiz felix net i nika oraz gang niewidzialnych ludzi, lol surprise kolorowanki, [&hellip;]<\/p>\n","protected":false},"featured_media":12364,"comment_status":"closed","ping_status":"open","template":"","meta":[],"product_cat":[27,26],"product_tag":[870,760,604],"class_list":["post-12363","product","type-product","status-publish","has-post-thumbnail","hentry","product_cat-babyono","product_cat-zabawki-do-wozka-lozeczka-i-fotelika","product_tag-prezent-dla-chlopca-na-roczek","product_tag-zagadka-matematyczna","product_tag-zagadki-trudne"],"_links":{"self":[{"href":"http:\/\/klubmamgdynia.pl\/index.php\/wp-json\/wp\/v2\/product\/12363","targetHints":{"allow":["GET"]}}],"collection":[{"href":"http:\/\/klubmamgdynia.pl\/index.php\/wp-json\/wp\/v2\/product"}],"about":[{"href":"http:\/\/klubmamgdynia.pl\/index.php\/wp-json\/wp\/v2\/types\/product"}],"replies":[{"embeddable":true,"href":"http:\/\/klubmamgdynia.pl\/index.php\/wp-json\/wp\/v2\/comments?post=12363"}],"wp:featuredmedia":[{"embeddable":true,"href":"http:\/\/klubmamgdynia.pl\/index.php\/wp-json\/wp\/v2\/media\/12364"}],"wp:attachment":[{"href":"http:\/\/klubmamgdynia.pl\/index.php\/wp-json\/wp\/v2\/media?parent=12363"}],"wp:term":[{"taxonomy":"product_cat","embeddable":true,"href":"http:\/\/klubmamgdynia.pl\/index.php\/wp-json\/wp\/v2\/product_cat?post=12363"},{"taxonomy":"product_tag","embeddable":true,"href":"http:\/\/klubmamgdynia.pl\/index.php\/wp-json\/wp\/v2\/product_tag?post=12363"}],"curies":[{"name":"wp","href":"https:\/\/api.w.org\/{rel}","templated":true}]}}