{"id":1238,"date":"2025-02-05T21:46:48","date_gmt":"2025-02-05T20:46:48","guid":{"rendered":"http:\/\/klubmamgdynia.pl\/?post_type=product&#038;p=1238"},"modified":"2026-04-29T06:57:48","modified_gmt":"2026-04-29T04:57:48","slug":"micro-mini-deluxe-eco-hulajnoga-led-niebieska-mmd142","status":"publish","type":"product","link":"http:\/\/klubmamgdynia.pl\/index.php\/produkt\/micro-mini-deluxe-eco-hulajnoga-led-niebieska-mmd142\/","title":{"rendered":"Micro Mini Deluxe Eco Hulajnoga Led Niebieska Mmd142"},"content":{"rendered":"<p>Wyruszaj na szalon\u0105 przeja\u017cd\u017ck\u0119 na niebieskiej hulajnodze Mini Micro Deluxe LED MMD142. Wyj\u0105tkowy odcie\u0144 tego koloru sprawdzi si\u0119 na prezent dla ch\u0142opca. Model mo\u017cesz dodatkowo spersonalizowa\u0107 za pomoc\u0105 wybranych dodatk\u00f3w. Gdy pi\u0119kna pogoda za oknem, czas ruszy\u0107 w drog\u0119. Wsp\u00f3lnie z dzieckiem sp\u0119dzaj aktywnie czas na \u015bwie\u017cym powietrzu w trosce o jego prawid\u0142owy rozw\u00f3j. Przekonaj si\u0119 jak je\u017cd\u017cenie tr\u00f3jko\u0142owym pojazdem mo\u017ce by\u0107 proste i przyjemne. Z Mini Micro Deluxe ze \u015bwi\u0119c\u0105cymi k\u00f3\u0142kami najwi\u0119ksza g\u00f3rka, a nawet najd\u0142u\u017csza przeja\u017cd\u017cka nie jest straszna!Pe\u0142en opis produktu pojawi si\u0119 ju\u017c wkr\u00f3tce&#8230; Je\u015bli nie chcesz czeka\u0107 &#8211; skontaktuj si\u0119 z nami by uzyska\u0107 szczeg\u00f3\u0142owe informacje \ud83d\ude42 Zadzwo\u0144 pod numer 732850600 lub wy\u015blij wiadomo\u015b\u0107 na adres sklep@todler.pl<\/p>\n<h2>Micro Mini Deluxe Eco Hulajnoga Led Niebieska Mmd142 Micro<\/h2>\n<p>kolorowanki lego friends, s\u0142owa do przyjaciela, gda\u0144sk atrakcje dla m\u0142odzie\u017cy, jesienne zagadki, kolorowanki z bajek, znaki drogowe quizy, quiz flagi \u015bwiata, na roczek, malowanki do wydruku, natalia, historia pluszowego misia, czapka g\u00f3rnika szablon chomikuj, psi patrol kolorowanka do druku, z\u0142ote my\u015bli kubu\u015b puchatek cytaty, kolorowanka lol, kolorowanki spongebob, alina, zimowe zagadki dla dzieci, kolorowanki dla ch\u0142opc\u00f3w<\/p>\n<p>yyyyy<\/p>\n<p>&nbsp;<\/p>\n","protected":false},"excerpt":{"rendered":"<p>Wyruszaj na szalon\u0105 przeja\u017cd\u017ck\u0119 na niebieskiej hulajnodze Mini Micro Deluxe LED MMD142. Wyj\u0105tkowy odcie\u0144 tego koloru sprawdzi si\u0119 na prezent dla ch\u0142opca. Model mo\u017cesz dodatkowo spersonalizowa\u0107 za pomoc\u0105 wybranych dodatk\u00f3w. Gdy pi\u0119kna pogoda za oknem, czas ruszy\u0107 w drog\u0119. Wsp\u00f3lnie z dzieckiem sp\u0119dzaj aktywnie czas na \u015bwie\u017cym powietrzu w trosce o jego prawid\u0142owy rozw\u00f3j. Przekonaj [&hellip;]<\/p>\n","protected":false},"featured_media":1239,"comment_status":"closed","ping_status":"open","template":"","meta":[],"product_cat":[315,368],"product_tag":[848,692,840,659],"class_list":["post-1238","product","type-product","status-publish","has-post-thumbnail","hentry","product_cat-hulajnogi-dla-dzieci","product_cat-micro","product_tag-cytat-o-rodzinie","product_tag-prezenty-na-roczek","product_tag-stare-bajki","product_tag-tupu-tup-po-sniegu-tekst"],"_links":{"self":[{"href":"http:\/\/klubmamgdynia.pl\/index.php\/wp-json\/wp\/v2\/product\/1238","targetHints":{"allow":["GET"]}}],"collection":[{"href":"http:\/\/klubmamgdynia.pl\/index.php\/wp-json\/wp\/v2\/product"}],"about":[{"href":"http:\/\/klubmamgdynia.pl\/index.php\/wp-json\/wp\/v2\/types\/product"}],"replies":[{"embeddable":true,"href":"http:\/\/klubmamgdynia.pl\/index.php\/wp-json\/wp\/v2\/comments?post=1238"}],"wp:featuredmedia":[{"embeddable":true,"href":"http:\/\/klubmamgdynia.pl\/index.php\/wp-json\/wp\/v2\/media\/1239"}],"wp:attachment":[{"href":"http:\/\/klubmamgdynia.pl\/index.php\/wp-json\/wp\/v2\/media?parent=1238"}],"wp:term":[{"taxonomy":"product_cat","embeddable":true,"href":"http:\/\/klubmamgdynia.pl\/index.php\/wp-json\/wp\/v2\/product_cat?post=1238"},{"taxonomy":"product_tag","embeddable":true,"href":"http:\/\/klubmamgdynia.pl\/index.php\/wp-json\/wp\/v2\/product_tag?post=1238"}],"curies":[{"name":"wp","href":"https:\/\/api.w.org\/{rel}","templated":true}]}}