{"id":1240,"date":"2013-03-06T23:40:07","date_gmt":"2013-03-06T22:40:07","guid":{"rendered":"http:\/\/klubmamgdynia.pl\/index.php\/produkt\/secret-of-mana-digital\/"},"modified":"2026-05-17T22:20:24","modified_gmt":"2026-05-17T20:20:24","slug":"secret-of-mana-digital","status":"publish","type":"product","link":"http:\/\/klubmamgdynia.pl\/index.php\/produkt\/secret-of-mana-digital\/","title":{"rendered":"Secret Of Mana (Digital)"},"content":{"rendered":"<p>Secret of Mana is an action-adventure RPG developed by Square-Enix. The game is a full 3D remake to an original Secret of Mana game released back in 1993.The reshaped and revised game features the beautiful story already known to many, with modern 3D graphics, controls, newly developed musical score, new and original voiceovers for various in-game characters and more additional content!Whats more, now you can share the journey with your friends as theres an option to a three-player co-op mode!<\/p>\n<h2>Secret Of Mana (Digital) Square Enix<\/h2>\n<p>ciekawe miejsca w warszawie dla m\u0142odzie\u017cy, kolorowanki star wars, imie pola, zagadka, iwo imi\u0119, prezent dla nastolatk\u00f3w 2021, zagadki dla przedszkolak\u00f3w<\/p>\n<p>yyyyy<\/p>\n<p>&nbsp;<\/p>\n","protected":false},"excerpt":{"rendered":"<p>Secret of Mana is an action-adventure RPG developed by Square-Enix. The game is a full 3D remake to an original Secret of Mana game released back in 1993.The reshaped and revised game features the beautiful story already known to many, with modern 3D graphics, controls, newly developed musical score, new and original voiceovers for various [&hellip;]<\/p>\n","protected":false},"featured_media":1241,"comment_status":"closed","ping_status":"open","template":"","meta":[],"product_cat":[352,355],"product_tag":[664,622,818,665],"class_list":["post-1240","product","type-product","status-publish","has-post-thumbnail","hentry","product_cat-gry-do-pobrania-na-pc","product_cat-square-enix","product_tag-atrakcje-dla-dzieci-trojmiasto","product_tag-fajne-zagadki","product_tag-oliwier","product_tag-proste-zagadki"],"_links":{"self":[{"href":"http:\/\/klubmamgdynia.pl\/index.php\/wp-json\/wp\/v2\/product\/1240","targetHints":{"allow":["GET"]}}],"collection":[{"href":"http:\/\/klubmamgdynia.pl\/index.php\/wp-json\/wp\/v2\/product"}],"about":[{"href":"http:\/\/klubmamgdynia.pl\/index.php\/wp-json\/wp\/v2\/types\/product"}],"replies":[{"embeddable":true,"href":"http:\/\/klubmamgdynia.pl\/index.php\/wp-json\/wp\/v2\/comments?post=1240"}],"wp:featuredmedia":[{"embeddable":true,"href":"http:\/\/klubmamgdynia.pl\/index.php\/wp-json\/wp\/v2\/media\/1241"}],"wp:attachment":[{"href":"http:\/\/klubmamgdynia.pl\/index.php\/wp-json\/wp\/v2\/media?parent=1240"}],"wp:term":[{"taxonomy":"product_cat","embeddable":true,"href":"http:\/\/klubmamgdynia.pl\/index.php\/wp-json\/wp\/v2\/product_cat?post=1240"},{"taxonomy":"product_tag","embeddable":true,"href":"http:\/\/klubmamgdynia.pl\/index.php\/wp-json\/wp\/v2\/product_tag?post=1240"}],"curies":[{"name":"wp","href":"https:\/\/api.w.org\/{rel}","templated":true}]}}