{"id":1242,"date":"2018-02-06T07:41:56","date_gmt":"2018-02-06T06:41:56","guid":{"rendered":"http:\/\/klubmamgdynia.pl\/index.php\/produkt\/monster-hunter-generations-ultimate-gra-ns\/"},"modified":"2026-04-05T01:35:10","modified_gmt":"2026-04-04T23:35:10","slug":"monster-hunter-generations-ultimate-gra-ns","status":"publish","type":"product","link":"http:\/\/klubmamgdynia.pl\/index.php\/produkt\/monster-hunter-generations-ultimate-gra-ns\/","title":{"rendered":"Monster Hunter Generations Ultimate (Gra NS)"},"content":{"rendered":"<p>Monster Hunter Generations Ultimate jest rozszerzon\u0105 wersj\u0105 gry Monster Hunter Generations z 2015 roku i b\u0119dzie debiutem popularnej serii na konsolach Nintendo Switch. Gracze otrzymaj\u0105 mo\u017cliwo\u015b\u0107 grania zar\u00f3wno w trybie lokalnym, jak i wieloosobowym; z maksymalnie trzema innymi \u0142owcami \u2013 niezale\u017cnie od tego, czy graj\u0105 w domu na du\u017cym ekranie, czy gdziekolwiek indziej.\u00a0\u0141owcy zmierz\u0105 si\u0119 z najwi\u0119kszym do tej pory zestawieniem unikalnych bestii w tym nostalgicznym wspomnieniu pocz\u0105tk\u00f3w serii i jej kierunk\u00f3w rozwoju. Wciel si\u0119 w rol\u0119 odwa\u017cnego my\u015bliwego i we\u017a udzia\u0142 w tej pe\u0142nej adrenaliny przygodzie. Uko\u0144czenie quest\u00f3w przyniesie cenne zasoby do tworzenia licznej, r\u00f3\u017cnorodnej broni i sprz\u0119tu, kt\u00f3re oka\u017c\u0105 si\u0119 niezb\u0119dne w dalszych zmaganiach. Podczas swojej podr\u00f3\u017cy my\u015bliwy b\u0119dzie musia\u0142 broni\u0107 czterech g\u0142\u00f3wnych osad przed powa\u017cnymi zagro\u017ceniami ze strony tzw. &#8222;Fated Four&#8221; oraz jeszcze bardziej niebezpiecznego nowego monstrum \u2013 Elder Dragon.                            <\/p>\n<p>Monster Hunter Generations Ultimate cechuje si\u0119 mieszank\u0105 klasycznej, charakterystycznej dla serii rozgrywki oraz ca\u0142kowicie nowych twist\u00f3w \u2013 w r\u0119ce graczy zostan\u0105 oddane ca\u0142kiem nowe obszary do eksploracji, jak i pot\u0119\u017cne potwory do pokonania, w tym powr\u00f3t ulubionych przez fan\u00f3w monstr\u00f3w: p\u0119dz\u0105cej niczym b\u0142yskawica wywerny Zingore czy d\u0142ugoogoniastej Nargacugi. Wydanie wprowadzi r\u00f3wnie\u017c nowy poziom misji o nazwie &#8222;G&#8221;, kt\u00f3ry zawiera jeszcze gro\u017aniejsze wersje znanych potwor\u00f3w, testuj\u0105c umiej\u0119tno\u015bci nawet najbardziej do\u015bwiadczonych my\u015bliwych.\u00a0Dla nowych graczy rozgrywka b\u0119dzie oferowa\u0142a wiele mocnych super-atak\u00f3w, zwanych Hunter Arts, kt\u00f3re mog\u0105 by\u0107 wykonane za pomoc\u0105 szybkiego dotkni\u0119cia ekranu konsoli. Gracze b\u0119d\u0105 mogli eksperymentowa\u0107 i wybiera\u0107 spo\u015br\u00f3d sze\u015bciu r\u00f3\u017cnych styl\u00f3w \u0142owieckich, w tym dw\u00f3ch nowych: Brave Style, nagradzaj\u0105cy graczy nowymi ruchami za wyprowadzanie atak\u00f3w zako\u0144czonych sukcesem, oraz Alchemy Style \u2013 wspomagaj\u0105cy styl umo\u017cliwiaj\u0105cy tworzenie przydatnych przedmiot\u00f3w podczas walki. My\u015bliwi s\u0105 zach\u0119cani do ci\u0105g\u0142ej eksploracji \u015bwiata oraz zdobywania do\u015bwiadczenia, aby odkry\u0107 sw\u00f3j osobisty styl gry.\u00a0Gracze, posiadaj\u0105cy gr\u0119 Monster Hunter Generations na Nintendo 3DS, mog\u0105 przenie\u015b\u0107 zapis gry i kontynuowa\u0107 swoj\u0105 przygod\u0119 w Monster Hunter Generations Ultimate.<\/p>\n<h2>Monster Hunter Generations Ultimate (Gra NS) Capcom<\/h2>\n<p>gabriel imie, bajka o smoku wawelskim, piesek kolorowanka, pia, quizy o koniach<\/p>\n<p>yyyyy<\/p>\n<p>&nbsp;<\/p>\n","protected":false},"excerpt":{"rendered":"<p>Monster Hunter Generations Ultimate jest rozszerzon\u0105 wersj\u0105 gry Monster Hunter Generations z 2015 roku i b\u0119dzie debiutem popularnej serii na konsolach Nintendo Switch. Gracze otrzymaj\u0105 mo\u017cliwo\u015b\u0107 grania zar\u00f3wno w trybie lokalnym, jak i wieloosobowym; z maksymalnie trzema innymi \u0142owcami \u2013 niezale\u017cnie od tego, czy graj\u0105 w domu na du\u017cym ekranie, czy gdziekolwiek indziej.\u00a0\u0141owcy zmierz\u0105 si\u0119 [&hellip;]<\/p>\n","protected":false},"featured_media":1243,"comment_status":"closed","ping_status":"open","template":"","meta":[],"product_cat":[369,348],"product_tag":[825,768,769,733,701],"class_list":["post-1242","product","type-product","status-publish","has-post-thumbnail","hentry","product_cat-capcom","product_cat-gry-nintendo-switch","product_tag-bajka-na-dobranoc-do-czytania","product_tag-krotkie-zagadki-logiczne","product_tag-psi-patrol-do-czytania","product_tag-zarty-na-prima-aprilis","product_tag-zgadywanki-dla-dzieci"],"_links":{"self":[{"href":"http:\/\/klubmamgdynia.pl\/index.php\/wp-json\/wp\/v2\/product\/1242","targetHints":{"allow":["GET"]}}],"collection":[{"href":"http:\/\/klubmamgdynia.pl\/index.php\/wp-json\/wp\/v2\/product"}],"about":[{"href":"http:\/\/klubmamgdynia.pl\/index.php\/wp-json\/wp\/v2\/types\/product"}],"replies":[{"embeddable":true,"href":"http:\/\/klubmamgdynia.pl\/index.php\/wp-json\/wp\/v2\/comments?post=1242"}],"wp:featuredmedia":[{"embeddable":true,"href":"http:\/\/klubmamgdynia.pl\/index.php\/wp-json\/wp\/v2\/media\/1243"}],"wp:attachment":[{"href":"http:\/\/klubmamgdynia.pl\/index.php\/wp-json\/wp\/v2\/media?parent=1242"}],"wp:term":[{"taxonomy":"product_cat","embeddable":true,"href":"http:\/\/klubmamgdynia.pl\/index.php\/wp-json\/wp\/v2\/product_cat?post=1242"},{"taxonomy":"product_tag","embeddable":true,"href":"http:\/\/klubmamgdynia.pl\/index.php\/wp-json\/wp\/v2\/product_tag?post=1242"}],"curies":[{"name":"wp","href":"https:\/\/api.w.org\/{rel}","templated":true}]}}