{"id":1244,"date":"2017-10-20T13:47:08","date_gmt":"2017-10-20T11:47:08","guid":{"rendered":"http:\/\/klubmamgdynia.pl\/index.php\/produkt\/baby-ono-podklady-higieniczne-do-przewijania-40x60cm-3x10szt\/"},"modified":"2026-04-07T10:39:08","modified_gmt":"2026-04-07T08:39:08","slug":"baby-ono-podklady-higieniczne-do-przewijania-40x60cm-3x10szt","status":"publish","type":"product","link":"http:\/\/klubmamgdynia.pl\/index.php\/produkt\/baby-ono-podklady-higieniczne-do-przewijania-40x60cm-3x10szt\/","title":{"rendered":"Baby Ono Podk\u0142ady Higieniczne Do Przewijania 40X60Cm 3X10Szt."},"content":{"rendered":"<p>Baby Ono, podk\u0142ady higieniczne do przewijania, to funkcjonalne podk\u0142ady o wymiarach 40 x 60 cm, posiadaj\u0105ce ochronn\u0105 warstw\u0119 nieprzemakaln\u0105, cztery paki samoprzylepne zapobiegaj\u0105ce przesuwaniu si\u0119 podk\u0142adu oraz such\u0105, oddychaj\u0105c\u0105 warstw\u0119 wierzchni\u0105. Dodatkow\u0105 zalet\u0105 jest superabsorbent, kt\u00f3ry odpowiada za ich ch\u0142onno\u015b\u0107 oraz neutralizuje nieprzyjemne zapachy.Sprawdz\u0105 si\u0119 podczas przewijania niemowl\u0105t, jak r\u00f3wnie\u017c w okresie po\u0142ogu.Szczeg\u00f3\u0142owe informacje znajduj\u0105 si\u0119 w karcie produktu powy\u017cej.<\/p>\n<h2>Baby Ono Podk\u0142ady Higieniczne Do Przewijania 40X60Cm 3X10Szt. <\/h2>\n<p>quizy o minecraft, opowiadanie o jesieni dla dzieci, filmy na \u015bwi\u0119ta bo\u017cego narodzenia, mi\u0142osz imi\u0119, kr\u00f3tkie bajki do czytania, andrea, bajka do czytania, cytaty o rodzinie, ka\u0142u\u017cy\u015bci, prezent roczek, bajki na dobranoc do czytania<\/p>\n<p>yyyyy<\/p>\n<p>&nbsp;<\/p>\n","protected":false},"excerpt":{"rendered":"<p>Baby Ono, podk\u0142ady higieniczne do przewijania, to funkcjonalne podk\u0142ady o wymiarach 40 x 60 cm, posiadaj\u0105ce ochronn\u0105 warstw\u0119 nieprzemakaln\u0105, cztery paki samoprzylepne zapobiegaj\u0105ce przesuwaniu si\u0119 podk\u0142adu oraz such\u0105, oddychaj\u0105c\u0105 warstw\u0119 wierzchni\u0105. Dodatkow\u0105 zalet\u0105 jest superabsorbent, kt\u00f3ry odpowiada za ich ch\u0142onno\u015b\u0107 oraz neutralizuje nieprzyjemne zapachy.Sprawdz\u0105 si\u0119 podczas przewijania niemowl\u0105t, jak r\u00f3wnie\u017c w okresie po\u0142ogu.Szczeg\u00f3\u0142owe informacje znajduj\u0105 [&hellip;]<\/p>\n","protected":false},"featured_media":1245,"comment_status":"closed","ping_status":"open","template":"","meta":[],"product_cat":[370],"product_tag":[590,678,579,804,820],"class_list":["post-1244","product","type-product","status-publish","has-post-thumbnail","hentry","product_cat-podklady-higieniczne","product_tag-plac-zabaw-warszawa","product_tag-prezent-na-roczek-dla-dziewczynki","product_tag-quiz-opowiesci-z-narnii-lew-czarownica-i-stara-szafa","product_tag-ryz-z-owocami","product_tag-ziemia-wyspa-zielona-tekst"],"_links":{"self":[{"href":"http:\/\/klubmamgdynia.pl\/index.php\/wp-json\/wp\/v2\/product\/1244","targetHints":{"allow":["GET"]}}],"collection":[{"href":"http:\/\/klubmamgdynia.pl\/index.php\/wp-json\/wp\/v2\/product"}],"about":[{"href":"http:\/\/klubmamgdynia.pl\/index.php\/wp-json\/wp\/v2\/types\/product"}],"replies":[{"embeddable":true,"href":"http:\/\/klubmamgdynia.pl\/index.php\/wp-json\/wp\/v2\/comments?post=1244"}],"wp:featuredmedia":[{"embeddable":true,"href":"http:\/\/klubmamgdynia.pl\/index.php\/wp-json\/wp\/v2\/media\/1245"}],"wp:attachment":[{"href":"http:\/\/klubmamgdynia.pl\/index.php\/wp-json\/wp\/v2\/media?parent=1244"}],"wp:term":[{"taxonomy":"product_cat","embeddable":true,"href":"http:\/\/klubmamgdynia.pl\/index.php\/wp-json\/wp\/v2\/product_cat?post=1244"},{"taxonomy":"product_tag","embeddable":true,"href":"http:\/\/klubmamgdynia.pl\/index.php\/wp-json\/wp\/v2\/product_tag?post=1244"}],"curies":[{"name":"wp","href":"https:\/\/api.w.org\/{rel}","templated":true}]}}