{"id":1246,"date":"2014-01-27T21:16:17","date_gmt":"2014-01-27T20:16:17","guid":{"rendered":"http:\/\/klubmamgdynia.pl\/index.php\/produkt\/chicco-podklady-poporodowe-30-szt\/"},"modified":"2026-04-03T12:21:54","modified_gmt":"2026-04-03T10:21:54","slug":"chicco-podklady-poporodowe-30-szt","status":"publish","type":"product","link":"http:\/\/klubmamgdynia.pl\/index.php\/produkt\/chicco-podklady-poporodowe-30-szt\/","title":{"rendered":"Chicco Podk\u0142ady Poporodowe 30 Szt"},"content":{"rendered":"<p>CHICCO Podk\u0142ady poporodowe30 szt.Opis:Poporodowe podk\u0142ady Chicco zosta\u0142y specjalnie przeznaczone na okres poporodzie, s\u0105 wyj\u0105tkowo d\u0142ugie i szerokie, aby zapewni\u0107maksymaln\u0105 ochron\u0119. 3 warstwy zapewniaj\u0105 jeszcze lepszew\u0142a\u015bciwo\u015bci ch\u0142onne oraz komfort noszenia. Mo\u017cna ich u\u017cywa\u0107 wrazz jednorazowymi majtkami poporodowymi.<\/p>\n<h2>Chicco Podk\u0142ady Poporodowe 30 Szt Chicco<\/h2>\n<p>ubieranki do druku, \u015bwinka peppa dom, zabawy z pi\u0142k\u0105 dla dzieci, co oznacza nazwa jordan, quiz o samochodach, gdzie strumyk p\u0142ynie z wolna tekst, jak si\u0119 rysuje psa, estera, oryginalny prezent dla nastolatk\u00f3w, bajki dla niemowl\u0105t do czytania, test asiunia joanna papuzi\u0144ska, lidia imie, zabawy dla 7 latka, kolorowanki wakacje<\/p>\n<p>yyyyy<\/p>\n<p>&nbsp;<\/p>\n","protected":false},"excerpt":{"rendered":"<p>CHICCO Podk\u0142ady poporodowe30 szt.Opis:Poporodowe podk\u0142ady Chicco zosta\u0142y specjalnie przeznaczone na okres poporodzie, s\u0105 wyj\u0105tkowo d\u0142ugie i szerokie, aby zapewni\u0107maksymaln\u0105 ochron\u0119. 3 warstwy zapewniaj\u0105 jeszcze lepszew\u0142a\u015bciwo\u015bci ch\u0142onne oraz komfort noszenia. Mo\u017cna ich u\u017cywa\u0107 wrazz jednorazowymi majtkami poporodowymi. Chicco Podk\u0142ady Poporodowe 30 Szt Chicco ubieranki do druku, \u015bwinka peppa dom, zabawy z pi\u0142k\u0105 dla dzieci, co oznacza [&hellip;]<\/p>\n","protected":false},"featured_media":1247,"comment_status":"closed","ping_status":"open","template":"","meta":[],"product_cat":[312,370],"product_tag":[664,610,673,778,873,607],"class_list":["post-1246","product","type-product","status-publish","has-post-thumbnail","hentry","product_cat-chicco","product_cat-podklady-higieniczne","product_tag-atrakcje-dla-dzieci-trojmiasto","product_tag-co-na-prezent-dla-nastolatkow","product_tag-juz-blisko-koleda-tekst","product_tag-zabawki-na-roczek-dla-chlopca","product_tag-zagadki-z-odpowiedziami-dla-dzieci","product_tag-zarty-na-prima-aprilis-dla-rodzicow"],"_links":{"self":[{"href":"http:\/\/klubmamgdynia.pl\/index.php\/wp-json\/wp\/v2\/product\/1246","targetHints":{"allow":["GET"]}}],"collection":[{"href":"http:\/\/klubmamgdynia.pl\/index.php\/wp-json\/wp\/v2\/product"}],"about":[{"href":"http:\/\/klubmamgdynia.pl\/index.php\/wp-json\/wp\/v2\/types\/product"}],"replies":[{"embeddable":true,"href":"http:\/\/klubmamgdynia.pl\/index.php\/wp-json\/wp\/v2\/comments?post=1246"}],"wp:featuredmedia":[{"embeddable":true,"href":"http:\/\/klubmamgdynia.pl\/index.php\/wp-json\/wp\/v2\/media\/1247"}],"wp:attachment":[{"href":"http:\/\/klubmamgdynia.pl\/index.php\/wp-json\/wp\/v2\/media?parent=1246"}],"wp:term":[{"taxonomy":"product_cat","embeddable":true,"href":"http:\/\/klubmamgdynia.pl\/index.php\/wp-json\/wp\/v2\/product_cat?post=1246"},{"taxonomy":"product_tag","embeddable":true,"href":"http:\/\/klubmamgdynia.pl\/index.php\/wp-json\/wp\/v2\/product_tag?post=1246"}],"curies":[{"name":"wp","href":"https:\/\/api.w.org\/{rel}","templated":true}]}}