{"id":1248,"date":"2017-06-08T04:27:53","date_gmt":"2017-06-08T02:27:53","guid":{"rendered":"http:\/\/klubmamgdynia.pl\/index.php\/produkt\/little-tikes-tb-303-domekzjezdzalnia-3w1\/"},"modified":"2026-04-29T06:06:26","modified_gmt":"2026-04-29T04:06:26","slug":"little-tikes-tb-303-domekzjezdzalnia-3w1","status":"publish","type":"product","link":"http:\/\/klubmamgdynia.pl\/index.php\/produkt\/little-tikes-tb-303-domekzjezdzalnia-3w1\/","title":{"rendered":"Little Tikes Tb-303 Domek+Zje\u017cd\u017calnia 3W1"},"content":{"rendered":"<p>DOM Z PRZEDSIONKIEM I ZJE\u017bD\u017bALNI\u0104 3 w 1. Wymiary DOMKU: &#8211; wysoko\u015b\u0107 117cm, &#8211; szeroko\u015b\u0107 \u015bciany bocznej 98 cm, &#8211; szeroko\u015b\u0107 dachu 108 cm, &#8211; ca\u0142kowita d\u0142ugo\u015b\u0107 domku 184 cm, &#8211; szeroko\u015b\u0107 wej\u015bcia z drzwiami 50 cm, &#8211; wysoko\u015b\u0107 w miejscu wej\u015bcia 97 cm, &#8211; wysoko\u015b\u0107 \u015bcianek bocznych 51 cm, &#8211; okna 50 x 40 cm, &#8211; przedsionek 70 x 95 cm. Wymiary ZJE\u017bD\u017bALNI: &#8211; wysoko\u015b\u0107 63 cm, &#8211; d\u0142ugo\u015b\u0107 \u015blizgu 130 cm, &#8211; szeroko\u015b\u0107 36 cm. Zje\u017cd\u017calni\u0119 mo\u017cna ustawi\u0107 i przymocowa\u0107 na dowolnej \u015bciance domku jak i przedsionka. Bardzo wysoka jako\u015b\u0107 wykonania zabawki zapewni Twojemu dziecku bezpieczn\u0105 zabaw\u0119. Dach domu bez przeszk\u00f3d wytrzymuje wymy\u015blne zabawy naszych pociech. Dzieci pokochaj\u0105 ten bajkowy domek z przestronnym wn\u0119trzem zaopatrzony w przedsionek i zje\u017cd\u017calni\u0119. DOM posiada otwierane drzwi. Domek wy\u015bmienicie nadaje si\u0119 do zabawy zar\u00f3wno w pomieszczeniu zamkni\u0119tym (pok\u00f3j dzieci\u0119cy) jak i w ogrodzie lub na pla\u017cy.<\/p>\n<h2>Little Tikes Tb-303 Domek+Zje\u017cd\u017calnia 3W1 Little Tikes<\/h2>\n<p>jaki prezent na roczek dla ch\u0142opca, kondrad imie, imie nadia, jak zrobi\u0107 wulkan<\/p>\n<p>yyyyy<\/p>\n<p>&nbsp;<\/p>\n","protected":false},"excerpt":{"rendered":"<p>DOM Z PRZEDSIONKIEM I ZJE\u017bD\u017bALNI\u0104 3 w 1. Wymiary DOMKU: &#8211; wysoko\u015b\u0107 117cm, &#8211; szeroko\u015b\u0107 \u015bciany bocznej 98 cm, &#8211; szeroko\u015b\u0107 dachu 108 cm, &#8211; ca\u0142kowita d\u0142ugo\u015b\u0107 domku 184 cm, &#8211; szeroko\u015b\u0107 wej\u015bcia z drzwiami 50 cm, &#8211; wysoko\u015b\u0107 w miejscu wej\u015bcia 97 cm, &#8211; wysoko\u015b\u0107 \u015bcianek bocznych 51 cm, &#8211; okna 50 x 40 [&hellip;]<\/p>\n","protected":false},"featured_media":1249,"comment_status":"closed","ping_status":"open","template":"","meta":[],"product_cat":[282,317],"product_tag":[593,758,774,841],"class_list":["post-1248","product","type-product","status-publish","has-post-thumbnail","hentry","product_cat-domki-i-namioty-dla-dzieci","product_cat-little-tikes","product_tag-jak-narysowac-konia","product_tag-julian","product_tag-prezent-na-roczek-nie-zabawka","product_tag-quiz-o-flagach"],"_links":{"self":[{"href":"http:\/\/klubmamgdynia.pl\/index.php\/wp-json\/wp\/v2\/product\/1248","targetHints":{"allow":["GET"]}}],"collection":[{"href":"http:\/\/klubmamgdynia.pl\/index.php\/wp-json\/wp\/v2\/product"}],"about":[{"href":"http:\/\/klubmamgdynia.pl\/index.php\/wp-json\/wp\/v2\/types\/product"}],"replies":[{"embeddable":true,"href":"http:\/\/klubmamgdynia.pl\/index.php\/wp-json\/wp\/v2\/comments?post=1248"}],"wp:featuredmedia":[{"embeddable":true,"href":"http:\/\/klubmamgdynia.pl\/index.php\/wp-json\/wp\/v2\/media\/1249"}],"wp:attachment":[{"href":"http:\/\/klubmamgdynia.pl\/index.php\/wp-json\/wp\/v2\/media?parent=1248"}],"wp:term":[{"taxonomy":"product_cat","embeddable":true,"href":"http:\/\/klubmamgdynia.pl\/index.php\/wp-json\/wp\/v2\/product_cat?post=1248"},{"taxonomy":"product_tag","embeddable":true,"href":"http:\/\/klubmamgdynia.pl\/index.php\/wp-json\/wp\/v2\/product_tag?post=1248"}],"curies":[{"name":"wp","href":"https:\/\/api.w.org\/{rel}","templated":true}]}}