{"id":1250,"date":"2012-03-12T13:42:33","date_gmt":"2012-03-12T12:42:33","guid":{"rendered":"http:\/\/klubmamgdynia.pl\/index.php\/produkt\/simba-masza-lalka-z-sukienkami-i-melodia-30cm-09301082\/"},"modified":"2026-04-03T14:47:38","modified_gmt":"2026-04-03T12:47:38","slug":"simba-masza-lalka-z-sukienkami-i-melodia-30cm-09301082","status":"publish","type":"product","link":"http:\/\/klubmamgdynia.pl\/index.php\/produkt\/simba-masza-lalka-z-sukienkami-i-melodia-30cm-09301082\/","title":{"rendered":"Simba Masza Lalka z sukienkami i melodia 30cm 09301082"},"content":{"rendered":"<p>Przebierz swoj\u0105 Masz\u0119 za pomoc\u0105 do\u0142\u0105czonych stroj\u00f3w i akcesori\u00f3w! Zmieniaj\u0105c jej str\u00f3j, naci\u015bnij jej brzuszek, by us\u0142ysze\u0107 przyjemn\u0105 melodi\u0119. Zestaw zawiera 30 centymetrow\u0105 lalk\u0119 Maszy, dwie sukienki na zmian\u0119, gumki do w\u0142os\u00f3w oraz szczotk\u0119 do czesania.<\/p>\n<h2>Simba Masza Lalka z sukienkami i melodia 30cm 09301082 Simba<\/h2>\n<p>test z lektury asiunia, kolorowanki minecraft, bajka o emocjach, gwiazda do wydruku, kr\u00f3tkie zagadki dla dzieci, bajki z misiami, warszawa atrakcje dla m\u0142odzie\u017cy, cookie dough przepis, liwia znaczenie imienia<\/p>\n<p>yyyyy<\/p>\n<p>&nbsp;<\/p>\n","protected":false},"excerpt":{"rendered":"<p>Przebierz swoj\u0105 Masz\u0119 za pomoc\u0105 do\u0142\u0105czonych stroj\u00f3w i akcesori\u00f3w! Zmieniaj\u0105c jej str\u00f3j, naci\u015bnij jej brzuszek, by us\u0142ysze\u0107 przyjemn\u0105 melodi\u0119. Zestaw zawiera 30 centymetrow\u0105 lalk\u0119 Maszy, dwie sukienki na zmian\u0119, gumki do w\u0142os\u00f3w oraz szczotk\u0119 do czesania. Simba Masza Lalka z sukienkami i melodia 30cm 09301082 Simba test z lektury asiunia, kolorowanki minecraft, bajka o emocjach, [&hellip;]<\/p>\n","protected":false},"featured_media":1251,"comment_status":"closed","ping_status":"open","template":"","meta":[],"product_cat":[65,279],"product_tag":[685,585,778],"class_list":["post-1250","product","type-product","status-publish","has-post-thumbnail","hentry","product_cat-lalki","product_cat-simba","product_tag-cytaty-o-rodzinie","product_tag-kolorowanki-dla-chlopcow","product_tag-zabawki-na-roczek-dla-chlopca"],"_links":{"self":[{"href":"http:\/\/klubmamgdynia.pl\/index.php\/wp-json\/wp\/v2\/product\/1250","targetHints":{"allow":["GET"]}}],"collection":[{"href":"http:\/\/klubmamgdynia.pl\/index.php\/wp-json\/wp\/v2\/product"}],"about":[{"href":"http:\/\/klubmamgdynia.pl\/index.php\/wp-json\/wp\/v2\/types\/product"}],"replies":[{"embeddable":true,"href":"http:\/\/klubmamgdynia.pl\/index.php\/wp-json\/wp\/v2\/comments?post=1250"}],"wp:featuredmedia":[{"embeddable":true,"href":"http:\/\/klubmamgdynia.pl\/index.php\/wp-json\/wp\/v2\/media\/1251"}],"wp:attachment":[{"href":"http:\/\/klubmamgdynia.pl\/index.php\/wp-json\/wp\/v2\/media?parent=1250"}],"wp:term":[{"taxonomy":"product_cat","embeddable":true,"href":"http:\/\/klubmamgdynia.pl\/index.php\/wp-json\/wp\/v2\/product_cat?post=1250"},{"taxonomy":"product_tag","embeddable":true,"href":"http:\/\/klubmamgdynia.pl\/index.php\/wp-json\/wp\/v2\/product_tag?post=1250"}],"curies":[{"name":"wp","href":"https:\/\/api.w.org\/{rel}","templated":true}]}}