{"id":1252,"date":"2012-06-07T23:43:45","date_gmt":"2012-06-07T21:43:45","guid":{"rendered":"http:\/\/klubmamgdynia.pl\/index.php\/produkt\/viking-toys-jumbo-ambulans-z-figurkami-1257\/"},"modified":"2026-04-07T12:42:02","modified_gmt":"2026-04-07T10:42:02","slug":"viking-toys-jumbo-ambulans-z-figurkami-1257","status":"publish","type":"product","link":"http:\/\/klubmamgdynia.pl\/index.php\/produkt\/viking-toys-jumbo-ambulans-z-figurkami-1257\/","title":{"rendered":"Viking Toys Jumbo Ambulans Z Figurkami (1257)"},"content":{"rendered":"<p>Producent: VIKINGTOYSPole\u0107 produktZadaj pytanieDodaj do por\u00f3wnaniaZadaj pytanieCena:Cena netto:Za punktyDost\u0119pno\u015b\u0107Dost\u0119pne szt.Wysy\u0142kaKoszt dostawyWi\u0119cej o wysy\u0142ceRozmiar:wybierzuniwersalnySprzedawane po1szt. Do koszykaszt. ()Ilo\u015b\u0107Kup za punktyNIE DA SIEPE\u0141EN OPISProducent: VIKINGTOYS<\/p>\n<h2>Viking Toys Jumbo Ambulans Z Figurkami (1257) Viking Toys<\/h2>\n<p>piosenka przyjed\u017a do nas miko\u0142aju, wieliczka bon turystyczny, konkurencje sportowe dla dzieci, ko\u0142ysanki dla dzieci tekst, zagadki zimowe dla dzieci<\/p>\n<p>yyyyy<\/p>\n<p>&nbsp;<\/p>\n","protected":false},"excerpt":{"rendered":"<p>Producent: VIKINGTOYSPole\u0107 produktZadaj pytanieDodaj do por\u00f3wnaniaZadaj pytanieCena:Cena netto:Za punktyDost\u0119pno\u015b\u0107Dost\u0119pne szt.Wysy\u0142kaKoszt dostawyWi\u0119cej o wysy\u0142ceRozmiar:wybierzuniwersalnySprzedawane po1szt. Do koszykaszt. ()Ilo\u015b\u0107Kup za punktyNIE DA SIEPE\u0141EN OPISProducent: VIKINGTOYS Viking Toys Jumbo Ambulans Z Figurkami (1257) Viking Toys piosenka przyjed\u017a do nas miko\u0142aju, wieliczka bon turystyczny, konkurencje sportowe dla dzieci, ko\u0142ysanki dla dzieci tekst, zagadki zimowe dla dzieci yyyyy &nbsp;<\/p>\n","protected":false},"featured_media":1253,"comment_status":"closed","ping_status":"open","template":"","meta":[],"product_cat":[83,359],"product_tag":[758,594,602,794],"class_list":["post-1252","product","type-product","status-publish","has-post-thumbnail","hentry","product_cat-auta-i-inne-pojazdy-do-zabawy","product_cat-viking-toys","product_tag-julian","product_tag-podchwytliwe-zagadki-dla-dzieci","product_tag-quiz-o-zwierzetach-domowych","product_tag-test-opowiesci-z-narnii-lew-czarownica-i-stara-szafa-do-druku"],"_links":{"self":[{"href":"http:\/\/klubmamgdynia.pl\/index.php\/wp-json\/wp\/v2\/product\/1252","targetHints":{"allow":["GET"]}}],"collection":[{"href":"http:\/\/klubmamgdynia.pl\/index.php\/wp-json\/wp\/v2\/product"}],"about":[{"href":"http:\/\/klubmamgdynia.pl\/index.php\/wp-json\/wp\/v2\/types\/product"}],"replies":[{"embeddable":true,"href":"http:\/\/klubmamgdynia.pl\/index.php\/wp-json\/wp\/v2\/comments?post=1252"}],"wp:featuredmedia":[{"embeddable":true,"href":"http:\/\/klubmamgdynia.pl\/index.php\/wp-json\/wp\/v2\/media\/1253"}],"wp:attachment":[{"href":"http:\/\/klubmamgdynia.pl\/index.php\/wp-json\/wp\/v2\/media?parent=1252"}],"wp:term":[{"taxonomy":"product_cat","embeddable":true,"href":"http:\/\/klubmamgdynia.pl\/index.php\/wp-json\/wp\/v2\/product_cat?post=1252"},{"taxonomy":"product_tag","embeddable":true,"href":"http:\/\/klubmamgdynia.pl\/index.php\/wp-json\/wp\/v2\/product_tag?post=1252"}],"curies":[{"name":"wp","href":"https:\/\/api.w.org\/{rel}","templated":true}]}}